{"id":36863,"date":"2026-02-15T18:53:29","date_gmt":"2026-02-15T17:53:29","guid":{"rendered":"https:\/\/www.monello.hu\/?post_type=product&#038;p=36863"},"modified":"2026-04-20T13:14:54","modified_gmt":"2026-04-20T11:14:54","slug":"monello-mama-fejpant","status":"publish","type":"product","link":"https:\/\/www.monello.hu\/en\/shop\/monello-mama-fejpant\/","title":{"rendered":"MONELLO Mama Fejp\u00e1nt \/ F\u00fclmeleg\u00edt\u0151"},"content":{"rendered":"<div class=\"woocommerce-product-details__short-description\">\n<p>Pihe-puha, praktikus kieg\u00e9sz\u00edt\u0151je a T\u00e9li \u00e9s Softshell Babameleg\u00edt\u0151 Kiscsillagoknak ez a Monello baba sapka.<\/p>\n<p>K\u00f6nny\u0171 feladni \u00e9s levenni.<\/p>\n<p>3 sz\u00ednben, latte, c\u00e1pasz\u00fcrke \u00e9s rose<\/p>\n<p>3 M\u00e9retben k\u00e9sz\u00edtj\u00fck:<\/p>\n<ul>\n<li>0-6 h\u00f3napos korig<\/li>\n<li>6-18 h\u00f3napos korig<\/li>\n<li>18-36 h\u00f3napos korig<\/li>\n<\/ul>\n<p>Sz\u00e1ll\u00edt\u00e1s 1-3 munkanap.<\/p>\n<\/div>","protected":false},"excerpt":{"rendered":"<p>V\u00e9gre a Monello Mamiknak is lehet saj\u00e1t Monelloja.<\/p>\n<p>A Monello Fejp\u00e1nt f\u00fclemeleg\u00edt\u0151 is egyben. Finom, puha k\u00f6t\u00f6tt anyagb\u00f3l k\u00e9sz\u00edtj\u00fck sok &#8211; sok szeretettel.<\/p>\n<p>Rose, latte \u00e9s c\u00e1pasz\u00fcrke\u00a0 sz\u00ednben rendelhet\u0151.<\/p>\n<p>Egyel\u0151re csak feln\u0151tt m\u00e9retben: 9*20cm, fejm\u00e9retre rugalmasan ny\u00falik<\/p>\n<p>Sz\u00e1ll\u00edt\u00e1s 1-3 munkanap.<\/p>","protected":false},"featured_media":36862,"template":"","meta":[],"product_brand":[],"product_cat":[528],"product_tag":[85,529,120,117,87,319,530,531,97,395,82],"class_list":{"0":"post-36863","1":"product","2":"type-product","3":"status-publish","4":"has-post-thumbnail","6":"product_cat-monello-mama-fejpant","7":"product_tag-capaszurke","8":"product_tag-fejpant","9":"product_tag-fius","10":"product_tag-lanyos","11":"product_tag-latte","12":"product_tag-mama-ajandek","13":"product_tag-mama-fejpant","14":"product_tag-mama-fulmelegito","15":"product_tag-pihepuha","16":"product_tag-rose","17":"product_tag-unisex","19":"first","20":"instock","21":"featured","22":"taxable","23":"shipping-taxable","24":"purchasable","25":"product-type-variable"},"yoast_head":"<!-- This site is optimized with the Yoast SEO plugin v27.3 - https:\/\/yoast.com\/product\/yoast-seo-wordpress\/ -->\n<title>MONELLO Mama Fejp\u00e1nt \/ F\u00fclmeleg\u00edt\u0151 - Monello baby&amp;more<\/title>\n<meta name=\"description\" content=\"Monello mama fejp\u00e1nt \u00e9s f\u00fclemeleg\u00edt\u0151, v\u00e9gre a Monello Mamiknak is van saj\u00e1t monelloja, puha, k\u00f6t\u00f6tt meleg anyag, rose, latte, c\u00e1pasz\u00fcrke\" \/>\n<meta name=\"robots\" content=\"index, follow, max-snippet:-1, max-image-preview:large, max-video-preview:-1\" \/>\n<link rel=\"canonical\" href=\"https:\/\/www.monello.hu\/en\/shop\/monello-mama-fejpant\/\" \/>\n<meta property=\"og:locale\" content=\"en_GB\" \/>\n<meta property=\"og:type\" content=\"article\" \/>\n<meta property=\"og:title\" content=\"MONELLO Mama Fejp\u00e1nt \/ F\u00fclmeleg\u00edt\u0151 - Monello baby&amp;more\" \/>\n<meta property=\"og:description\" content=\"Monello mama fejp\u00e1nt \u00e9s f\u00fclemeleg\u00edt\u0151, v\u00e9gre a Monello Mamiknak is van saj\u00e1t monelloja, puha, k\u00f6t\u00f6tt meleg anyag, rose, latte, c\u00e1pasz\u00fcrke\" \/>\n<meta property=\"og:url\" content=\"https:\/\/www.monello.hu\/en\/shop\/monello-mama-fejpant\/\" \/>\n<meta property=\"og:site_name\" content=\"Monello baby&amp;more\" \/>\n<meta property=\"article:publisher\" content=\"https:\/\/www.facebook.com\/monellobabyandmore\/\" \/>\n<meta property=\"article:modified_time\" content=\"2026-04-20T11:14:54+00:00\" \/>\n<meta property=\"og:image\" content=\"https:\/\/www.monello.hu\/wp-content\/uploads\/2026\/02\/Monello_Mama_Fejpant.jpg\" \/>\n\t<meta property=\"og:image:width\" content=\"600\" \/>\n\t<meta property=\"og:image:height\" content=\"600\" \/>\n\t<meta property=\"og:image:type\" content=\"image\/jpeg\" \/>\n<meta name=\"twitter:card\" content=\"summary_large_image\" \/>\n<meta name=\"twitter:label1\" content=\"Estimated reading time\" \/>\n\t<meta name=\"twitter:data1\" content=\"1 minute\" \/>\n<script type=\"application\/ld+json\" class=\"yoast-schema-graph\">{\"@context\":\"https:\\\/\\\/schema.org\",\"@graph\":[{\"@type\":\"WebPage\",\"@id\":\"https:\\\/\\\/www.monello.hu\\\/shop\\\/monello-mama-fejpant\\\/\",\"url\":\"https:\\\/\\\/www.monello.hu\\\/shop\\\/monello-mama-fejpant\\\/\",\"name\":\"MONELLO Mama Fejp\u00e1nt \\\/ F\u00fclmeleg\u00edt\u0151 - Monello baby&amp;more\",\"isPartOf\":{\"@id\":\"https:\\\/\\\/www.monello.hu\\\/#website\"},\"primaryImageOfPage\":{\"@id\":\"https:\\\/\\\/www.monello.hu\\\/shop\\\/monello-mama-fejpant\\\/#primaryimage\"},\"image\":{\"@id\":\"https:\\\/\\\/www.monello.hu\\\/shop\\\/monello-mama-fejpant\\\/#primaryimage\"},\"thumbnailUrl\":\"https:\\\/\\\/www.monello.hu\\\/wp-content\\\/uploads\\\/2026\\\/02\\\/Monello_Mama_Fejpant.jpg\",\"datePublished\":\"2026-02-15T17:53:29+00:00\",\"dateModified\":\"2026-04-20T11:14:54+00:00\",\"description\":\"Monello mama fejp\u00e1nt \u00e9s f\u00fclemeleg\u00edt\u0151, v\u00e9gre a Monello Mamiknak is van saj\u00e1t monelloja, puha, k\u00f6t\u00f6tt meleg anyag, rose, latte, c\u00e1pasz\u00fcrke\",\"breadcrumb\":{\"@id\":\"https:\\\/\\\/www.monello.hu\\\/shop\\\/monello-mama-fejpant\\\/#breadcrumb\"},\"inLanguage\":\"en-GB\",\"potentialAction\":[{\"@type\":\"ReadAction\",\"target\":[\"https:\\\/\\\/www.monello.hu\\\/shop\\\/monello-mama-fejpant\\\/\"]}]},{\"@type\":\"ImageObject\",\"inLanguage\":\"en-GB\",\"@id\":\"https:\\\/\\\/www.monello.hu\\\/shop\\\/monello-mama-fejpant\\\/#primaryimage\",\"url\":\"https:\\\/\\\/www.monello.hu\\\/wp-content\\\/uploads\\\/2026\\\/02\\\/Monello_Mama_Fejpant.jpg\",\"contentUrl\":\"https:\\\/\\\/www.monello.hu\\\/wp-content\\\/uploads\\\/2026\\\/02\\\/Monello_Mama_Fejpant.jpg\",\"width\":600,\"height\":600,\"caption\":\"monello fejp\u00e1nt, monello mami fajp\u00e1nt, mama fejp\u00e1nt, feln\u0151tt fejp\u00e1nt, f\u00fclmeleg\u00edt\u0151, monello f\u00fclmeleg\u00edt\u0151, anyuka f\u00fclmeleg\u00edt\u0151, monello moms, monello baby&more, hajp\u00e1nt, monello hajp\u00e1nt\"},{\"@type\":\"BreadcrumbList\",\"@id\":\"https:\\\/\\\/www.monello.hu\\\/shop\\\/monello-mama-fejpant\\\/#breadcrumb\",\"itemListElement\":[{\"@type\":\"ListItem\",\"position\":1,\"name\":\"Home\",\"item\":\"https:\\\/\\\/www.monello.hu\\\/\"},{\"@type\":\"ListItem\",\"position\":2,\"name\":\"E-boutique\",\"item\":\"https:\\\/\\\/www.monello.hu\\\/shop\\\/\"},{\"@type\":\"ListItem\",\"position\":3,\"name\":\"MONELLO Mama Fejp\u00e1nt \\\/ F\u00fclmeleg\u00edt\u0151\"}]},{\"@type\":\"WebSite\",\"@id\":\"https:\\\/\\\/www.monello.hu\\\/#website\",\"url\":\"https:\\\/\\\/www.monello.hu\\\/\",\"name\":\"Monello baby&more\",\"description\":\"\",\"publisher\":{\"@id\":\"https:\\\/\\\/www.monello.hu\\\/#organization\"},\"potentialAction\":[{\"@type\":\"SearchAction\",\"target\":{\"@type\":\"EntryPoint\",\"urlTemplate\":\"https:\\\/\\\/www.monello.hu\\\/?s={search_term_string}\"},\"query-input\":{\"@type\":\"PropertyValueSpecification\",\"valueRequired\":true,\"valueName\":\"search_term_string\"}}],\"inLanguage\":\"en-GB\"},{\"@type\":\"Organization\",\"@id\":\"https:\\\/\\\/www.monello.hu\\\/#organization\",\"name\":\"Monello baby&more\",\"url\":\"https:\\\/\\\/www.monello.hu\\\/\",\"logo\":{\"@type\":\"ImageObject\",\"inLanguage\":\"en-GB\",\"@id\":\"https:\\\/\\\/www.monello.hu\\\/#\\\/schema\\\/logo\\\/image\\\/\",\"url\":\"https:\\\/\\\/www.monello.hu\\\/wp-content\\\/uploads\\\/2025\\\/11\\\/MONDELLO_LOGO_NEW_LOGO_HORIZONT_black.png\",\"contentUrl\":\"https:\\\/\\\/www.monello.hu\\\/wp-content\\\/uploads\\\/2025\\\/11\\\/MONDELLO_LOGO_NEW_LOGO_HORIZONT_black.png\",\"width\":1722,\"height\":600,\"caption\":\"Monello baby&more\"},\"image\":{\"@id\":\"https:\\\/\\\/www.monello.hu\\\/#\\\/schema\\\/logo\\\/image\\\/\"},\"sameAs\":[\"https:\\\/\\\/www.facebook.com\\\/monellobabyandmore\\\/\",\"https:\\\/\\\/www.instagram.com\\\/monello_moms\\\/\",\"https:\\\/\\\/www.tiktok.com\\\/@monellobabyandmore\"]}]}<\/script>\n<!-- \/ Yoast SEO plugin. -->","yoast_head_json":{"title":"MONELLO Mama Fejp\u00e1nt \/ F\u00fclmeleg\u00edt\u0151 - Monello baby&amp;more","description":"Monello mama fejp\u00e1nt \u00e9s f\u00fclemeleg\u00edt\u0151, v\u00e9gre a Monello Mamiknak is van saj\u00e1t monelloja, puha, k\u00f6t\u00f6tt meleg anyag, rose, latte, c\u00e1pasz\u00fcrke","robots":{"index":"index","follow":"follow","max-snippet":"max-snippet:-1","max-image-preview":"max-image-preview:large","max-video-preview":"max-video-preview:-1"},"canonical":"https:\/\/www.monello.hu\/en\/shop\/monello-mama-fejpant\/","og_locale":"en_GB","og_type":"article","og_title":"MONELLO Mama Fejp\u00e1nt \/ F\u00fclmeleg\u00edt\u0151 - Monello baby&amp;more","og_description":"Monello mama fejp\u00e1nt \u00e9s f\u00fclemeleg\u00edt\u0151, v\u00e9gre a Monello Mamiknak is van saj\u00e1t monelloja, puha, k\u00f6t\u00f6tt meleg anyag, rose, latte, c\u00e1pasz\u00fcrke","og_url":"https:\/\/www.monello.hu\/en\/shop\/monello-mama-fejpant\/","og_site_name":"Monello baby&amp;more","article_publisher":"https:\/\/www.facebook.com\/monellobabyandmore\/","article_modified_time":"2026-04-20T11:14:54+00:00","og_image":[{"width":600,"height":600,"url":"https:\/\/www.monello.hu\/wp-content\/uploads\/2026\/02\/Monello_Mama_Fejpant.jpg","type":"image\/jpeg"}],"twitter_card":"summary_large_image","twitter_misc":{"Estimated reading time":"1 minute"},"schema":{"@context":"https:\/\/schema.org","@graph":[{"@type":"WebPage","@id":"https:\/\/www.monello.hu\/shop\/monello-mama-fejpant\/","url":"https:\/\/www.monello.hu\/shop\/monello-mama-fejpant\/","name":"MONELLO Mama Fejp\u00e1nt \/ F\u00fclmeleg\u00edt\u0151 - Monello baby&amp;more","isPartOf":{"@id":"https:\/\/www.monello.hu\/#website"},"primaryImageOfPage":{"@id":"https:\/\/www.monello.hu\/shop\/monello-mama-fejpant\/#primaryimage"},"image":{"@id":"https:\/\/www.monello.hu\/shop\/monello-mama-fejpant\/#primaryimage"},"thumbnailUrl":"https:\/\/www.monello.hu\/wp-content\/uploads\/2026\/02\/Monello_Mama_Fejpant.jpg","datePublished":"2026-02-15T17:53:29+00:00","dateModified":"2026-04-20T11:14:54+00:00","description":"Monello mama fejp\u00e1nt \u00e9s f\u00fclemeleg\u00edt\u0151, v\u00e9gre a Monello Mamiknak is van saj\u00e1t monelloja, puha, k\u00f6t\u00f6tt meleg anyag, rose, latte, c\u00e1pasz\u00fcrke","breadcrumb":{"@id":"https:\/\/www.monello.hu\/shop\/monello-mama-fejpant\/#breadcrumb"},"inLanguage":"en-GB","potentialAction":[{"@type":"ReadAction","target":["https:\/\/www.monello.hu\/shop\/monello-mama-fejpant\/"]}]},{"@type":"ImageObject","inLanguage":"en-GB","@id":"https:\/\/www.monello.hu\/shop\/monello-mama-fejpant\/#primaryimage","url":"https:\/\/www.monello.hu\/wp-content\/uploads\/2026\/02\/Monello_Mama_Fejpant.jpg","contentUrl":"https:\/\/www.monello.hu\/wp-content\/uploads\/2026\/02\/Monello_Mama_Fejpant.jpg","width":600,"height":600,"caption":"monello fejp\u00e1nt, monello mami fajp\u00e1nt, mama fejp\u00e1nt, feln\u0151tt fejp\u00e1nt, f\u00fclmeleg\u00edt\u0151, monello f\u00fclmeleg\u00edt\u0151, anyuka f\u00fclmeleg\u00edt\u0151, monello moms, monello baby&more, hajp\u00e1nt, monello hajp\u00e1nt"},{"@type":"BreadcrumbList","@id":"https:\/\/www.monello.hu\/shop\/monello-mama-fejpant\/#breadcrumb","itemListElement":[{"@type":"ListItem","position":1,"name":"Home","item":"https:\/\/www.monello.hu\/"},{"@type":"ListItem","position":2,"name":"E-boutique","item":"https:\/\/www.monello.hu\/shop\/"},{"@type":"ListItem","position":3,"name":"MONELLO Mama Fejp\u00e1nt \/ F\u00fclmeleg\u00edt\u0151"}]},{"@type":"WebSite","@id":"https:\/\/www.monello.hu\/#website","url":"https:\/\/www.monello.hu\/","name":"Monello baby&more","description":"","publisher":{"@id":"https:\/\/www.monello.hu\/#organization"},"potentialAction":[{"@type":"SearchAction","target":{"@type":"EntryPoint","urlTemplate":"https:\/\/www.monello.hu\/?s={search_term_string}"},"query-input":{"@type":"PropertyValueSpecification","valueRequired":true,"valueName":"search_term_string"}}],"inLanguage":"en-GB"},{"@type":"Organization","@id":"https:\/\/www.monello.hu\/#organization","name":"Monello baby&more","url":"https:\/\/www.monello.hu\/","logo":{"@type":"ImageObject","inLanguage":"en-GB","@id":"https:\/\/www.monello.hu\/#\/schema\/logo\/image\/","url":"https:\/\/www.monello.hu\/wp-content\/uploads\/2025\/11\/MONDELLO_LOGO_NEW_LOGO_HORIZONT_black.png","contentUrl":"https:\/\/www.monello.hu\/wp-content\/uploads\/2025\/11\/MONDELLO_LOGO_NEW_LOGO_HORIZONT_black.png","width":1722,"height":600,"caption":"Monello baby&more"},"image":{"@id":"https:\/\/www.monello.hu\/#\/schema\/logo\/image\/"},"sameAs":["https:\/\/www.facebook.com\/monellobabyandmore\/","https:\/\/www.instagram.com\/monello_moms\/","https:\/\/www.tiktok.com\/@monellobabyandmore"]}]}},"_links":{"self":[{"href":"https:\/\/www.monello.hu\/en\/wp-json\/wp\/v2\/product\/36863","targetHints":{"allow":["GET"]}}],"collection":[{"href":"https:\/\/www.monello.hu\/en\/wp-json\/wp\/v2\/product"}],"about":[{"href":"https:\/\/www.monello.hu\/en\/wp-json\/wp\/v2\/types\/product"}],"wp:featuredmedia":[{"embeddable":true,"href":"https:\/\/www.monello.hu\/en\/wp-json\/wp\/v2\/media\/36862"}],"wp:attachment":[{"href":"https:\/\/www.monello.hu\/en\/wp-json\/wp\/v2\/media?parent=36863"}],"wp:term":[{"taxonomy":"product_brand","embeddable":true,"href":"https:\/\/www.monello.hu\/en\/wp-json\/wp\/v2\/product_brand?post=36863"},{"taxonomy":"product_cat","embeddable":true,"href":"https:\/\/www.monello.hu\/en\/wp-json\/wp\/v2\/product_cat?post=36863"},{"taxonomy":"product_tag","embeddable":true,"href":"https:\/\/www.monello.hu\/en\/wp-json\/wp\/v2\/product_tag?post=36863"}],"curies":[{"name":"wp","href":"https:\/\/api.w.org\/{rel}","templated":true}]}}