{"id":33951,"date":"2025-08-29T13:54:02","date_gmt":"2025-08-29T11:54:02","guid":{"rendered":"https:\/\/www.monello.hu\/?post_type=product&#038;p=33951"},"modified":"2026-04-30T18:06:15","modified_gmt":"2026-04-30T16:06:15","slug":"outlet-92-es-klasszikus-monello-babamelegito-kiscsillag-menta-kifuto-szin","status":"publish","type":"product","link":"https:\/\/www.monello.hu\/en\/shop\/outlet-92-es-klasszikus-monello-babamelegito-kiscsillag-menta-kifuto-szin\/","title":{"rendered":"Outlet 92-es totyog\u00f3 Klasszikus Monello Babameleg\u00edt\u0151 kiscsillag Menta kifut\u00f3 sz\u00edn"},"content":{"rendered":"","protected":false},"excerpt":{"rendered":"<h4>A\u00a0 Klasszikus Monello Babameleg\u00edt\u0151 Kiscsillagot, annak haszn\u00e1lat\u00e1t \u00e9s term\u00e9k jellemz\u0151it <a href=\"https:\/\/www.monello.hu\/en\/product-category-2\/babamelegito-kiscsillagok\/babamelegito_kicsillag\/\"><strong>ide kattintva tudod megn\u00e9zni. Ezen a webshopos oldalunkon tal\u00e1lod a teljes k\u00edn\u00e1latot \u00e9s meg is tudod v\u00e1s\u00e1rolni a t\u00f6bbi Klasszikus Monellot is.<\/strong><\/a><\/h4>\n<p><strong>H\u00e1l\u00e1san k\u00f6sz\u00f6nj\u00fck a v\u00e1s\u00e1rl\u00e1st!<\/strong><\/p>\n<p>Sz\u00e1ll\u00edt\u00e1si id\u0151 1-3 munkanap.<\/p>\n<p><strong>Fontos tudnival\u00f3<\/strong>: az Outlet k\u00edn\u00e1latunkban szerepl\u0151 akci\u00f3s term\u00e9keinkn\u00e9l nem tudunk cserelehet\u0151s\u00e9get biztos\u00edtani, mivel ezek utols\u00f3 darabok. \u00c9rdemes ez\u00e9rt a m\u00e9retv\u00e1laszt\u00e1st j\u00f3l \u00e1tgondolni. K\u00f6sz\u00f6nj\u00fck a meg\u00e9rt\u00e9st!<\/p>","protected":false},"featured_media":33952,"template":"","meta":[],"product_brand":[],"product_cat":[501],"product_tag":[499,213,500,498,497],"class_list":{"0":"post-33951","1":"product","2":"type-product","3":"status-publish","4":"has-post-thumbnail","6":"product_cat-klasszikus-extra-monello-outlet","7":"product_tag-babamelegito-kiscsillag","8":"product_tag-klasszikus-babamelegito-kiscsillag","9":"product_tag-klasszikus-outlet","10":"product_tag-monello-outlet","11":"product_tag-outlet","13":"first","14":"outofstock","15":"sale","16":"taxable","17":"shipping-taxable","18":"purchasable","19":"product-type-simple"},"yoast_head":"<!-- This site is optimized with the Yoast SEO plugin v27.5 - https:\/\/yoast.com\/product\/yoast-seo-wordpress\/ -->\n<title>Outlet 92-es totyog\u00f3 Klasszikus Monello Babameleg\u00edt\u0151 kiscsillag Menta kifut\u00f3 sz\u00edn - Monello baby&amp;more<\/title>\n<meta name=\"description\" content=\"Akci\u00f3s monello babameleg\u00edt\u0151 kiscsillag, outlet monello, klasszikus monello akci\u00f3, v\u00e1s\u00e1rolj akci\u00f3s monellot, babacsillag, kiscsillag\" \/>\n<meta name=\"robots\" content=\"index, follow, max-snippet:-1, max-image-preview:large, max-video-preview:-1\" \/>\n<link rel=\"canonical\" href=\"https:\/\/www.monello.hu\/en\/shop\/outlet-92-es-klasszikus-monello-babamelegito-kiscsillag-menta-kifuto-szin\/\" \/>\n<meta property=\"og:locale\" content=\"en_GB\" \/>\n<meta property=\"og:type\" content=\"article\" \/>\n<meta property=\"og:title\" content=\"Outlet 92-es totyog\u00f3 Klasszikus Monello Babameleg\u00edt\u0151 kiscsillag Menta kifut\u00f3 sz\u00edn - Monello baby&amp;more\" \/>\n<meta property=\"og:description\" content=\"Akci\u00f3s monello babameleg\u00edt\u0151 kiscsillag, outlet monello, klasszikus monello akci\u00f3, v\u00e1s\u00e1rolj akci\u00f3s monellot, babacsillag, kiscsillag\" \/>\n<meta property=\"og:url\" content=\"https:\/\/www.monello.hu\/en\/shop\/outlet-92-es-klasszikus-monello-babamelegito-kiscsillag-menta-kifuto-szin\/\" \/>\n<meta property=\"og:site_name\" content=\"Monello baby&amp;more\" \/>\n<meta property=\"article:publisher\" content=\"https:\/\/www.facebook.com\/monellobabyandmore\/\" \/>\n<meta property=\"article:modified_time\" content=\"2026-04-30T16:06:15+00:00\" \/>\n<meta property=\"og:image\" content=\"https:\/\/www.monello.hu\/wp-content\/uploads\/2025\/08\/outlet_klasszik_menta_totyogo.jpg\" \/>\n\t<meta property=\"og:image:width\" content=\"600\" \/>\n\t<meta property=\"og:image:height\" content=\"600\" \/>\n\t<meta property=\"og:image:type\" content=\"image\/jpeg\" \/>\n<meta name=\"twitter:card\" content=\"summary_large_image\" \/>\n<meta name=\"twitter:label1\" content=\"Estimated reading time\" \/>\n\t<meta name=\"twitter:data1\" content=\"1 minute\" \/>\n<script type=\"application\/ld+json\" class=\"yoast-schema-graph\">{\"@context\":\"https:\\\/\\\/schema.org\",\"@graph\":[{\"@type\":\"WebPage\",\"@id\":\"https:\\\/\\\/www.monello.hu\\\/shop\\\/outlet-92-es-klasszikus-monello-babamelegito-kiscsillag-menta-kifuto-szin\\\/\",\"url\":\"https:\\\/\\\/www.monello.hu\\\/shop\\\/outlet-92-es-klasszikus-monello-babamelegito-kiscsillag-menta-kifuto-szin\\\/\",\"name\":\"Outlet 92-es totyog\u00f3 Klasszikus Monello Babameleg\u00edt\u0151 kiscsillag Menta kifut\u00f3 sz\u00edn - Monello baby&amp;more\",\"isPartOf\":{\"@id\":\"https:\\\/\\\/www.monello.hu\\\/#website\"},\"primaryImageOfPage\":{\"@id\":\"https:\\\/\\\/www.monello.hu\\\/shop\\\/outlet-92-es-klasszikus-monello-babamelegito-kiscsillag-menta-kifuto-szin\\\/#primaryimage\"},\"image\":{\"@id\":\"https:\\\/\\\/www.monello.hu\\\/shop\\\/outlet-92-es-klasszikus-monello-babamelegito-kiscsillag-menta-kifuto-szin\\\/#primaryimage\"},\"thumbnailUrl\":\"https:\\\/\\\/www.monello.hu\\\/wp-content\\\/uploads\\\/2025\\\/08\\\/outlet_klasszik_menta_totyogo.jpg\",\"datePublished\":\"2025-08-29T11:54:02+00:00\",\"dateModified\":\"2026-04-30T16:06:15+00:00\",\"description\":\"Akci\u00f3s monello babameleg\u00edt\u0151 kiscsillag, outlet monello, klasszikus monello akci\u00f3, v\u00e1s\u00e1rolj akci\u00f3s monellot, babacsillag, kiscsillag\",\"breadcrumb\":{\"@id\":\"https:\\\/\\\/www.monello.hu\\\/shop\\\/outlet-92-es-klasszikus-monello-babamelegito-kiscsillag-menta-kifuto-szin\\\/#breadcrumb\"},\"inLanguage\":\"en-GB\",\"potentialAction\":[{\"@type\":\"ReadAction\",\"target\":[\"https:\\\/\\\/www.monello.hu\\\/shop\\\/outlet-92-es-klasszikus-monello-babamelegito-kiscsillag-menta-kifuto-szin\\\/\"]}]},{\"@type\":\"ImageObject\",\"inLanguage\":\"en-GB\",\"@id\":\"https:\\\/\\\/www.monello.hu\\\/shop\\\/outlet-92-es-klasszikus-monello-babamelegito-kiscsillag-menta-kifuto-szin\\\/#primaryimage\",\"url\":\"https:\\\/\\\/www.monello.hu\\\/wp-content\\\/uploads\\\/2025\\\/08\\\/outlet_klasszik_menta_totyogo.jpg\",\"contentUrl\":\"https:\\\/\\\/www.monello.hu\\\/wp-content\\\/uploads\\\/2025\\\/08\\\/outlet_klasszik_menta_totyogo.jpg\",\"width\":600,\"height\":600,\"caption\":\"outlet, kr\u00e9m, babameleg\u00edt\u0151, klasszikus monello, akci\u00f3s monello, babacsillag\"},{\"@type\":\"BreadcrumbList\",\"@id\":\"https:\\\/\\\/www.monello.hu\\\/shop\\\/outlet-92-es-klasszikus-monello-babamelegito-kiscsillag-menta-kifuto-szin\\\/#breadcrumb\",\"itemListElement\":[{\"@type\":\"ListItem\",\"position\":1,\"name\":\"Home\",\"item\":\"https:\\\/\\\/www.monello.hu\\\/\"},{\"@type\":\"ListItem\",\"position\":2,\"name\":\"E-boutique\",\"item\":\"https:\\\/\\\/www.monello.hu\\\/shop\\\/\"},{\"@type\":\"ListItem\",\"position\":3,\"name\":\"Outlet 92-es totyog\u00f3 Klasszikus Monello Babameleg\u00edt\u0151 kiscsillag Menta kifut\u00f3 sz\u00edn\"}]},{\"@type\":\"WebSite\",\"@id\":\"https:\\\/\\\/www.monello.hu\\\/#website\",\"url\":\"https:\\\/\\\/www.monello.hu\\\/\",\"name\":\"Monello baby&more\",\"description\":\"\",\"publisher\":{\"@id\":\"https:\\\/\\\/www.monello.hu\\\/#organization\"},\"potentialAction\":[{\"@type\":\"SearchAction\",\"target\":{\"@type\":\"EntryPoint\",\"urlTemplate\":\"https:\\\/\\\/www.monello.hu\\\/?s={search_term_string}\"},\"query-input\":{\"@type\":\"PropertyValueSpecification\",\"valueRequired\":true,\"valueName\":\"search_term_string\"}}],\"inLanguage\":\"en-GB\"},{\"@type\":\"Organization\",\"@id\":\"https:\\\/\\\/www.monello.hu\\\/#organization\",\"name\":\"Monello baby&more\",\"url\":\"https:\\\/\\\/www.monello.hu\\\/\",\"logo\":{\"@type\":\"ImageObject\",\"inLanguage\":\"en-GB\",\"@id\":\"https:\\\/\\\/www.monello.hu\\\/#\\\/schema\\\/logo\\\/image\\\/\",\"url\":\"https:\\\/\\\/www.monello.hu\\\/wp-content\\\/uploads\\\/2025\\\/11\\\/MONDELLO_LOGO_NEW_LOGO_HORIZONT_black.png\",\"contentUrl\":\"https:\\\/\\\/www.monello.hu\\\/wp-content\\\/uploads\\\/2025\\\/11\\\/MONDELLO_LOGO_NEW_LOGO_HORIZONT_black.png\",\"width\":1722,\"height\":600,\"caption\":\"Monello baby&more\"},\"image\":{\"@id\":\"https:\\\/\\\/www.monello.hu\\\/#\\\/schema\\\/logo\\\/image\\\/\"},\"sameAs\":[\"https:\\\/\\\/www.facebook.com\\\/monellobabyandmore\\\/\",\"https:\\\/\\\/www.instagram.com\\\/monello_moms\\\/\",\"https:\\\/\\\/www.tiktok.com\\\/@monellobabyandmore\"]}]}<\/script>\n<!-- \/ Yoast SEO plugin. -->","yoast_head_json":{"title":"Outlet 92-es totyog\u00f3 Klasszikus Monello Babameleg\u00edt\u0151 kiscsillag Menta kifut\u00f3 sz\u00edn - Monello baby&amp;more","description":"Akci\u00f3s monello babameleg\u00edt\u0151 kiscsillag, outlet monello, klasszikus monello akci\u00f3, v\u00e1s\u00e1rolj akci\u00f3s monellot, babacsillag, kiscsillag","robots":{"index":"index","follow":"follow","max-snippet":"max-snippet:-1","max-image-preview":"max-image-preview:large","max-video-preview":"max-video-preview:-1"},"canonical":"https:\/\/www.monello.hu\/en\/shop\/outlet-92-es-klasszikus-monello-babamelegito-kiscsillag-menta-kifuto-szin\/","og_locale":"en_GB","og_type":"article","og_title":"Outlet 92-es totyog\u00f3 Klasszikus Monello Babameleg\u00edt\u0151 kiscsillag Menta kifut\u00f3 sz\u00edn - Monello baby&amp;more","og_description":"Akci\u00f3s monello babameleg\u00edt\u0151 kiscsillag, outlet monello, klasszikus monello akci\u00f3, v\u00e1s\u00e1rolj akci\u00f3s monellot, babacsillag, kiscsillag","og_url":"https:\/\/www.monello.hu\/en\/shop\/outlet-92-es-klasszikus-monello-babamelegito-kiscsillag-menta-kifuto-szin\/","og_site_name":"Monello baby&amp;more","article_publisher":"https:\/\/www.facebook.com\/monellobabyandmore\/","article_modified_time":"2026-04-30T16:06:15+00:00","og_image":[{"width":600,"height":600,"url":"https:\/\/www.monello.hu\/wp-content\/uploads\/2025\/08\/outlet_klasszik_menta_totyogo.jpg","type":"image\/jpeg"}],"twitter_card":"summary_large_image","twitter_misc":{"Estimated reading time":"1 minute"},"schema":{"@context":"https:\/\/schema.org","@graph":[{"@type":"WebPage","@id":"https:\/\/www.monello.hu\/shop\/outlet-92-es-klasszikus-monello-babamelegito-kiscsillag-menta-kifuto-szin\/","url":"https:\/\/www.monello.hu\/shop\/outlet-92-es-klasszikus-monello-babamelegito-kiscsillag-menta-kifuto-szin\/","name":"Outlet 92-es totyog\u00f3 Klasszikus Monello Babameleg\u00edt\u0151 kiscsillag Menta kifut\u00f3 sz\u00edn - Monello baby&amp;more","isPartOf":{"@id":"https:\/\/www.monello.hu\/#website"},"primaryImageOfPage":{"@id":"https:\/\/www.monello.hu\/shop\/outlet-92-es-klasszikus-monello-babamelegito-kiscsillag-menta-kifuto-szin\/#primaryimage"},"image":{"@id":"https:\/\/www.monello.hu\/shop\/outlet-92-es-klasszikus-monello-babamelegito-kiscsillag-menta-kifuto-szin\/#primaryimage"},"thumbnailUrl":"https:\/\/www.monello.hu\/wp-content\/uploads\/2025\/08\/outlet_klasszik_menta_totyogo.jpg","datePublished":"2025-08-29T11:54:02+00:00","dateModified":"2026-04-30T16:06:15+00:00","description":"Akci\u00f3s monello babameleg\u00edt\u0151 kiscsillag, outlet monello, klasszikus monello akci\u00f3, v\u00e1s\u00e1rolj akci\u00f3s monellot, babacsillag, kiscsillag","breadcrumb":{"@id":"https:\/\/www.monello.hu\/shop\/outlet-92-es-klasszikus-monello-babamelegito-kiscsillag-menta-kifuto-szin\/#breadcrumb"},"inLanguage":"en-GB","potentialAction":[{"@type":"ReadAction","target":["https:\/\/www.monello.hu\/shop\/outlet-92-es-klasszikus-monello-babamelegito-kiscsillag-menta-kifuto-szin\/"]}]},{"@type":"ImageObject","inLanguage":"en-GB","@id":"https:\/\/www.monello.hu\/shop\/outlet-92-es-klasszikus-monello-babamelegito-kiscsillag-menta-kifuto-szin\/#primaryimage","url":"https:\/\/www.monello.hu\/wp-content\/uploads\/2025\/08\/outlet_klasszik_menta_totyogo.jpg","contentUrl":"https:\/\/www.monello.hu\/wp-content\/uploads\/2025\/08\/outlet_klasszik_menta_totyogo.jpg","width":600,"height":600,"caption":"outlet, kr\u00e9m, babameleg\u00edt\u0151, klasszikus monello, akci\u00f3s monello, babacsillag"},{"@type":"BreadcrumbList","@id":"https:\/\/www.monello.hu\/shop\/outlet-92-es-klasszikus-monello-babamelegito-kiscsillag-menta-kifuto-szin\/#breadcrumb","itemListElement":[{"@type":"ListItem","position":1,"name":"Home","item":"https:\/\/www.monello.hu\/"},{"@type":"ListItem","position":2,"name":"E-boutique","item":"https:\/\/www.monello.hu\/shop\/"},{"@type":"ListItem","position":3,"name":"Outlet 92-es totyog\u00f3 Klasszikus Monello Babameleg\u00edt\u0151 kiscsillag Menta kifut\u00f3 sz\u00edn"}]},{"@type":"WebSite","@id":"https:\/\/www.monello.hu\/#website","url":"https:\/\/www.monello.hu\/","name":"Monello baby&more","description":"","publisher":{"@id":"https:\/\/www.monello.hu\/#organization"},"potentialAction":[{"@type":"SearchAction","target":{"@type":"EntryPoint","urlTemplate":"https:\/\/www.monello.hu\/?s={search_term_string}"},"query-input":{"@type":"PropertyValueSpecification","valueRequired":true,"valueName":"search_term_string"}}],"inLanguage":"en-GB"},{"@type":"Organization","@id":"https:\/\/www.monello.hu\/#organization","name":"Monello baby&more","url":"https:\/\/www.monello.hu\/","logo":{"@type":"ImageObject","inLanguage":"en-GB","@id":"https:\/\/www.monello.hu\/#\/schema\/logo\/image\/","url":"https:\/\/www.monello.hu\/wp-content\/uploads\/2025\/11\/MONDELLO_LOGO_NEW_LOGO_HORIZONT_black.png","contentUrl":"https:\/\/www.monello.hu\/wp-content\/uploads\/2025\/11\/MONDELLO_LOGO_NEW_LOGO_HORIZONT_black.png","width":1722,"height":600,"caption":"Monello baby&more"},"image":{"@id":"https:\/\/www.monello.hu\/#\/schema\/logo\/image\/"},"sameAs":["https:\/\/www.facebook.com\/monellobabyandmore\/","https:\/\/www.instagram.com\/monello_moms\/","https:\/\/www.tiktok.com\/@monellobabyandmore"]}]}},"_links":{"self":[{"href":"https:\/\/www.monello.hu\/en\/wp-json\/wp\/v2\/product\/33951","targetHints":{"allow":["GET"]}}],"collection":[{"href":"https:\/\/www.monello.hu\/en\/wp-json\/wp\/v2\/product"}],"about":[{"href":"https:\/\/www.monello.hu\/en\/wp-json\/wp\/v2\/types\/product"}],"wp:featuredmedia":[{"embeddable":true,"href":"https:\/\/www.monello.hu\/en\/wp-json\/wp\/v2\/media\/33952"}],"wp:attachment":[{"href":"https:\/\/www.monello.hu\/en\/wp-json\/wp\/v2\/media?parent=33951"}],"wp:term":[{"taxonomy":"product_brand","embeddable":true,"href":"https:\/\/www.monello.hu\/en\/wp-json\/wp\/v2\/product_brand?post=33951"},{"taxonomy":"product_cat","embeddable":true,"href":"https:\/\/www.monello.hu\/en\/wp-json\/wp\/v2\/product_cat?post=33951"},{"taxonomy":"product_tag","embeddable":true,"href":"https:\/\/www.monello.hu\/en\/wp-json\/wp\/v2\/product_tag?post=33951"}],"curies":[{"name":"wp","href":"https:\/\/api.w.org\/{rel}","templated":true}]}}