{"id":29499,"date":"2024-06-20T07:23:06","date_gmt":"2024-06-20T05:23:06","guid":{"rendered":"https:\/\/www.monello.hu\/?post_type=product&#038;p=29499"},"modified":"2026-03-02T14:57:19","modified_gmt":"2026-03-02T13:57:19","slug":"a-monello-nyari-bambusz-alom-takaro-felhos","status":"publish","type":"product","link":"https:\/\/www.monello.hu\/en\/shop\/a-monello-nyari-bambusz-alom-takaro-felhos\/","title":{"rendered":"A Monello Ny\u00e1ri Bambusz \u00c1lom Takar\u00f3, felh\u0151s"},"content":{"rendered":"<div class=\"wpb-content-wrapper\"><div class=\"vc_row wpb_row vc_row-fluid\"><div class=\"wpb_column vc_column_container vc_col-sm-12\"><div class=\"vc_column-inner\"><div class=\"wpb_wrapper\"><\/div><\/div><\/div><\/div>\n<\/div>","protected":false},"excerpt":{"rendered":"<p>\u00cdme a Ny\u00e1ri Monello Bambusz \u00c1lomtakar\u00f3, hogy a benti alv\u00e1shoz is legyen \u00c1lomporos Monell\u00f3juk a bab\u00e1csk\u00e1knak.<\/p>\n<p>M\u00e9rete: 105\u00d7115cm<\/p>\n<p><strong>80% bambusz 20% pamut<\/strong> anyagb\u00f3l k\u00e9sz\u00edtj\u00fck k\u00e9zzel \u00e9s sok szeretettel.<\/p>\n<div class=\"wpb_text_column wpb_content_element vc_custom_1621778489047\">\n<div class=\"wpb_wrapper\">\n<div class=\"wpb_text_column wpb_content_element vc_custom_1621777764711\">\n<div class=\"wpb_wrapper\">\n<div class=\"bi6gxh9e\"><span class=\"d2edcug0 hpfvmrgz qv66sw1b c1et5uql lr9zc1uh jq4qci2q a3bd9o3v knj5qynh oo9gr5id\">Tudtad, hogy <b>a bambusz anyagnak milyen el\u0151nyei <\/b>vannak?<\/span><\/div>\n<ul class=\"bi6gxh9e aov4n071 fjf4s8hc mf5omzu7\">\n<li>\n<div class=\"bi6gxh9e\"><span class=\"d2edcug0 hpfvmrgz qv66sw1b c1et5uql lr9zc1uh jq4qci2q a3bd9o3v knj5qynh oo9gr5id\">K\u00fcl\u00f6nleges anyag, h\u0151szab\u00e1lyoz\u00f3 k\u00e9pess\u00e9g\u00e9nek k\u00f6sz\u00f6nhet\u0151en melegben h\u0171s\u00edt, hidegben melegen tart, \u00edgy eg\u00e9sz ny\u00e1ron ide\u00e1lis v\u00e1laszt\u00e1s.<br \/>\n<\/span><\/div>\n<\/li>\n<li><span class=\"d2edcug0 hpfvmrgz qv66sw1b c1et5uql lr9zc1uh jq4qci2q a3bd9o3v knj5qynh oo9gr5id\">M\u00e9ret\u00e9nek ak\u00e1r h\u00e1romszoros\u00e1t is k\u00e9pes felsz\u00edvni! <\/span><\/li>\n<li>\n<div class=\"bi6gxh9e\"><span class=\"d2edcug0 hpfvmrgz qv66sw1b c1et5uql lr9zc1uh jq4qci2q a3bd9o3v knj5qynh oo9gr5id\">Rugalmas \u00e9s tart\u00f3s.<\/span><\/div>\n<\/li>\n<li>\n<div class=\"bi6gxh9e\"><span class=\"d2edcug0 hpfvmrgz qv66sw1b c1et5uql lr9zc1uh jq4qci2q a3bd9o3v knj5qynh oo9gr5id\">Antibakteri\u00e1lis \u00e9s gombellenes hat\u00e1s\u00fa, \u00edgy a kellemetlen szagok k\u00e9pz\u0151d\u00e9s\u00e9nek is elej\u00e9t veszi.<\/span><\/div>\n<\/li>\n<li>\n<div class=\"bi6gxh9e\"><span class=\"d2edcug0 hpfvmrgz qv66sw1b c1et5uql lr9zc1uh jq4qci2q a3bd9o3v knj5qynh oo9gr5id\">P\u00e1ratlan mikroszerkezet\u00e9nek k\u00f6sz\u00f6nhet\u0151en j\u00f3l szell\u0151zik.<\/span><\/div>\n<\/li>\n<li>The<span class=\"d2edcug0 hpfvmrgz qv66sw1b c1et5uql lr9zc1uh jq4qci2q a3bd9o3v knj5qynh oo9gr5id\">ntiallerg\u00e9n.<\/span><\/li>\n<\/ul>\n<\/div>\n<\/div>\n<\/div>\n<\/div>\n<p>Limit\u00e1lt darabsz\u00e1mban \u00e9rhet\u0151 el.<\/p>\n<p>Felh\u0151s mint\u00e1val k\u00e9sz\u00edtj\u00fck.<\/p>\n<p>Aj\u00e1nd\u00e9k csomagban Monello \u00c1lomman\u00f3val (t\u00f6rtfeh\u00e9r sz\u00edn\u0171) d\u00edszdobozban (a d\u00edszdoboz sz\u00edne v\u00e1ltozhat) v\u00e1s\u00e1rolhat\u00f3 meg.<\/p>\n<p>A Monello Man\u00f3kr\u00f3l:<\/p>\n<p>Maroknyi szeretet T\u0151l\u00fcnk Neked!<\/p>\n<p><em>\u201cA Klasszikus \u00e9s a T\u00e9li Babameleg\u00edt\u0151 Kiscsillagok bels\u0151 szab\u00e1sa sor\u00e1n megmaradt, pihe-puha anyag\u00e1b\u00f3l k\u00e9sz\u00edtett engem valaki, akit az emberek megv\u00e1ltozott munkak\u00e9pess\u00e9g\u0171nek h\u00edvnak. <\/em><\/p>\n<p><em>\u00c1ltala keltem \u00e9letre, teltem meg legal\u00e1bb egy maroknyi szeretettel!\u201d<\/em><\/p>\n<p><strong>A Monello baby&amp;more elk\u00f6telezett h\u00edve a megv\u00e1ltozott munkak\u00e9pess\u00e9g\u0171 emberek t\u00e1mogat\u00e1s\u00e1nak.<\/strong><\/p>\n<p>Nagy \u00f6r\u00f6m sz\u00e1munkra, hogy ezzel a Kiscsillag j\u00e1t\u00e9kkal, nekik is tudunk munk\u00e1t biztos\u00edtani.<\/p>\n<p>\u00cdgy lesz a Monello baby&amp;more is fenntarthat\u00f3 m\u00e1rka.<\/p>\n<p>Sz\u00e1ll\u00edt\u00e1s 1-3 munkanap.<\/p>","protected":false},"featured_media":29503,"template":"","meta":[],"product_brand":[],"product_cat":[428],"product_tag":[430,262,431,336,426,473,471,470,472,429,82,393],"class_list":{"0":"post-29499","1":"product","2":"type-product","3":"status-publish","4":"has-post-thumbnail","6":"product_cat-monello-alom-takaro","7":"product_tag-baba-takaro","8":"product_tag-bambusz","9":"product_tag-csecsemo-takaro","10":"product_tag-dirty-malna","11":"product_tag-dirty-menta","12":"product_tag-felhos","13":"product_tag-gyerek-takaro","14":"product_tag-kanikula-takaro","15":"product_tag-nyari-takaro","16":"product_tag-takaro","17":"product_tag-unisex","18":"product_tag-zsalya","20":"first","21":"instock","22":"taxable","23":"shipping-taxable","24":"purchasable","25":"product-type-variable"},"yoast_head":"<!-- This site is optimized with the Yoast SEO plugin v27.3 - https:\/\/yoast.com\/product\/yoast-seo-wordpress\/ -->\n<title>A Monello Ny\u00e1ri Bambusz \u00c1lom Takar\u00f3, felh\u0151s - Monello baby&amp;more<\/title>\n<meta name=\"description\" content=\"Monello baba takar\u00f3, gyerek takar\u00f3, ny\u00e1ri takar\u00f3, k\u00e1nikula takar\u00f3, tavaszi takar\u00f3, ny\u00e1ri baba takar\u00f3, ny\u00e1ri gyerek takar\u00f3, k\u00e1nikula baba takar\u00f3,\" \/>\n<meta name=\"robots\" content=\"index, follow, max-snippet:-1, max-image-preview:large, max-video-preview:-1\" \/>\n<link rel=\"canonical\" href=\"https:\/\/www.monello.hu\/en\/shop\/a-monello-nyari-bambusz-alom-takaro-felhos\/\" \/>\n<meta property=\"og:locale\" content=\"en_GB\" \/>\n<meta property=\"og:type\" content=\"article\" \/>\n<meta property=\"og:title\" content=\"A Monello Ny\u00e1ri Bambusz \u00c1lom Takar\u00f3, felh\u0151s - Monello baby&amp;more\" \/>\n<meta property=\"og:description\" content=\"Monello baba takar\u00f3, gyerek takar\u00f3, ny\u00e1ri takar\u00f3, k\u00e1nikula takar\u00f3, tavaszi takar\u00f3, ny\u00e1ri baba takar\u00f3, ny\u00e1ri gyerek takar\u00f3, k\u00e1nikula baba takar\u00f3,\" \/>\n<meta property=\"og:url\" content=\"https:\/\/www.monello.hu\/en\/shop\/a-monello-nyari-bambusz-alom-takaro-felhos\/\" \/>\n<meta property=\"og:site_name\" content=\"Monello baby&amp;more\" \/>\n<meta property=\"article:publisher\" content=\"https:\/\/www.facebook.com\/monellobabyandmore\/\" \/>\n<meta property=\"article:modified_time\" content=\"2026-03-02T13:57:19+00:00\" \/>\n<meta property=\"og:image\" content=\"https:\/\/www.monello.hu\/wp-content\/uploads\/2024\/06\/Kanikula_bambusztakaro_-2.jpg\" \/>\n\t<meta property=\"og:image:width\" content=\"600\" \/>\n\t<meta property=\"og:image:height\" content=\"600\" \/>\n\t<meta property=\"og:image:type\" content=\"image\/jpeg\" \/>\n<meta name=\"twitter:card\" content=\"summary_large_image\" \/>\n<meta name=\"twitter:label1\" content=\"Estimated reading time\" \/>\n\t<meta name=\"twitter:data1\" content=\"1 minute\" \/>\n<script type=\"application\/ld+json\" class=\"yoast-schema-graph\">{\"@context\":\"https:\\\/\\\/schema.org\",\"@graph\":[{\"@type\":\"WebPage\",\"@id\":\"https:\\\/\\\/www.monello.hu\\\/shop\\\/a-monello-nyari-bambusz-alom-takaro-felhos\\\/\",\"url\":\"https:\\\/\\\/www.monello.hu\\\/shop\\\/a-monello-nyari-bambusz-alom-takaro-felhos\\\/\",\"name\":\"A Monello Ny\u00e1ri Bambusz \u00c1lom Takar\u00f3, felh\u0151s - Monello baby&amp;more\",\"isPartOf\":{\"@id\":\"https:\\\/\\\/www.monello.hu\\\/#website\"},\"primaryImageOfPage\":{\"@id\":\"https:\\\/\\\/www.monello.hu\\\/shop\\\/a-monello-nyari-bambusz-alom-takaro-felhos\\\/#primaryimage\"},\"image\":{\"@id\":\"https:\\\/\\\/www.monello.hu\\\/shop\\\/a-monello-nyari-bambusz-alom-takaro-felhos\\\/#primaryimage\"},\"thumbnailUrl\":\"https:\\\/\\\/www.monello.hu\\\/wp-content\\\/uploads\\\/2024\\\/06\\\/Kanikula_bambusztakaro_-2.jpg\",\"datePublished\":\"2024-06-20T05:23:06+00:00\",\"dateModified\":\"2026-03-02T13:57:19+00:00\",\"description\":\"Monello baba takar\u00f3, gyerek takar\u00f3, ny\u00e1ri takar\u00f3, k\u00e1nikula takar\u00f3, tavaszi takar\u00f3, ny\u00e1ri baba takar\u00f3, ny\u00e1ri gyerek takar\u00f3, k\u00e1nikula baba takar\u00f3,\",\"breadcrumb\":{\"@id\":\"https:\\\/\\\/www.monello.hu\\\/shop\\\/a-monello-nyari-bambusz-alom-takaro-felhos\\\/#breadcrumb\"},\"inLanguage\":\"en-GB\",\"potentialAction\":[{\"@type\":\"ReadAction\",\"target\":[\"https:\\\/\\\/www.monello.hu\\\/shop\\\/a-monello-nyari-bambusz-alom-takaro-felhos\\\/\"]}]},{\"@type\":\"ImageObject\",\"inLanguage\":\"en-GB\",\"@id\":\"https:\\\/\\\/www.monello.hu\\\/shop\\\/a-monello-nyari-bambusz-alom-takaro-felhos\\\/#primaryimage\",\"url\":\"https:\\\/\\\/www.monello.hu\\\/wp-content\\\/uploads\\\/2024\\\/06\\\/Kanikula_bambusztakaro_-2.jpg\",\"contentUrl\":\"https:\\\/\\\/www.monello.hu\\\/wp-content\\\/uploads\\\/2024\\\/06\\\/Kanikula_bambusztakaro_-2.jpg\",\"width\":600,\"height\":600,\"caption\":\"Monello takar\u00f3, bambusz,k\u00e1nikula puha takar\u00f3, baba takar\u00f3, puha baba takar\u00f3 pihe puha baba takar\u00f3, monello baby&more, monello takar\u00f3, ny\u00e1ri takar\u00f3\"},{\"@type\":\"BreadcrumbList\",\"@id\":\"https:\\\/\\\/www.monello.hu\\\/shop\\\/a-monello-nyari-bambusz-alom-takaro-felhos\\\/#breadcrumb\",\"itemListElement\":[{\"@type\":\"ListItem\",\"position\":1,\"name\":\"Home\",\"item\":\"https:\\\/\\\/www.monello.hu\\\/\"},{\"@type\":\"ListItem\",\"position\":2,\"name\":\"E-boutique\",\"item\":\"https:\\\/\\\/www.monello.hu\\\/shop\\\/\"},{\"@type\":\"ListItem\",\"position\":3,\"name\":\"A Monello Ny\u00e1ri Bambusz \u00c1lom Takar\u00f3, felh\u0151s\"}]},{\"@type\":\"WebSite\",\"@id\":\"https:\\\/\\\/www.monello.hu\\\/#website\",\"url\":\"https:\\\/\\\/www.monello.hu\\\/\",\"name\":\"Monello baby&more\",\"description\":\"\",\"publisher\":{\"@id\":\"https:\\\/\\\/www.monello.hu\\\/#organization\"},\"potentialAction\":[{\"@type\":\"SearchAction\",\"target\":{\"@type\":\"EntryPoint\",\"urlTemplate\":\"https:\\\/\\\/www.monello.hu\\\/?s={search_term_string}\"},\"query-input\":{\"@type\":\"PropertyValueSpecification\",\"valueRequired\":true,\"valueName\":\"search_term_string\"}}],\"inLanguage\":\"en-GB\"},{\"@type\":\"Organization\",\"@id\":\"https:\\\/\\\/www.monello.hu\\\/#organization\",\"name\":\"Monello baby&more\",\"url\":\"https:\\\/\\\/www.monello.hu\\\/\",\"logo\":{\"@type\":\"ImageObject\",\"inLanguage\":\"en-GB\",\"@id\":\"https:\\\/\\\/www.monello.hu\\\/#\\\/schema\\\/logo\\\/image\\\/\",\"url\":\"https:\\\/\\\/www.monello.hu\\\/wp-content\\\/uploads\\\/2025\\\/11\\\/MONDELLO_LOGO_NEW_LOGO_HORIZONT_black.png\",\"contentUrl\":\"https:\\\/\\\/www.monello.hu\\\/wp-content\\\/uploads\\\/2025\\\/11\\\/MONDELLO_LOGO_NEW_LOGO_HORIZONT_black.png\",\"width\":1722,\"height\":600,\"caption\":\"Monello baby&more\"},\"image\":{\"@id\":\"https:\\\/\\\/www.monello.hu\\\/#\\\/schema\\\/logo\\\/image\\\/\"},\"sameAs\":[\"https:\\\/\\\/www.facebook.com\\\/monellobabyandmore\\\/\",\"https:\\\/\\\/www.instagram.com\\\/monello_moms\\\/\",\"https:\\\/\\\/www.tiktok.com\\\/@monellobabyandmore\"]}]}<\/script>\n<!-- \/ Yoast SEO plugin. -->","yoast_head_json":{"title":"A Monello Ny\u00e1ri Bambusz \u00c1lom Takar\u00f3, felh\u0151s - Monello baby&amp;more","description":"Monello baba takar\u00f3, gyerek takar\u00f3, ny\u00e1ri takar\u00f3, k\u00e1nikula takar\u00f3, tavaszi takar\u00f3, ny\u00e1ri baba takar\u00f3, ny\u00e1ri gyerek takar\u00f3, k\u00e1nikula baba takar\u00f3,","robots":{"index":"index","follow":"follow","max-snippet":"max-snippet:-1","max-image-preview":"max-image-preview:large","max-video-preview":"max-video-preview:-1"},"canonical":"https:\/\/www.monello.hu\/en\/shop\/a-monello-nyari-bambusz-alom-takaro-felhos\/","og_locale":"en_GB","og_type":"article","og_title":"A Monello Ny\u00e1ri Bambusz \u00c1lom Takar\u00f3, felh\u0151s - Monello baby&amp;more","og_description":"Monello baba takar\u00f3, gyerek takar\u00f3, ny\u00e1ri takar\u00f3, k\u00e1nikula takar\u00f3, tavaszi takar\u00f3, ny\u00e1ri baba takar\u00f3, ny\u00e1ri gyerek takar\u00f3, k\u00e1nikula baba takar\u00f3,","og_url":"https:\/\/www.monello.hu\/en\/shop\/a-monello-nyari-bambusz-alom-takaro-felhos\/","og_site_name":"Monello baby&amp;more","article_publisher":"https:\/\/www.facebook.com\/monellobabyandmore\/","article_modified_time":"2026-03-02T13:57:19+00:00","og_image":[{"width":600,"height":600,"url":"https:\/\/www.monello.hu\/wp-content\/uploads\/2024\/06\/Kanikula_bambusztakaro_-2.jpg","type":"image\/jpeg"}],"twitter_card":"summary_large_image","twitter_misc":{"Estimated reading time":"1 minute"},"schema":{"@context":"https:\/\/schema.org","@graph":[{"@type":"WebPage","@id":"https:\/\/www.monello.hu\/shop\/a-monello-nyari-bambusz-alom-takaro-felhos\/","url":"https:\/\/www.monello.hu\/shop\/a-monello-nyari-bambusz-alom-takaro-felhos\/","name":"A Monello Ny\u00e1ri Bambusz \u00c1lom Takar\u00f3, felh\u0151s - Monello baby&amp;more","isPartOf":{"@id":"https:\/\/www.monello.hu\/#website"},"primaryImageOfPage":{"@id":"https:\/\/www.monello.hu\/shop\/a-monello-nyari-bambusz-alom-takaro-felhos\/#primaryimage"},"image":{"@id":"https:\/\/www.monello.hu\/shop\/a-monello-nyari-bambusz-alom-takaro-felhos\/#primaryimage"},"thumbnailUrl":"https:\/\/www.monello.hu\/wp-content\/uploads\/2024\/06\/Kanikula_bambusztakaro_-2.jpg","datePublished":"2024-06-20T05:23:06+00:00","dateModified":"2026-03-02T13:57:19+00:00","description":"Monello baba takar\u00f3, gyerek takar\u00f3, ny\u00e1ri takar\u00f3, k\u00e1nikula takar\u00f3, tavaszi takar\u00f3, ny\u00e1ri baba takar\u00f3, ny\u00e1ri gyerek takar\u00f3, k\u00e1nikula baba takar\u00f3,","breadcrumb":{"@id":"https:\/\/www.monello.hu\/shop\/a-monello-nyari-bambusz-alom-takaro-felhos\/#breadcrumb"},"inLanguage":"en-GB","potentialAction":[{"@type":"ReadAction","target":["https:\/\/www.monello.hu\/shop\/a-monello-nyari-bambusz-alom-takaro-felhos\/"]}]},{"@type":"ImageObject","inLanguage":"en-GB","@id":"https:\/\/www.monello.hu\/shop\/a-monello-nyari-bambusz-alom-takaro-felhos\/#primaryimage","url":"https:\/\/www.monello.hu\/wp-content\/uploads\/2024\/06\/Kanikula_bambusztakaro_-2.jpg","contentUrl":"https:\/\/www.monello.hu\/wp-content\/uploads\/2024\/06\/Kanikula_bambusztakaro_-2.jpg","width":600,"height":600,"caption":"Monello takar\u00f3, bambusz,k\u00e1nikula puha takar\u00f3, baba takar\u00f3, puha baba takar\u00f3 pihe puha baba takar\u00f3, monello baby&more, monello takar\u00f3, ny\u00e1ri takar\u00f3"},{"@type":"BreadcrumbList","@id":"https:\/\/www.monello.hu\/shop\/a-monello-nyari-bambusz-alom-takaro-felhos\/#breadcrumb","itemListElement":[{"@type":"ListItem","position":1,"name":"Home","item":"https:\/\/www.monello.hu\/"},{"@type":"ListItem","position":2,"name":"E-boutique","item":"https:\/\/www.monello.hu\/shop\/"},{"@type":"ListItem","position":3,"name":"A Monello Ny\u00e1ri Bambusz \u00c1lom Takar\u00f3, felh\u0151s"}]},{"@type":"WebSite","@id":"https:\/\/www.monello.hu\/#website","url":"https:\/\/www.monello.hu\/","name":"Monello baby&more","description":"","publisher":{"@id":"https:\/\/www.monello.hu\/#organization"},"potentialAction":[{"@type":"SearchAction","target":{"@type":"EntryPoint","urlTemplate":"https:\/\/www.monello.hu\/?s={search_term_string}"},"query-input":{"@type":"PropertyValueSpecification","valueRequired":true,"valueName":"search_term_string"}}],"inLanguage":"en-GB"},{"@type":"Organization","@id":"https:\/\/www.monello.hu\/#organization","name":"Monello baby&more","url":"https:\/\/www.monello.hu\/","logo":{"@type":"ImageObject","inLanguage":"en-GB","@id":"https:\/\/www.monello.hu\/#\/schema\/logo\/image\/","url":"https:\/\/www.monello.hu\/wp-content\/uploads\/2025\/11\/MONDELLO_LOGO_NEW_LOGO_HORIZONT_black.png","contentUrl":"https:\/\/www.monello.hu\/wp-content\/uploads\/2025\/11\/MONDELLO_LOGO_NEW_LOGO_HORIZONT_black.png","width":1722,"height":600,"caption":"Monello baby&more"},"image":{"@id":"https:\/\/www.monello.hu\/#\/schema\/logo\/image\/"},"sameAs":["https:\/\/www.facebook.com\/monellobabyandmore\/","https:\/\/www.instagram.com\/monello_moms\/","https:\/\/www.tiktok.com\/@monellobabyandmore"]}]}},"_links":{"self":[{"href":"https:\/\/www.monello.hu\/en\/wp-json\/wp\/v2\/product\/29499","targetHints":{"allow":["GET"]}}],"collection":[{"href":"https:\/\/www.monello.hu\/en\/wp-json\/wp\/v2\/product"}],"about":[{"href":"https:\/\/www.monello.hu\/en\/wp-json\/wp\/v2\/types\/product"}],"wp:featuredmedia":[{"embeddable":true,"href":"https:\/\/www.monello.hu\/en\/wp-json\/wp\/v2\/media\/29503"}],"wp:attachment":[{"href":"https:\/\/www.monello.hu\/en\/wp-json\/wp\/v2\/media?parent=29499"}],"wp:term":[{"taxonomy":"product_brand","embeddable":true,"href":"https:\/\/www.monello.hu\/en\/wp-json\/wp\/v2\/product_brand?post=29499"},{"taxonomy":"product_cat","embeddable":true,"href":"https:\/\/www.monello.hu\/en\/wp-json\/wp\/v2\/product_cat?post=29499"},{"taxonomy":"product_tag","embeddable":true,"href":"https:\/\/www.monello.hu\/en\/wp-json\/wp\/v2\/product_tag?post=29499"}],"curies":[{"name":"wp","href":"https:\/\/api.w.org\/{rel}","templated":true}]}}