{"id":28630,"date":"2024-04-25T14:44:22","date_gmt":"2024-04-25T12:44:22","guid":{"rendered":"https:\/\/www.monello.hu\/?post_type=product&#038;p=28630"},"modified":"2026-03-31T11:55:29","modified_gmt":"2026-03-31T09:55:29","slug":"1mintas-tavaszi-korsal-1-2-eves-korig","status":"publish","type":"product","link":"https:\/\/www.monello.hu\/en\/shop\/1mintas-tavaszi-korsal-1-2-eves-korig\/","title":{"rendered":"Mint\u00e1s Tavaszi k\u00f6rs\u00e1l, 1-2 \u00e9ves korig"},"content":{"rendered":"<div class=\"wpb-content-wrapper\"><div class=\"vc_row wpb_row vc_row-fluid\"><div class=\"wpb_column vc_column_container vc_col-sm-12\"><div class=\"vc_column-inner\"><div class=\"wpb_wrapper\"><\/div><\/div><\/div><\/div>\n<\/div>","protected":false},"excerpt":{"rendered":"<p>Pihe-puha, praktikus kieg\u00e9sz\u00edt\u0151je a Felfedez\u0151, Softshell, Klasszikus \u00e9s Tavaszi \/ Extra Babameleg\u00edt\u0151 Kiscsillagoknak ez a Monello baba s\u00e1l. V\u00e9kony k\u00f6rs\u00e1lk\u00e9nt v\u00e9di a teljes nyakat.<\/p>\n<p>K\u00f6nny\u0171 feladni \u00e9s levenni.<\/p>\n<p>3 mint\u00e1val el\u00e9rhet\u0151, T\u0171zolt\u00f3 aut\u00f3s, Love feliratos sz\u00edvecsk\u00e9s \u00e9s Tengeri \u00e1llatos mint\u00e1val.<\/p>\n<p>M\u00e9ret: 40*22cm \/A kis s\u00e1l m\u00e9rete: 31*19cm\/<\/p>\n<p>Sz\u00e1ll\u00edt\u00e1s 1-3 munkanap.<\/p>","protected":false},"featured_media":28629,"template":"","meta":[],"product_brand":[],"product_cat":[412],"product_tag":[410,85,129,409,444,120,359,408,356,117,458,451,97,460,459,407,411,457,178,452,450,456,455,82],"class_list":{"0":"post-28630","1":"product","2":"type-product","3":"status-publish","4":"has-post-thumbnail","6":"product_cat-monello-sal","7":"product_tag-babasal","8":"product_tag-capaszurke","9":"product_tag-csigas","10":"product_tag-csosal","11":"product_tag-felfedezo-kiscsillag","12":"product_tag-fius","13":"product_tag-klasszikus-kiscsillag","14":"product_tag-korsal","15":"product_tag-krem","16":"product_tag-lanyos","17":"product_tag-love","18":"product_tag-nyar","19":"product_tag-pihepuha","20":"product_tag-polipos","21":"product_tag-rakos","22":"product_tag-sal","23":"product_tag-softshell-kiscsillag","24":"product_tag-szivecskes","25":"product_tag-szurke","26":"product_tag-tavasz","27":"product_tag-tavaszi-csillag","28":"product_tag-tengeri-allatos","29":"product_tag-tuzoltos","30":"product_tag-unisex","32":"first","33":"instock","34":"taxable","35":"shipping-taxable","36":"purchasable","37":"product-type-variable"},"yoast_head":"<!-- This site is optimized with the Yoast SEO plugin v27.3 - https:\/\/yoast.com\/product\/yoast-seo-wordpress\/ -->\n<title>Mint\u00e1s Tavaszi k\u00f6rs\u00e1l, 1-2 \u00e9ves korig - Monello baby&amp;more<\/title>\n<meta name=\"description\" content=\"Monello baba s\u00e1l, v\u00e9kony k\u00f6rs\u00e1l, cs\u0151s\u00e1l, tavaszi s\u00e1l. Aj\u00e1nlott Monello felfedez\u0151 \u00e9s softshell babameleg\u00edt\u0151 kiscsillagokhoz, babacsillag, Monello baby&amp;more\" \/>\n<meta name=\"robots\" content=\"index, follow, max-snippet:-1, max-image-preview:large, max-video-preview:-1\" \/>\n<link rel=\"canonical\" href=\"https:\/\/www.monello.hu\/en\/shop\/1mintas-tavaszi-korsal-1-2-eves-korig\/\" \/>\n<meta property=\"og:locale\" content=\"en_GB\" \/>\n<meta property=\"og:type\" content=\"article\" \/>\n<meta property=\"og:title\" content=\"Mint\u00e1s Tavaszi k\u00f6rs\u00e1l, 1-2 \u00e9ves korig - Monello baby&amp;more\" \/>\n<meta property=\"og:description\" content=\"Monello baba s\u00e1l, v\u00e9kony k\u00f6rs\u00e1l, cs\u0151s\u00e1l, tavaszi s\u00e1l. Aj\u00e1nlott Monello felfedez\u0151 \u00e9s softshell babameleg\u00edt\u0151 kiscsillagokhoz, babacsillag, Monello baby&amp;more\" \/>\n<meta property=\"og:url\" content=\"https:\/\/www.monello.hu\/en\/shop\/1mintas-tavaszi-korsal-1-2-eves-korig\/\" \/>\n<meta property=\"og:site_name\" content=\"Monello baby&amp;more\" \/>\n<meta property=\"article:publisher\" content=\"https:\/\/www.facebook.com\/monellobabyandmore\/\" \/>\n<meta property=\"article:modified_time\" content=\"2026-03-31T09:55:29+00:00\" \/>\n<meta property=\"og:image\" content=\"https:\/\/www.monello.hu\/wp-content\/uploads\/2024\/04\/Monello_Tavaszi_Salak_Mintas.png\" \/>\n\t<meta property=\"og:image:width\" content=\"600\" \/>\n\t<meta property=\"og:image:height\" content=\"600\" \/>\n\t<meta property=\"og:image:type\" content=\"image\/png\" \/>\n<meta name=\"twitter:card\" content=\"summary_large_image\" \/>\n<meta name=\"twitter:label1\" content=\"Estimated reading time\" \/>\n\t<meta name=\"twitter:data1\" content=\"1 minute\" \/>\n<script type=\"application\/ld+json\" class=\"yoast-schema-graph\">{\"@context\":\"https:\\\/\\\/schema.org\",\"@graph\":[{\"@type\":\"WebPage\",\"@id\":\"https:\\\/\\\/www.monello.hu\\\/shop\\\/1mintas-tavaszi-korsal-1-2-eves-korig\\\/\",\"url\":\"https:\\\/\\\/www.monello.hu\\\/shop\\\/1mintas-tavaszi-korsal-1-2-eves-korig\\\/\",\"name\":\"Mint\u00e1s Tavaszi k\u00f6rs\u00e1l, 1-2 \u00e9ves korig - Monello baby&amp;more\",\"isPartOf\":{\"@id\":\"https:\\\/\\\/www.monello.hu\\\/#website\"},\"primaryImageOfPage\":{\"@id\":\"https:\\\/\\\/www.monello.hu\\\/shop\\\/1mintas-tavaszi-korsal-1-2-eves-korig\\\/#primaryimage\"},\"image\":{\"@id\":\"https:\\\/\\\/www.monello.hu\\\/shop\\\/1mintas-tavaszi-korsal-1-2-eves-korig\\\/#primaryimage\"},\"thumbnailUrl\":\"https:\\\/\\\/www.monello.hu\\\/wp-content\\\/uploads\\\/2024\\\/04\\\/Monello_Tavaszi_Salak_Mintas.png\",\"datePublished\":\"2024-04-25T12:44:22+00:00\",\"dateModified\":\"2026-03-31T09:55:29+00:00\",\"description\":\"Monello baba s\u00e1l, v\u00e9kony k\u00f6rs\u00e1l, cs\u0151s\u00e1l, tavaszi s\u00e1l. Aj\u00e1nlott Monello felfedez\u0151 \u00e9s softshell babameleg\u00edt\u0151 kiscsillagokhoz, babacsillag, Monello baby&more\",\"breadcrumb\":{\"@id\":\"https:\\\/\\\/www.monello.hu\\\/shop\\\/1mintas-tavaszi-korsal-1-2-eves-korig\\\/#breadcrumb\"},\"inLanguage\":\"en-GB\",\"potentialAction\":[{\"@type\":\"ReadAction\",\"target\":[\"https:\\\/\\\/www.monello.hu\\\/shop\\\/1mintas-tavaszi-korsal-1-2-eves-korig\\\/\"]}]},{\"@type\":\"ImageObject\",\"inLanguage\":\"en-GB\",\"@id\":\"https:\\\/\\\/www.monello.hu\\\/shop\\\/1mintas-tavaszi-korsal-1-2-eves-korig\\\/#primaryimage\",\"url\":\"https:\\\/\\\/www.monello.hu\\\/wp-content\\\/uploads\\\/2024\\\/04\\\/Monello_Tavaszi_Salak_Mintas.png\",\"contentUrl\":\"https:\\\/\\\/www.monello.hu\\\/wp-content\\\/uploads\\\/2024\\\/04\\\/Monello_Tavaszi_Salak_Mintas.png\",\"width\":600,\"height\":600,\"caption\":\"s\u00e1l,monello s\u00e1l, tavaszi s\u00e1l, t\u0171zolt\u00f3s,tengeri \u00e1llatos,szivecsk\u00e9s,polipos,r\u00e1kos,love\"},{\"@type\":\"BreadcrumbList\",\"@id\":\"https:\\\/\\\/www.monello.hu\\\/shop\\\/1mintas-tavaszi-korsal-1-2-eves-korig\\\/#breadcrumb\",\"itemListElement\":[{\"@type\":\"ListItem\",\"position\":1,\"name\":\"Home\",\"item\":\"https:\\\/\\\/www.monello.hu\\\/\"},{\"@type\":\"ListItem\",\"position\":2,\"name\":\"E-boutique\",\"item\":\"https:\\\/\\\/www.monello.hu\\\/shop\\\/\"},{\"@type\":\"ListItem\",\"position\":3,\"name\":\"Mint\u00e1s Tavaszi k\u00f6rs\u00e1l, 1-2 \u00e9ves korig\"}]},{\"@type\":\"WebSite\",\"@id\":\"https:\\\/\\\/www.monello.hu\\\/#website\",\"url\":\"https:\\\/\\\/www.monello.hu\\\/\",\"name\":\"Monello baby&more\",\"description\":\"\",\"publisher\":{\"@id\":\"https:\\\/\\\/www.monello.hu\\\/#organization\"},\"potentialAction\":[{\"@type\":\"SearchAction\",\"target\":{\"@type\":\"EntryPoint\",\"urlTemplate\":\"https:\\\/\\\/www.monello.hu\\\/?s={search_term_string}\"},\"query-input\":{\"@type\":\"PropertyValueSpecification\",\"valueRequired\":true,\"valueName\":\"search_term_string\"}}],\"inLanguage\":\"en-GB\"},{\"@type\":\"Organization\",\"@id\":\"https:\\\/\\\/www.monello.hu\\\/#organization\",\"name\":\"Monello baby&more\",\"url\":\"https:\\\/\\\/www.monello.hu\\\/\",\"logo\":{\"@type\":\"ImageObject\",\"inLanguage\":\"en-GB\",\"@id\":\"https:\\\/\\\/www.monello.hu\\\/#\\\/schema\\\/logo\\\/image\\\/\",\"url\":\"https:\\\/\\\/www.monello.hu\\\/wp-content\\\/uploads\\\/2025\\\/11\\\/MONDELLO_LOGO_NEW_LOGO_HORIZONT_black.png\",\"contentUrl\":\"https:\\\/\\\/www.monello.hu\\\/wp-content\\\/uploads\\\/2025\\\/11\\\/MONDELLO_LOGO_NEW_LOGO_HORIZONT_black.png\",\"width\":1722,\"height\":600,\"caption\":\"Monello baby&more\"},\"image\":{\"@id\":\"https:\\\/\\\/www.monello.hu\\\/#\\\/schema\\\/logo\\\/image\\\/\"},\"sameAs\":[\"https:\\\/\\\/www.facebook.com\\\/monellobabyandmore\\\/\",\"https:\\\/\\\/www.instagram.com\\\/monello_moms\\\/\",\"https:\\\/\\\/www.tiktok.com\\\/@monellobabyandmore\"]}]}<\/script>\n<!-- \/ Yoast SEO plugin. -->","yoast_head_json":{"title":"Mint\u00e1s Tavaszi k\u00f6rs\u00e1l, 1-2 \u00e9ves korig - Monello baby&amp;more","description":"Monello baba s\u00e1l, v\u00e9kony k\u00f6rs\u00e1l, cs\u0151s\u00e1l, tavaszi s\u00e1l. Aj\u00e1nlott Monello felfedez\u0151 \u00e9s softshell babameleg\u00edt\u0151 kiscsillagokhoz, babacsillag, Monello baby&more","robots":{"index":"index","follow":"follow","max-snippet":"max-snippet:-1","max-image-preview":"max-image-preview:large","max-video-preview":"max-video-preview:-1"},"canonical":"https:\/\/www.monello.hu\/en\/shop\/1mintas-tavaszi-korsal-1-2-eves-korig\/","og_locale":"en_GB","og_type":"article","og_title":"Mint\u00e1s Tavaszi k\u00f6rs\u00e1l, 1-2 \u00e9ves korig - Monello baby&amp;more","og_description":"Monello baba s\u00e1l, v\u00e9kony k\u00f6rs\u00e1l, cs\u0151s\u00e1l, tavaszi s\u00e1l. Aj\u00e1nlott Monello felfedez\u0151 \u00e9s softshell babameleg\u00edt\u0151 kiscsillagokhoz, babacsillag, Monello baby&more","og_url":"https:\/\/www.monello.hu\/en\/shop\/1mintas-tavaszi-korsal-1-2-eves-korig\/","og_site_name":"Monello baby&amp;more","article_publisher":"https:\/\/www.facebook.com\/monellobabyandmore\/","article_modified_time":"2026-03-31T09:55:29+00:00","og_image":[{"width":600,"height":600,"url":"https:\/\/www.monello.hu\/wp-content\/uploads\/2024\/04\/Monello_Tavaszi_Salak_Mintas.png","type":"image\/png"}],"twitter_card":"summary_large_image","twitter_misc":{"Estimated reading time":"1 minute"},"schema":{"@context":"https:\/\/schema.org","@graph":[{"@type":"WebPage","@id":"https:\/\/www.monello.hu\/shop\/1mintas-tavaszi-korsal-1-2-eves-korig\/","url":"https:\/\/www.monello.hu\/shop\/1mintas-tavaszi-korsal-1-2-eves-korig\/","name":"Mint\u00e1s Tavaszi k\u00f6rs\u00e1l, 1-2 \u00e9ves korig - Monello baby&amp;more","isPartOf":{"@id":"https:\/\/www.monello.hu\/#website"},"primaryImageOfPage":{"@id":"https:\/\/www.monello.hu\/shop\/1mintas-tavaszi-korsal-1-2-eves-korig\/#primaryimage"},"image":{"@id":"https:\/\/www.monello.hu\/shop\/1mintas-tavaszi-korsal-1-2-eves-korig\/#primaryimage"},"thumbnailUrl":"https:\/\/www.monello.hu\/wp-content\/uploads\/2024\/04\/Monello_Tavaszi_Salak_Mintas.png","datePublished":"2024-04-25T12:44:22+00:00","dateModified":"2026-03-31T09:55:29+00:00","description":"Monello baba s\u00e1l, v\u00e9kony k\u00f6rs\u00e1l, cs\u0151s\u00e1l, tavaszi s\u00e1l. Aj\u00e1nlott Monello felfedez\u0151 \u00e9s softshell babameleg\u00edt\u0151 kiscsillagokhoz, babacsillag, Monello baby&more","breadcrumb":{"@id":"https:\/\/www.monello.hu\/shop\/1mintas-tavaszi-korsal-1-2-eves-korig\/#breadcrumb"},"inLanguage":"en-GB","potentialAction":[{"@type":"ReadAction","target":["https:\/\/www.monello.hu\/shop\/1mintas-tavaszi-korsal-1-2-eves-korig\/"]}]},{"@type":"ImageObject","inLanguage":"en-GB","@id":"https:\/\/www.monello.hu\/shop\/1mintas-tavaszi-korsal-1-2-eves-korig\/#primaryimage","url":"https:\/\/www.monello.hu\/wp-content\/uploads\/2024\/04\/Monello_Tavaszi_Salak_Mintas.png","contentUrl":"https:\/\/www.monello.hu\/wp-content\/uploads\/2024\/04\/Monello_Tavaszi_Salak_Mintas.png","width":600,"height":600,"caption":"s\u00e1l,monello s\u00e1l, tavaszi s\u00e1l, t\u0171zolt\u00f3s,tengeri \u00e1llatos,szivecsk\u00e9s,polipos,r\u00e1kos,love"},{"@type":"BreadcrumbList","@id":"https:\/\/www.monello.hu\/shop\/1mintas-tavaszi-korsal-1-2-eves-korig\/#breadcrumb","itemListElement":[{"@type":"ListItem","position":1,"name":"Home","item":"https:\/\/www.monello.hu\/"},{"@type":"ListItem","position":2,"name":"E-boutique","item":"https:\/\/www.monello.hu\/shop\/"},{"@type":"ListItem","position":3,"name":"Mint\u00e1s Tavaszi k\u00f6rs\u00e1l, 1-2 \u00e9ves korig"}]},{"@type":"WebSite","@id":"https:\/\/www.monello.hu\/#website","url":"https:\/\/www.monello.hu\/","name":"Monello baby&more","description":"","publisher":{"@id":"https:\/\/www.monello.hu\/#organization"},"potentialAction":[{"@type":"SearchAction","target":{"@type":"EntryPoint","urlTemplate":"https:\/\/www.monello.hu\/?s={search_term_string}"},"query-input":{"@type":"PropertyValueSpecification","valueRequired":true,"valueName":"search_term_string"}}],"inLanguage":"en-GB"},{"@type":"Organization","@id":"https:\/\/www.monello.hu\/#organization","name":"Monello baby&more","url":"https:\/\/www.monello.hu\/","logo":{"@type":"ImageObject","inLanguage":"en-GB","@id":"https:\/\/www.monello.hu\/#\/schema\/logo\/image\/","url":"https:\/\/www.monello.hu\/wp-content\/uploads\/2025\/11\/MONDELLO_LOGO_NEW_LOGO_HORIZONT_black.png","contentUrl":"https:\/\/www.monello.hu\/wp-content\/uploads\/2025\/11\/MONDELLO_LOGO_NEW_LOGO_HORIZONT_black.png","width":1722,"height":600,"caption":"Monello baby&more"},"image":{"@id":"https:\/\/www.monello.hu\/#\/schema\/logo\/image\/"},"sameAs":["https:\/\/www.facebook.com\/monellobabyandmore\/","https:\/\/www.instagram.com\/monello_moms\/","https:\/\/www.tiktok.com\/@monellobabyandmore"]}]}},"_links":{"self":[{"href":"https:\/\/www.monello.hu\/en\/wp-json\/wp\/v2\/product\/28630","targetHints":{"allow":["GET"]}}],"collection":[{"href":"https:\/\/www.monello.hu\/en\/wp-json\/wp\/v2\/product"}],"about":[{"href":"https:\/\/www.monello.hu\/en\/wp-json\/wp\/v2\/types\/product"}],"wp:featuredmedia":[{"embeddable":true,"href":"https:\/\/www.monello.hu\/en\/wp-json\/wp\/v2\/media\/28629"}],"wp:attachment":[{"href":"https:\/\/www.monello.hu\/en\/wp-json\/wp\/v2\/media?parent=28630"}],"wp:term":[{"taxonomy":"product_brand","embeddable":true,"href":"https:\/\/www.monello.hu\/en\/wp-json\/wp\/v2\/product_brand?post=28630"},{"taxonomy":"product_cat","embeddable":true,"href":"https:\/\/www.monello.hu\/en\/wp-json\/wp\/v2\/product_cat?post=28630"},{"taxonomy":"product_tag","embeddable":true,"href":"https:\/\/www.monello.hu\/en\/wp-json\/wp\/v2\/product_tag?post=28630"}],"curies":[{"name":"wp","href":"https:\/\/api.w.org\/{rel}","templated":true}]}}