{"id":11346,"date":"2020-12-12T11:52:53","date_gmt":"2020-12-12T11:52:53","guid":{"rendered":"https:\/\/www.monello.hu\/?post_type=product&#038;p=11346"},"modified":"2024-06-28T08:17:11","modified_gmt":"2024-06-28T06:17:11","slug":"ajandek-utalvany-daddycool","status":"publish","type":"product","link":"https:\/\/www.monello.hu\/en\/shop\/ajandek-utalvany-daddycool\/","title":{"rendered":"Aj\u00e1nd\u00e9k Utalv\u00e1ny &#8211; Daddy Cool"},"content":{"rendered":"<div class=\"wpb-content-wrapper\"><div class=\"vc_row wpb_row vc_row-fluid\"><div class=\"wpb_column vc_column_container vc_col-sm-12\"><div class=\"vc_column-inner\"><div class=\"wpb_wrapper\"><\/div><\/div><\/div><\/div>\n<\/div>","protected":false},"excerpt":{"rendered":"<p><strong>A v\u00e1s\u00e1rl\u00e1si utalv\u00e1ny seg\u00edt, ha szeretn\u00e9l valamilyen k\u00e9zzel foghat\u00f3 aj\u00e1nd\u00e9kot adni.<br \/>\n<\/strong><\/p>\n<p>V\u00e1lassz a megadott p\u00e9nz\u00f6sszegek k\u00f6z\u00fcl.<\/p>\n<p><strong>A megjegyz\u00e9s rovatba \u00edrd be k\u00e9rlek az aj\u00e1nd\u00e9kozott nev\u00e9t megrendel\u00e9skor,<\/strong> hogy a v\u00e1s\u00e1rl\u00e1si utalv\u00e1nyt ki tudjuk t\u00f6lteni.<\/p>\n<p><strong>A v\u00e1s\u00e1rl\u00e1si utalv\u00e1nyhoz aj\u00e1nd\u00e9kba adunk<\/strong><\/p>\n<ul>\n<li>egy mini unisex sz\u00edn\u0171 PihePuha PelusP\u00e1rn\u00e1t \u00e9s<\/li>\n<li>egy The Body Shop term\u00e9kmint\u00e1t.<\/li>\n<\/ul>\n<p>Kis dobozban, k\u00fcl\u00f6n selyem pap\u00edrral \u00e9s szalaggal, aj\u00e1nd\u00e9kos k\u00e1rty\u00e1val k\u00fcldj\u00fck, hogy \u00e1t tudd k\u00f6tni, hozz\u00e1 \u00edrni \u00e9s \u00fagy \u00e1tadni annak, akit szeretn\u00e9l vele meglepni.<\/p>\n<p><strong>Amennyiben direktben az aj\u00e1nd\u00e9kozottnak k\u00fclden\u00e9d,<\/strong> mert szuper biztons\u00e1gosan gondolkozol, picurka m\u00e9g a baba \u00e9s egy\u00e9bk\u00e9nt sem tudn\u00e1tok m\u00e9g megl\u00e1togatni, akkor sz\u00edvesen hozz\u00e1 \u00edrjuk a szem\u00e9lyes \u00fczenetedet. Ebben az esetben a sz\u00e1ll\u00edt\u00e1si c\u00edmhez az aj\u00e1nd\u00e9kozott nev\u00e9t add meg. A sz\u00e1ml\u00e1t pedig neked fogjuk csak k\u00fcldeni elektronikusan e-mailben.<\/p>","protected":false},"featured_media":11353,"template":"","meta":[],"product_brand":[],"product_cat":[302],"product_tag":[277,98,95,85,213,212,97,178,211,82],"class_list":{"0":"post-11346","1":"product","2":"type-product","3":"status-publish","4":"has-post-thumbnail","6":"product_cat-monello_utalvany","7":"product_tag-ajandekkartya","8":"product_tag-babamalegito-kiscsillag","9":"product_tag-babamelegito-picicsillag","10":"product_tag-capaszurke","11":"product_tag-klasszikus-babamelegito-kiscsillag","12":"product_tag-nyari-babamelegito-kiscsillag","13":"product_tag-pihepuha","14":"product_tag-szurke","15":"product_tag-teli-babamelegito-kiscsillag","16":"product_tag-unisex","18":"first","19":"instock","20":"taxable","21":"shipping-taxable","22":"purchasable","23":"product-type-variable"},"yoast_head":"<!-- This site is optimized with the Yoast SEO plugin v27.3 - https:\/\/yoast.com\/product\/yoast-seo-wordpress\/ -->\n<title>Aj\u00e1nd\u00e9k Utalv\u00e1ny - Daddy Cool - Monello baby&amp;more<\/title>\n<meta name=\"description\" content=\"Az Aj\u00e1nd\u00e9k k\u00e1rtya Monello baby&amp;more term\u00e9kek v\u00e1s\u00e1rl\u00e1s\u00e1ra jogos\u00edt fel. Meghat\u00e1rozott \u00f6sszegben, vagy egy\u00e9nileg term\u00e9kre meghat\u00e1rozva is. V\u00e1laszd Kar\u00e1csonyra!\" \/>\n<meta name=\"robots\" content=\"index, follow, max-snippet:-1, max-image-preview:large, max-video-preview:-1\" \/>\n<link rel=\"canonical\" href=\"https:\/\/www.monello.hu\/en\/shop\/ajandek-utalvany-daddycool\/\" \/>\n<meta property=\"og:locale\" content=\"en_GB\" \/>\n<meta property=\"og:type\" content=\"article\" \/>\n<meta property=\"og:title\" content=\"Aj\u00e1nd\u00e9k Utalv\u00e1ny - Daddy Cool - Monello baby&amp;more\" \/>\n<meta property=\"og:description\" content=\"Az Aj\u00e1nd\u00e9k k\u00e1rtya Monello baby&amp;more term\u00e9kek v\u00e1s\u00e1rl\u00e1s\u00e1ra jogos\u00edt fel. Meghat\u00e1rozott \u00f6sszegben, vagy egy\u00e9nileg term\u00e9kre meghat\u00e1rozva is. V\u00e1laszd Kar\u00e1csonyra!\" \/>\n<meta property=\"og:url\" content=\"https:\/\/www.monello.hu\/en\/shop\/ajandek-utalvany-daddycool\/\" \/>\n<meta property=\"og:site_name\" content=\"Monello baby&amp;more\" \/>\n<meta property=\"article:publisher\" content=\"https:\/\/www.facebook.com\/monellobabyandmore\/\" \/>\n<meta property=\"article:modified_time\" content=\"2024-06-28T06:17:11+00:00\" \/>\n<meta property=\"og:image\" content=\"https:\/\/www.monello.hu\/wp-content\/uploads\/2020\/12\/Borito_Ajandekutalvany_Daddy.png\" \/>\n\t<meta property=\"og:image:width\" content=\"1080\" \/>\n\t<meta property=\"og:image:height\" content=\"1080\" \/>\n\t<meta property=\"og:image:type\" content=\"image\/png\" \/>\n<meta name=\"twitter:card\" content=\"summary_large_image\" \/>\n<meta name=\"twitter:label1\" content=\"Estimated reading time\" \/>\n\t<meta name=\"twitter:data1\" content=\"1 minute\" \/>\n<script type=\"application\/ld+json\" class=\"yoast-schema-graph\">{\"@context\":\"https:\\\/\\\/schema.org\",\"@graph\":[{\"@type\":\"WebPage\",\"@id\":\"https:\\\/\\\/www.monello.hu\\\/shop\\\/ajandek-utalvany-daddycool\\\/\",\"url\":\"https:\\\/\\\/www.monello.hu\\\/shop\\\/ajandek-utalvany-daddycool\\\/\",\"name\":\"Aj\u00e1nd\u00e9k Utalv\u00e1ny - Daddy Cool - Monello baby&amp;more\",\"isPartOf\":{\"@id\":\"https:\\\/\\\/www.monello.hu\\\/#website\"},\"primaryImageOfPage\":{\"@id\":\"https:\\\/\\\/www.monello.hu\\\/shop\\\/ajandek-utalvany-daddycool\\\/#primaryimage\"},\"image\":{\"@id\":\"https:\\\/\\\/www.monello.hu\\\/shop\\\/ajandek-utalvany-daddycool\\\/#primaryimage\"},\"thumbnailUrl\":\"https:\\\/\\\/www.monello.hu\\\/wp-content\\\/uploads\\\/2020\\\/12\\\/Borito_Ajandekutalvany_Daddy.png\",\"datePublished\":\"2020-12-12T11:52:53+00:00\",\"dateModified\":\"2024-06-28T06:17:11+00:00\",\"description\":\"Az Aj\u00e1nd\u00e9k k\u00e1rtya Monello baby&more term\u00e9kek v\u00e1s\u00e1rl\u00e1s\u00e1ra jogos\u00edt fel. Meghat\u00e1rozott \u00f6sszegben, vagy egy\u00e9nileg term\u00e9kre meghat\u00e1rozva is. V\u00e1laszd Kar\u00e1csonyra!\",\"breadcrumb\":{\"@id\":\"https:\\\/\\\/www.monello.hu\\\/shop\\\/ajandek-utalvany-daddycool\\\/#breadcrumb\"},\"inLanguage\":\"en-GB\",\"potentialAction\":[{\"@type\":\"ReadAction\",\"target\":[\"https:\\\/\\\/www.monello.hu\\\/shop\\\/ajandek-utalvany-daddycool\\\/\"]}]},{\"@type\":\"ImageObject\",\"inLanguage\":\"en-GB\",\"@id\":\"https:\\\/\\\/www.monello.hu\\\/shop\\\/ajandek-utalvany-daddycool\\\/#primaryimage\",\"url\":\"https:\\\/\\\/www.monello.hu\\\/wp-content\\\/uploads\\\/2020\\\/12\\\/Borito_Ajandekutalvany_Daddy.png\",\"contentUrl\":\"https:\\\/\\\/www.monello.hu\\\/wp-content\\\/uploads\\\/2020\\\/12\\\/Borito_Ajandekutalvany_Daddy.png\",\"width\":1080,\"height\":1080},{\"@type\":\"BreadcrumbList\",\"@id\":\"https:\\\/\\\/www.monello.hu\\\/shop\\\/ajandek-utalvany-daddycool\\\/#breadcrumb\",\"itemListElement\":[{\"@type\":\"ListItem\",\"position\":1,\"name\":\"Home\",\"item\":\"https:\\\/\\\/www.monello.hu\\\/\"},{\"@type\":\"ListItem\",\"position\":2,\"name\":\"E-boutique\",\"item\":\"https:\\\/\\\/www.monello.hu\\\/shop\\\/\"},{\"@type\":\"ListItem\",\"position\":3,\"name\":\"Aj\u00e1nd\u00e9k Utalv\u00e1ny &#8211; Daddy Cool\"}]},{\"@type\":\"WebSite\",\"@id\":\"https:\\\/\\\/www.monello.hu\\\/#website\",\"url\":\"https:\\\/\\\/www.monello.hu\\\/\",\"name\":\"Monello baby&more\",\"description\":\"\",\"publisher\":{\"@id\":\"https:\\\/\\\/www.monello.hu\\\/#organization\"},\"potentialAction\":[{\"@type\":\"SearchAction\",\"target\":{\"@type\":\"EntryPoint\",\"urlTemplate\":\"https:\\\/\\\/www.monello.hu\\\/?s={search_term_string}\"},\"query-input\":{\"@type\":\"PropertyValueSpecification\",\"valueRequired\":true,\"valueName\":\"search_term_string\"}}],\"inLanguage\":\"en-GB\"},{\"@type\":\"Organization\",\"@id\":\"https:\\\/\\\/www.monello.hu\\\/#organization\",\"name\":\"Monello baby&more\",\"url\":\"https:\\\/\\\/www.monello.hu\\\/\",\"logo\":{\"@type\":\"ImageObject\",\"inLanguage\":\"en-GB\",\"@id\":\"https:\\\/\\\/www.monello.hu\\\/#\\\/schema\\\/logo\\\/image\\\/\",\"url\":\"https:\\\/\\\/www.monello.hu\\\/wp-content\\\/uploads\\\/2025\\\/11\\\/MONDELLO_LOGO_NEW_LOGO_HORIZONT_black.png\",\"contentUrl\":\"https:\\\/\\\/www.monello.hu\\\/wp-content\\\/uploads\\\/2025\\\/11\\\/MONDELLO_LOGO_NEW_LOGO_HORIZONT_black.png\",\"width\":1722,\"height\":600,\"caption\":\"Monello baby&more\"},\"image\":{\"@id\":\"https:\\\/\\\/www.monello.hu\\\/#\\\/schema\\\/logo\\\/image\\\/\"},\"sameAs\":[\"https:\\\/\\\/www.facebook.com\\\/monellobabyandmore\\\/\",\"https:\\\/\\\/www.instagram.com\\\/monello_moms\\\/\",\"https:\\\/\\\/www.tiktok.com\\\/@monellobabyandmore\"]}]}<\/script>\n<!-- \/ Yoast SEO plugin. -->","yoast_head_json":{"title":"Aj\u00e1nd\u00e9k Utalv\u00e1ny - Daddy Cool - Monello baby&amp;more","description":"Az Aj\u00e1nd\u00e9k k\u00e1rtya Monello baby&more term\u00e9kek v\u00e1s\u00e1rl\u00e1s\u00e1ra jogos\u00edt fel. Meghat\u00e1rozott \u00f6sszegben, vagy egy\u00e9nileg term\u00e9kre meghat\u00e1rozva is. V\u00e1laszd Kar\u00e1csonyra!","robots":{"index":"index","follow":"follow","max-snippet":"max-snippet:-1","max-image-preview":"max-image-preview:large","max-video-preview":"max-video-preview:-1"},"canonical":"https:\/\/www.monello.hu\/en\/shop\/ajandek-utalvany-daddycool\/","og_locale":"en_GB","og_type":"article","og_title":"Aj\u00e1nd\u00e9k Utalv\u00e1ny - Daddy Cool - Monello baby&amp;more","og_description":"Az Aj\u00e1nd\u00e9k k\u00e1rtya Monello baby&more term\u00e9kek v\u00e1s\u00e1rl\u00e1s\u00e1ra jogos\u00edt fel. Meghat\u00e1rozott \u00f6sszegben, vagy egy\u00e9nileg term\u00e9kre meghat\u00e1rozva is. V\u00e1laszd Kar\u00e1csonyra!","og_url":"https:\/\/www.monello.hu\/en\/shop\/ajandek-utalvany-daddycool\/","og_site_name":"Monello baby&amp;more","article_publisher":"https:\/\/www.facebook.com\/monellobabyandmore\/","article_modified_time":"2024-06-28T06:17:11+00:00","og_image":[{"width":1080,"height":1080,"url":"https:\/\/www.monello.hu\/wp-content\/uploads\/2020\/12\/Borito_Ajandekutalvany_Daddy.png","type":"image\/png"}],"twitter_card":"summary_large_image","twitter_misc":{"Estimated reading time":"1 minute"},"schema":{"@context":"https:\/\/schema.org","@graph":[{"@type":"WebPage","@id":"https:\/\/www.monello.hu\/shop\/ajandek-utalvany-daddycool\/","url":"https:\/\/www.monello.hu\/shop\/ajandek-utalvany-daddycool\/","name":"Aj\u00e1nd\u00e9k Utalv\u00e1ny - Daddy Cool - Monello baby&amp;more","isPartOf":{"@id":"https:\/\/www.monello.hu\/#website"},"primaryImageOfPage":{"@id":"https:\/\/www.monello.hu\/shop\/ajandek-utalvany-daddycool\/#primaryimage"},"image":{"@id":"https:\/\/www.monello.hu\/shop\/ajandek-utalvany-daddycool\/#primaryimage"},"thumbnailUrl":"https:\/\/www.monello.hu\/wp-content\/uploads\/2020\/12\/Borito_Ajandekutalvany_Daddy.png","datePublished":"2020-12-12T11:52:53+00:00","dateModified":"2024-06-28T06:17:11+00:00","description":"Az Aj\u00e1nd\u00e9k k\u00e1rtya Monello baby&more term\u00e9kek v\u00e1s\u00e1rl\u00e1s\u00e1ra jogos\u00edt fel. Meghat\u00e1rozott \u00f6sszegben, vagy egy\u00e9nileg term\u00e9kre meghat\u00e1rozva is. V\u00e1laszd Kar\u00e1csonyra!","breadcrumb":{"@id":"https:\/\/www.monello.hu\/shop\/ajandek-utalvany-daddycool\/#breadcrumb"},"inLanguage":"en-GB","potentialAction":[{"@type":"ReadAction","target":["https:\/\/www.monello.hu\/shop\/ajandek-utalvany-daddycool\/"]}]},{"@type":"ImageObject","inLanguage":"en-GB","@id":"https:\/\/www.monello.hu\/shop\/ajandek-utalvany-daddycool\/#primaryimage","url":"https:\/\/www.monello.hu\/wp-content\/uploads\/2020\/12\/Borito_Ajandekutalvany_Daddy.png","contentUrl":"https:\/\/www.monello.hu\/wp-content\/uploads\/2020\/12\/Borito_Ajandekutalvany_Daddy.png","width":1080,"height":1080},{"@type":"BreadcrumbList","@id":"https:\/\/www.monello.hu\/shop\/ajandek-utalvany-daddycool\/#breadcrumb","itemListElement":[{"@type":"ListItem","position":1,"name":"Home","item":"https:\/\/www.monello.hu\/"},{"@type":"ListItem","position":2,"name":"E-boutique","item":"https:\/\/www.monello.hu\/shop\/"},{"@type":"ListItem","position":3,"name":"Aj\u00e1nd\u00e9k Utalv\u00e1ny &#8211; Daddy Cool"}]},{"@type":"WebSite","@id":"https:\/\/www.monello.hu\/#website","url":"https:\/\/www.monello.hu\/","name":"Monello baby&more","description":"","publisher":{"@id":"https:\/\/www.monello.hu\/#organization"},"potentialAction":[{"@type":"SearchAction","target":{"@type":"EntryPoint","urlTemplate":"https:\/\/www.monello.hu\/?s={search_term_string}"},"query-input":{"@type":"PropertyValueSpecification","valueRequired":true,"valueName":"search_term_string"}}],"inLanguage":"en-GB"},{"@type":"Organization","@id":"https:\/\/www.monello.hu\/#organization","name":"Monello baby&more","url":"https:\/\/www.monello.hu\/","logo":{"@type":"ImageObject","inLanguage":"en-GB","@id":"https:\/\/www.monello.hu\/#\/schema\/logo\/image\/","url":"https:\/\/www.monello.hu\/wp-content\/uploads\/2025\/11\/MONDELLO_LOGO_NEW_LOGO_HORIZONT_black.png","contentUrl":"https:\/\/www.monello.hu\/wp-content\/uploads\/2025\/11\/MONDELLO_LOGO_NEW_LOGO_HORIZONT_black.png","width":1722,"height":600,"caption":"Monello baby&more"},"image":{"@id":"https:\/\/www.monello.hu\/#\/schema\/logo\/image\/"},"sameAs":["https:\/\/www.facebook.com\/monellobabyandmore\/","https:\/\/www.instagram.com\/monello_moms\/","https:\/\/www.tiktok.com\/@monellobabyandmore"]}]}},"_links":{"self":[{"href":"https:\/\/www.monello.hu\/en\/wp-json\/wp\/v2\/product\/11346","targetHints":{"allow":["GET"]}}],"collection":[{"href":"https:\/\/www.monello.hu\/en\/wp-json\/wp\/v2\/product"}],"about":[{"href":"https:\/\/www.monello.hu\/en\/wp-json\/wp\/v2\/types\/product"}],"wp:featuredmedia":[{"embeddable":true,"href":"https:\/\/www.monello.hu\/en\/wp-json\/wp\/v2\/media\/11353"}],"wp:attachment":[{"href":"https:\/\/www.monello.hu\/en\/wp-json\/wp\/v2\/media?parent=11346"}],"wp:term":[{"taxonomy":"product_brand","embeddable":true,"href":"https:\/\/www.monello.hu\/en\/wp-json\/wp\/v2\/product_brand?post=11346"},{"taxonomy":"product_cat","embeddable":true,"href":"https:\/\/www.monello.hu\/en\/wp-json\/wp\/v2\/product_cat?post=11346"},{"taxonomy":"product_tag","embeddable":true,"href":"https:\/\/www.monello.hu\/en\/wp-json\/wp\/v2\/product_tag?post=11346"}],"curies":[{"name":"wp","href":"https:\/\/api.w.org\/{rel}","templated":true}]}}