{"id":53,"date":"2018-05-24T17:38:17","date_gmt":"2018-05-24T17:38:17","guid":{"rendered":"https:\/\/monello.hu\/?page_id=53"},"modified":"2018-06-02T19:13:59","modified_gmt":"2018-06-02T19:13:59","slug":"tippek","status":"publish","type":"page","link":"https:\/\/www.monello.hu\/en\/tippek\/","title":{"rendered":"Tips"},"content":{"rendered":"<div class=\"wpb-content-wrapper\"><div class=\"vc_row wpb_row vc_row-fluid\"><div class=\"wpb_column vc_column_container vc_col-sm-12\"><div class=\"vc_column-inner\"><div class=\"wpb_wrapper\">\n\t<div class=\"wpb_text_column wpb_content_element\" >\n\t\t<div class=\"wpb_wrapper\">\n\t\t\t<p>Mi <strong>Monello Mamik<\/strong> az \u00e9vek alatt annyi sok <strong>praktikus \u00f6tletet<\/strong> gy\u0171jt\u00f6tt\u00fcnk \u00f6ssze, hogy \u00fagy d\u00f6nt\u00f6tt\u00fcnk egyr\u00e9szt j\u00f3 lenne, ha ezek egy csokorban megtal\u00e1lhat\u00f3ak lenn\u00e9nek a k\u00e9s\u0151bbiekben is, m\u00e1sr\u00e9szt <strong>h\u00e1tha nektek is seg\u00edteni tudunk vele<\/strong>. Harmadr\u00e9szt pedig miut\u00e1n praktikus term\u00e9keket k\u00e9sz\u00edt\u00fcnk nektek a <strong>\u201ePraktikus gondoskod\u00e1s\u201d<\/strong> jegy\u00e9ben, ez\u00e9rt \u00fagy duk\u00e1l, hogy <strong>praktikus tan\u00e1csokkal, \u00f6tletekkel<\/strong> tudjunk ell\u00e1tni benneteket.<\/p>\n<p>Miut\u00e1n a Monello Mamik <strong>t\u00e1bora folyamatosan n\u0151<\/strong>, \u00edgy ez a <strong>tartalom is folyamatosan b\u0151v\u00fclni fog.<\/strong> Ha \u00fagy \u00e9rzed van olyan, amit <strong>sz\u00edvesen megosztan\u00e1l vel\u00fcnk, k\u00e9rlek \u00edrd meg<\/strong> az <a href=\"mailto:info@monello.hu\">info@monello.hu<\/a> email c\u00edmre, \u00e9s amennyiben a Monello Mamik vil\u00e1g\u00e1ba passzol a praktikus \u00f6tleted, akkor itt k\u00f6zz\u00e9 fogjuk azt tenni.<\/p>\n<p>Ne felejts\u00e9tek ez a <strong>Mi Monello Mami Vil\u00e1gunk,<\/strong> a Mi gondolataink, ha valamivel nem \u00e9rtesz egyet, az is azt mutatja, hogy milyen <strong>soksz\u00edn\u0171ek vagyunk, mindannyian m\u00e1sok<\/strong>, de egy dologban viszont egyez\u00fcnk: <strong>mindannyian Any\u00e1k vagyun<\/strong>k \u00e9s<strong> ha, csak egy anyuk\u00e1nak is seg\u00edtett\u00fcnk<\/strong>, akkor m\u00e1r meg\u00e9rte.<\/p>\n<p>Fogadj\u00e1tok h\u00e1t szeretettel.<\/p>\n\n\t\t<\/div>\n\t<\/div>\n\n<div class=\"vc_grid-container-wrapper vc_clearfix vc_grid-animation-fadeIn\">\n\t<div class=\"vc_grid-container vc_clearfix wpb_content_element vc_basic_grid\" data-initial-loading-animation=\"fadeIn\" data-vc-grid-settings=\"{&quot;page_id&quot;:53,&quot;style&quot;:&quot;all&quot;,&quot;action&quot;:&quot;vc_get_vc_grid_data&quot;,&quot;shortcode_id&quot;:&quot;1527796235458-75f75551-73be-3&quot;,&quot;tag&quot;:&quot;vc_basic_grid&quot;}\" data-vc-request=\"https:\/\/www.monello.hu\/wp-admin\/admin-ajax.php\" data-vc-post-id=\"53\" data-vc-public-nonce=\"4db134986b\">\n\t\t<style data-type=\"vc_shortcodes-custom-css\">.vc_custom_1419240516480{background-color: #f9f9f9 !important;}<\/style><div class=\"vc_grid vc_row vc_grid-gutter-30px vc_pageable-wrapper vc_hook_hover\" data-vc-pageable-content=\"true\"><div class=\"vc_pageable-slide-wrapper vc_clearfix\" data-vc-grid-content=\"true\"><div class=\"vc_grid-item vc_clearfix vc_col-sm-4 vc_grid-item-zone-c-bottom\"><div class=\"vc_grid-item-mini vc_clearfix \"><div class=\"vc_gitem-animated-block\" ><div class=\"vc_gitem-zone vc_gitem-zone-a vc-gitem-zone-height-mode-auto vc-gitem-zone-height-mode-auto-1-1 vc_gitem-is-link\" style=\"background-image: url('https:\/\/www.monello.hu\/wp-content\/uploads\/2022\/09\/Monello_Softshell_capa_kozaknyogerbrigi.png') !important;\"><a href=\"https:\/\/www.monello.hu\/en\/2024\/03\/20\/a-softshell-kiscsillagok-tisztitasi-utmutatoja\/\" title=\"A Softshell Kiscsillagok tiszt\u00edt\u00e1si \u00fatmutat\u00f3ja\" class=\"vc_gitem-link vc-zone-link\" ><\/a><img decoding=\"async\" class=\"vc_gitem-zone-img\" src=\"https:\/\/www.monello.hu\/wp-content\/uploads\/2022\/09\/Monello_Softshell_capa_kozaknyogerbrigi.png\" alt=\"A Monello Softshell Kiscsillagok tiszt\u00edt\u00e1sa nem a hagyom\u00e1nyos mos\u00e1si  - sz\u00e1r\u00edt\u00e1si m\u00f3don t\u00f6rt\u00e9nik, fontos ennek figyelembe v\u00e9tele a Monello Softshell Kiscsillagok min\u0151s\u00e9g\u00e9nek , v\u00edz \u00e9s sz\u00e9l\u00e1ll\u00f3s\u00e1g\u00e1nak, l\u00e9g\u00e1tereszt\u0151 k\u00e9pess\u00e9g\u00e9nek megtart\u00e1sa miatt >>\" loading=\"lazy\"><div class=\"vc_gitem-zone-mini\"><\/div><\/div><\/div><div class=\"vc_gitem-zone vc_gitem-zone-c vc_custom_1419240516480\"><div class=\"vc_gitem-zone-mini\"><div class=\"vc_gitem_row vc_row vc_gitem-row-position-top\"><div class=\"vc_col-sm-12 vc_gitem-col vc_gitem-col-align-\"><div class=\"vc_custom_heading vc_gitem-post-data vc_gitem-post-data-source-post_title\" ><h4 style=\"text-align: left\" >A Softshell Kiscsillagok tiszt\u00edt\u00e1si \u00fatmutat\u00f3ja<\/h4><\/div><div class=\"vc_custom_heading vc_gitem-post-data vc_gitem-post-data-source-post_excerpt\" ><p style=\"text-align: left\" ><p>A Monello Softshell Kiscsillagok tiszt\u00edt\u00e1sa nem a hagyom\u00e1nyos mos\u00e1si  &#8211; sz\u00e1r\u00edt\u00e1si m\u00f3don t\u00f6rt\u00e9nik, fontos ennek figyelembe v\u00e9tele a Monello Softshell Kiscsillagok min\u0151s\u00e9g\u00e9nek , v\u00edz \u00e9s sz\u00e9l\u00e1ll\u00f3s\u00e1g\u00e1nak, l\u00e9g\u00e1tereszt\u0151 k\u00e9pess\u00e9g\u00e9nek megtart\u00e1sa miatt >><\/p>\n<\/p><\/div><div class=\"vc_btn3-container vc_btn3-left\"><a class=\"vc_general vc_btn3 vc_btn3-size-md vc_btn3-shape-rounded vc_btn3-style-flat vc_btn3-color-juicy-pink\" a href=\"https:\/\/www.monello.hu\/en\/2024\/03\/20\/a-softshell-kiscsillagok-tisztitasi-utmutatoja\/\" class=\"vc_gitem-link vc_general vc_btn3 vc_general vc_btn3 vc_btn3-size-md vc_btn3-shape-rounded vc_btn3-style-flat vc_btn3-color-juicy-pink\" title=\"Read more\">Read more<\/a><\/div><\/div><\/div><\/div><\/div><\/div><div class=\"vc_clearfix\"><\/div><\/div><div class=\"vc_grid-item vc_clearfix vc_col-sm-4 vc_grid-item-zone-c-bottom\"><div class=\"vc_grid-item-mini vc_clearfix \"><div class=\"vc_gitem-animated-block\" ><div class=\"vc_gitem-zone vc_gitem-zone-a vc-gitem-zone-height-mode-auto vc-gitem-zone-height-mode-auto-1-1 vc_gitem-is-link\" style=\"background-image: url('https:\/\/www.monello.hu\/wp-content\/uploads\/2018\/06\/babakelengye1.png') !important;\"><a href=\"https:\/\/www.monello.hu\/en\/2018\/06\/01\/babakelengye-lista\/\" title=\"Babakelengye Lista\" class=\"vc_gitem-link vc-zone-link\" ><\/a><img decoding=\"async\" class=\"vc_gitem-zone-img\" src=\"https:\/\/www.monello.hu\/wp-content\/uploads\/2018\/06\/babakelengye1.png\" alt=\"babakelengye lista Monello kisbaba, ujsz\u00fcl\u00f6tt, csecsem\u0151, kelengye lista, baba mama v\u00e1s\u00e1rl\u00f3 lista, mit vigyek a k\u00f3rh\u00e1zba, k\u00f3rh\u00e1zi t\u00e1ska tartalma\" loading=\"lazy\"><div class=\"vc_gitem-zone-mini\"><\/div><\/div><\/div><div class=\"vc_gitem-zone vc_gitem-zone-c vc_custom_1419240516480\"><div class=\"vc_gitem-zone-mini\"><div class=\"vc_gitem_row vc_row vc_gitem-row-position-top\"><div class=\"vc_col-sm-12 vc_gitem-col vc_gitem-col-align-\"><div class=\"vc_custom_heading vc_gitem-post-data vc_gitem-post-data-source-post_title\" ><h4 style=\"text-align: left\" >Babakelengye Lista<\/h4><\/div><div class=\"vc_custom_heading vc_gitem-post-data vc_gitem-post-data-source-post_excerpt\" ><p style=\"text-align: left\" ><p>Babakelengye lista &nbsp;1.) Babaszoba Kis\u00e1gy Matrac, moshat\u00f3 nedvsz\u00edv\u00f3 huzattal 3-4 db gumis textil leped\u0151 2 db r\u00e1csv\u00e9d\u0151 textil 1db vastag \u00e9s 1 db v\u00e9kony takar\u00f3 Ha k\u00fcl\u00f6n alszik: l\u00e9gz\u00e9sfigyel\u0151+b\u00e9bi \u0151r Valami l\u00f3g\u00f3 neki a kis\u00e1gy f\u00f6l\u00e9 Pelenk\u00e1z\u00f3 szivacs, vagy kom\u00f3d Kis kos\u00e1r vagy doboz a kenc\u00e9knek 1 csomag pelenka (\u00e9rdemes el\u0151sz\u00f6r k\u00f6ld\u00f6kcsonk v\u00e9d\u0151set venni) 10-15 [&hellip;]<\/p>\n<\/p><\/div><div class=\"vc_btn3-container vc_btn3-left\"><a class=\"vc_general vc_btn3 vc_btn3-size-md vc_btn3-shape-rounded vc_btn3-style-flat vc_btn3-color-juicy-pink\" a href=\"https:\/\/www.monello.hu\/en\/2018\/06\/01\/babakelengye-lista\/\" class=\"vc_gitem-link vc_general vc_btn3 vc_general vc_btn3 vc_btn3-size-md vc_btn3-shape-rounded vc_btn3-style-flat vc_btn3-color-juicy-pink\" title=\"Read more\">Read more<\/a><\/div><\/div><\/div><\/div><\/div><\/div><div class=\"vc_clearfix\"><\/div><\/div><div class=\"vc_grid-item vc_clearfix vc_col-sm-4 vc_grid-item-zone-c-bottom\"><div class=\"vc_grid-item-mini vc_clearfix \"><div class=\"vc_gitem-animated-block\" ><div class=\"vc_gitem-zone vc_gitem-zone-a vc-gitem-zone-height-mode-auto vc-gitem-zone-height-mode-auto-1-1 vc_gitem-is-link\" style=\"background-image: url('https:\/\/www.monello.hu\/wp-content\/uploads\/2018\/05\/tippek2.png') !important;\"><a href=\"https:\/\/www.monello.hu\/en\/2018\/05\/27\/hasznos-tippek-anyukaktol-anyukaknak\/\" title=\"Anya lettem!!! Mit csin\u00e1lok rosszul??? Seg\u00edts\u00e9\u00e9\u00e9\u00e9g!!!\" class=\"vc_gitem-link vc-zone-link\" ><\/a><img decoding=\"async\" class=\"vc_gitem-zone-img\" src=\"https:\/\/www.monello.hu\/wp-content\/uploads\/2018\/05\/tippek2.png\" alt=\"Anya lettem!!! Mit csin\u00e1lok rosszul??? Seg\u00edts\u00e9\u00e9\u00e9\u00e9g!!!\" loading=\"lazy\"><div class=\"vc_gitem-zone-mini\"><\/div><\/div><\/div><div class=\"vc_gitem-zone vc_gitem-zone-c vc_custom_1419240516480\"><div class=\"vc_gitem-zone-mini\"><div class=\"vc_gitem_row vc_row vc_gitem-row-position-top\"><div class=\"vc_col-sm-12 vc_gitem-col vc_gitem-col-align-\"><div class=\"vc_custom_heading vc_gitem-post-data vc_gitem-post-data-source-post_title\" ><h4 style=\"text-align: left\" >Anya lettem!!! Mit csin\u00e1lok rosszul??? Seg\u00edts\u00e9\u00e9\u00e9\u00e9g!!!<\/h4><\/div><div class=\"vc_custom_heading vc_gitem-post-data vc_gitem-post-data-source-post_excerpt\" ><p style=\"text-align: left\" ><p>Anya lettem!!! Mit csin\u00e1lok rosszul??? Seg\u00edts\u00e9\u00e9\u00e9g!!! &#8230;tudd ez az id\u0151szak mindenkinek nagyon neh\u00e9z volt, csak az id\u0151 ugye sok mindent megsz\u00e9p\u00edt&#8230; Hogyan is k\u00e9sz\u00edten\u00e9l fel egy leend\u0151 anyuk\u00e1t arra, hogy mi v\u00e1r r\u00e1? Mi\u00e9rt venn\u00e9d el a kedv\u00e9t m\u00e9g a boldog pocakos id\u0151szakban, el\u0151re ijesztgetve \u0151t? Amikor pedig elm\u00falik a sz\u00fcl\u00e9s ut\u00e1ni adrenalin fr\u00f6ccs \u00e9s [&hellip;]<\/p>\n<\/p><\/div><div class=\"vc_btn3-container vc_btn3-left\"><a class=\"vc_general vc_btn3 vc_btn3-size-md vc_btn3-shape-rounded vc_btn3-style-flat vc_btn3-color-juicy-pink\" a href=\"https:\/\/www.monello.hu\/en\/2018\/05\/27\/hasznos-tippek-anyukaktol-anyukaknak\/\" class=\"vc_gitem-link vc_general vc_btn3 vc_general vc_btn3 vc_btn3-size-md vc_btn3-shape-rounded vc_btn3-style-flat vc_btn3-color-juicy-pink\" title=\"Read more\">Read more<\/a><\/div><\/div><\/div><\/div><\/div><\/div><div class=\"vc_clearfix\"><\/div><\/div><div class=\"vc_grid-item vc_clearfix vc_col-sm-4 vc_grid-item-zone-c-bottom\"><div class=\"vc_grid-item-mini vc_clearfix \"><div class=\"vc_gitem-animated-block\" ><div class=\"vc_gitem-zone vc_gitem-zone-a vc-gitem-zone-height-mode-auto vc-gitem-zone-height-mode-auto-1-1 vc_gitem-is-link\" style=\"background-image: url('https:\/\/www.monello.hu\/wp-content\/uploads\/2017\/10\/palcika4.png') !important;\"><a href=\"https:\/\/www.monello.hu\/en\/2017\/10\/31\/palcika-rajzzal-konnyen-kovetheto-a-napi-program\/\" title=\"P\u00e1lcika rajzzal k\u00f6nnyen k\u00f6vethet\u0151 a napi program\" class=\"vc_gitem-link vc-zone-link\" ><\/a><img decoding=\"async\" class=\"vc_gitem-zone-img\" src=\"https:\/\/www.monello.hu\/wp-content\/uploads\/2017\/10\/palcika4.png\" alt=\"P\u00e1lcika rajzzal k\u00f6nnyen k\u00f6vethet\u0151 a napi program\" loading=\"lazy\"><div class=\"vc_gitem-zone-mini\"><\/div><\/div><\/div><div class=\"vc_gitem-zone vc_gitem-zone-c vc_custom_1419240516480\"><div class=\"vc_gitem-zone-mini\"><div class=\"vc_gitem_row vc_row vc_gitem-row-position-top\"><div class=\"vc_col-sm-12 vc_gitem-col vc_gitem-col-align-\"><div class=\"vc_custom_heading vc_gitem-post-data vc_gitem-post-data-source-post_title\" ><h4 style=\"text-align: left\" >P\u00e1lcika rajzzal k\u00f6nnyen k\u00f6vethet\u0151 a napi program<\/h4><\/div><div class=\"vc_custom_heading vc_gitem-post-data vc_gitem-post-data-source-post_excerpt\" ><p style=\"text-align: left\" ><p>V\u00e9gre p\u00e1r nap kettesben, igaz csak 2,5, mert 2,5 \u00e9ves a kisebbik \u00e9s abban hiszek, amit Vekerdi mondott, annyi nap komfortos a gyereknek az anyja n\u00e9lk\u00fcl, ah\u00e1ny \u00e9ves. Azt tudja a kis lelke sz\u00e9pen felfogni \u00e9s feldolgozni. Valljuk meg az id\u0151 sokszor nek\u00fcnk is furcs\u00e1n viselkedik, valamikor egy \u00f3ra is nagyon hossz\u00fanak t\u0171nik, m\u00e1skor egy [&hellip;]<\/p>\n<\/p><\/div><div class=\"vc_btn3-container vc_btn3-left\"><a class=\"vc_general vc_btn3 vc_btn3-size-md vc_btn3-shape-rounded vc_btn3-style-flat vc_btn3-color-juicy-pink\" a href=\"https:\/\/www.monello.hu\/en\/2017\/10\/31\/palcika-rajzzal-konnyen-kovetheto-a-napi-program\/\" class=\"vc_gitem-link vc_general vc_btn3 vc_general vc_btn3 vc_btn3-size-md vc_btn3-shape-rounded vc_btn3-style-flat vc_btn3-color-juicy-pink\" title=\"Read more\">Read more<\/a><\/div><\/div><\/div><\/div><\/div><\/div><div class=\"vc_clearfix\"><\/div><\/div><div class=\"vc_grid-item vc_clearfix vc_col-sm-4 vc_grid-item-zone-c-bottom\"><div class=\"vc_grid-item-mini vc_clearfix \"><div class=\"vc_gitem-animated-block\" ><div class=\"vc_gitem-zone vc_gitem-zone-a vc-gitem-zone-height-mode-auto vc-gitem-zone-height-mode-auto-1-1 vc_gitem-is-link\" style=\"background-image: url('https:\/\/www.monello.hu\/wp-content\/uploads\/2018\/05\/tippek14.png') !important;\"><a href=\"https:\/\/www.monello.hu\/en\/2017\/05\/31\/monello-mamik-hasznos-tippjei\/\" title=\"Monello Mamik hasznos tippjei\" class=\"vc_gitem-link vc-zone-link\" ><\/a><img decoding=\"async\" class=\"vc_gitem-zone-img\" src=\"https:\/\/www.monello.hu\/wp-content\/uploads\/2018\/05\/tippek14.png\" alt=\"Itt azokat a gondolatok olvashatj\u00e1tok, amiket m\u00e1r Ti, Monello Mamik k\u00fcldtetek nek\u00fcnk, mert \u00fagy gondolj\u00e1tok ezzel m\u00e1snak is seg\u00edteni tudtok.\" loading=\"lazy\"><div class=\"vc_gitem-zone-mini\"><\/div><\/div><\/div><div class=\"vc_gitem-zone vc_gitem-zone-c vc_custom_1419240516480\"><div class=\"vc_gitem-zone-mini\"><div class=\"vc_gitem_row vc_row vc_gitem-row-position-top\"><div class=\"vc_col-sm-12 vc_gitem-col vc_gitem-col-align-\"><div class=\"vc_custom_heading vc_gitem-post-data vc_gitem-post-data-source-post_title\" ><h4 style=\"text-align: left\" >Monello Mamik hasznos tippjei<\/h4><\/div><div class=\"vc_custom_heading vc_gitem-post-data vc_gitem-post-data-source-post_excerpt\" ><p style=\"text-align: left\" ><p>Itt azokat a gondolatok olvashatj\u00e1tok, amiket m\u00e1r Ti, Monello Mamik k\u00fcldtetek nek\u00fcnk, mert \u00fagy gondolj\u00e1tok ezzel m\u00e1snak is seg\u00edteni tudtok. <\/p>\n<\/p><\/div><div class=\"vc_btn3-container vc_btn3-left\"><a class=\"vc_general vc_btn3 vc_btn3-size-md vc_btn3-shape-rounded vc_btn3-style-flat vc_btn3-color-juicy-pink\" a href=\"https:\/\/www.monello.hu\/en\/2017\/05\/31\/monello-mamik-hasznos-tippjei\/\" class=\"vc_gitem-link vc_general vc_btn3 vc_general vc_btn3 vc_btn3-size-md vc_btn3-shape-rounded vc_btn3-style-flat vc_btn3-color-juicy-pink\" title=\"Read more\">Read more<\/a><\/div><\/div><\/div><\/div><\/div><\/div><div class=\"vc_clearfix\"><\/div><\/div><\/div><\/div>\n\t<\/div>\n<\/div><\/div><\/div><\/div><\/div><div class=\"vc_row wpb_row vc_row-fluid\"><div class=\"wpb_column vc_column_container vc_col-sm-12\"><div class=\"vc_column-inner\"><div class=\"wpb_wrapper\"><\/div><\/div><\/div><\/div>\n<\/div>","protected":false},"excerpt":{"rendered":"Mi Monello Mamik az \u00e9vek alatt annyi sok praktikus \u00f6tletet gy\u0171jt\u00f6tt\u00fcnk \u00f6ssze, hogy \u00fagy d\u00f6nt\u00f6tt\u00fcnk egyr\u00e9szt j\u00f3 lenne, ha ezek egy csokorban megtal\u00e1lhat\u00f3ak lenn\u00e9nek a k\u00e9s\u0151bbiekben is, m\u00e1sr\u00e9szt h\u00e1tha nektek is seg\u00edteni tudunk vele. Harmadr\u00e9szt pedig miut\u00e1n praktikus term\u00e9keket k\u00e9sz\u00edt\u00fcnk nektek a \u201ePraktikus gondoskod\u00e1s\u201d jegy\u00e9ben, ez\u00e9rt \u00fagy duk\u00e1l, hogy praktikus tan\u00e1csokkal, \u00f6tletekkel tudjunk ell\u00e1tni benneteket. [...]","protected":false},"author":33,"featured_media":0,"parent":0,"menu_order":3,"comment_status":"closed","ping_status":"closed","template":"","meta":{"footnotes":""},"class_list":["post-53","page","type-page","status-publish","hentry"],"yoast_head":"<!-- This site is optimized with the Yoast SEO plugin v27.3 - https:\/\/yoast.com\/product\/yoast-seo-wordpress\/ -->\n<title>Tippek - Monello baby&amp;more<\/title>\n<meta name=\"robots\" content=\"index, follow, max-snippet:-1, max-image-preview:large, max-video-preview:-1\" \/>\n<link rel=\"canonical\" href=\"https:\/\/www.monello.hu\/en\/tippek\/\" \/>\n<meta property=\"og:locale\" content=\"en_GB\" \/>\n<meta property=\"og:type\" content=\"article\" \/>\n<meta property=\"og:title\" content=\"Tippek - Monello baby&amp;more\" \/>\n<meta property=\"og:url\" content=\"https:\/\/www.monello.hu\/en\/tippek\/\" \/>\n<meta property=\"og:site_name\" content=\"Monello baby&amp;more\" \/>\n<meta property=\"article:publisher\" content=\"https:\/\/www.facebook.com\/monellobabyandmore\/\" \/>\n<meta property=\"article:modified_time\" content=\"2018-06-02T19:13:59+00:00\" \/>\n<meta property=\"og:image\" content=\"https:\/\/www.monello.hu\/wp-content\/uploads\/2025\/11\/MONDELLO_LOGO_NEW_LOGO_HORIZONT_black.png\" \/>\n\t<meta property=\"og:image:width\" content=\"1722\" \/>\n\t<meta property=\"og:image:height\" content=\"600\" \/>\n\t<meta property=\"og:image:type\" content=\"image\/png\" \/>\n<meta name=\"twitter:card\" content=\"summary_large_image\" \/>\n<meta name=\"twitter:label1\" content=\"Estimated reading time\" \/>\n\t<meta name=\"twitter:data1\" content=\"1 minute\" \/>\n<script type=\"application\/ld+json\" class=\"yoast-schema-graph\">{\"@context\":\"https:\\\/\\\/schema.org\",\"@graph\":[{\"@type\":\"WebPage\",\"@id\":\"https:\\\/\\\/www.monello.hu\\\/tippek\\\/\",\"url\":\"https:\\\/\\\/www.monello.hu\\\/tippek\\\/\",\"name\":\"Tippek - Monello baby&amp;more\",\"isPartOf\":{\"@id\":\"https:\\\/\\\/www.monello.hu\\\/#website\"},\"datePublished\":\"2018-05-24T17:38:17+00:00\",\"dateModified\":\"2018-06-02T19:13:59+00:00\",\"breadcrumb\":{\"@id\":\"https:\\\/\\\/www.monello.hu\\\/tippek\\\/#breadcrumb\"},\"inLanguage\":\"en-GB\",\"potentialAction\":[{\"@type\":\"ReadAction\",\"target\":[\"https:\\\/\\\/www.monello.hu\\\/tippek\\\/\"]}]},{\"@type\":\"BreadcrumbList\",\"@id\":\"https:\\\/\\\/www.monello.hu\\\/tippek\\\/#breadcrumb\",\"itemListElement\":[{\"@type\":\"ListItem\",\"position\":1,\"name\":\"Home\",\"item\":\"https:\\\/\\\/www.monello.hu\\\/\"},{\"@type\":\"ListItem\",\"position\":2,\"name\":\"Tippek\"}]},{\"@type\":\"WebSite\",\"@id\":\"https:\\\/\\\/www.monello.hu\\\/#website\",\"url\":\"https:\\\/\\\/www.monello.hu\\\/\",\"name\":\"Monello baby&more\",\"description\":\"\",\"publisher\":{\"@id\":\"https:\\\/\\\/www.monello.hu\\\/#organization\"},\"potentialAction\":[{\"@type\":\"SearchAction\",\"target\":{\"@type\":\"EntryPoint\",\"urlTemplate\":\"https:\\\/\\\/www.monello.hu\\\/?s={search_term_string}\"},\"query-input\":{\"@type\":\"PropertyValueSpecification\",\"valueRequired\":true,\"valueName\":\"search_term_string\"}}],\"inLanguage\":\"en-GB\"},{\"@type\":\"Organization\",\"@id\":\"https:\\\/\\\/www.monello.hu\\\/#organization\",\"name\":\"Monello baby&more\",\"url\":\"https:\\\/\\\/www.monello.hu\\\/\",\"logo\":{\"@type\":\"ImageObject\",\"inLanguage\":\"en-GB\",\"@id\":\"https:\\\/\\\/www.monello.hu\\\/#\\\/schema\\\/logo\\\/image\\\/\",\"url\":\"https:\\\/\\\/www.monello.hu\\\/wp-content\\\/uploads\\\/2025\\\/11\\\/MONDELLO_LOGO_NEW_LOGO_HORIZONT_black.png\",\"contentUrl\":\"https:\\\/\\\/www.monello.hu\\\/wp-content\\\/uploads\\\/2025\\\/11\\\/MONDELLO_LOGO_NEW_LOGO_HORIZONT_black.png\",\"width\":1722,\"height\":600,\"caption\":\"Monello baby&more\"},\"image\":{\"@id\":\"https:\\\/\\\/www.monello.hu\\\/#\\\/schema\\\/logo\\\/image\\\/\"},\"sameAs\":[\"https:\\\/\\\/www.facebook.com\\\/monellobabyandmore\\\/\",\"https:\\\/\\\/www.instagram.com\\\/monello_moms\\\/\",\"https:\\\/\\\/www.tiktok.com\\\/@monellobabyandmore\"]}]}<\/script>\n<!-- \/ Yoast SEO plugin. -->","yoast_head_json":{"title":"Tippek - Monello baby&amp;more","robots":{"index":"index","follow":"follow","max-snippet":"max-snippet:-1","max-image-preview":"max-image-preview:large","max-video-preview":"max-video-preview:-1"},"canonical":"https:\/\/www.monello.hu\/en\/tippek\/","og_locale":"en_GB","og_type":"article","og_title":"Tippek - Monello baby&amp;more","og_url":"https:\/\/www.monello.hu\/en\/tippek\/","og_site_name":"Monello baby&amp;more","article_publisher":"https:\/\/www.facebook.com\/monellobabyandmore\/","article_modified_time":"2018-06-02T19:13:59+00:00","og_image":[{"width":1722,"height":600,"url":"https:\/\/www.monello.hu\/wp-content\/uploads\/2025\/11\/MONDELLO_LOGO_NEW_LOGO_HORIZONT_black.png","type":"image\/png"}],"twitter_card":"summary_large_image","twitter_misc":{"Estimated reading time":"1 minute"},"schema":{"@context":"https:\/\/schema.org","@graph":[{"@type":"WebPage","@id":"https:\/\/www.monello.hu\/tippek\/","url":"https:\/\/www.monello.hu\/tippek\/","name":"Tippek - Monello baby&amp;more","isPartOf":{"@id":"https:\/\/www.monello.hu\/#website"},"datePublished":"2018-05-24T17:38:17+00:00","dateModified":"2018-06-02T19:13:59+00:00","breadcrumb":{"@id":"https:\/\/www.monello.hu\/tippek\/#breadcrumb"},"inLanguage":"en-GB","potentialAction":[{"@type":"ReadAction","target":["https:\/\/www.monello.hu\/tippek\/"]}]},{"@type":"BreadcrumbList","@id":"https:\/\/www.monello.hu\/tippek\/#breadcrumb","itemListElement":[{"@type":"ListItem","position":1,"name":"Home","item":"https:\/\/www.monello.hu\/"},{"@type":"ListItem","position":2,"name":"Tippek"}]},{"@type":"WebSite","@id":"https:\/\/www.monello.hu\/#website","url":"https:\/\/www.monello.hu\/","name":"Monello baby&more","description":"","publisher":{"@id":"https:\/\/www.monello.hu\/#organization"},"potentialAction":[{"@type":"SearchAction","target":{"@type":"EntryPoint","urlTemplate":"https:\/\/www.monello.hu\/?s={search_term_string}"},"query-input":{"@type":"PropertyValueSpecification","valueRequired":true,"valueName":"search_term_string"}}],"inLanguage":"en-GB"},{"@type":"Organization","@id":"https:\/\/www.monello.hu\/#organization","name":"Monello baby&more","url":"https:\/\/www.monello.hu\/","logo":{"@type":"ImageObject","inLanguage":"en-GB","@id":"https:\/\/www.monello.hu\/#\/schema\/logo\/image\/","url":"https:\/\/www.monello.hu\/wp-content\/uploads\/2025\/11\/MONDELLO_LOGO_NEW_LOGO_HORIZONT_black.png","contentUrl":"https:\/\/www.monello.hu\/wp-content\/uploads\/2025\/11\/MONDELLO_LOGO_NEW_LOGO_HORIZONT_black.png","width":1722,"height":600,"caption":"Monello baby&more"},"image":{"@id":"https:\/\/www.monello.hu\/#\/schema\/logo\/image\/"},"sameAs":["https:\/\/www.facebook.com\/monellobabyandmore\/","https:\/\/www.instagram.com\/monello_moms\/","https:\/\/www.tiktok.com\/@monellobabyandmore"]}]}},"_links":{"self":[{"href":"https:\/\/www.monello.hu\/en\/wp-json\/wp\/v2\/pages\/53","targetHints":{"allow":["GET"]}}],"collection":[{"href":"https:\/\/www.monello.hu\/en\/wp-json\/wp\/v2\/pages"}],"about":[{"href":"https:\/\/www.monello.hu\/en\/wp-json\/wp\/v2\/types\/page"}],"author":[{"embeddable":true,"href":"https:\/\/www.monello.hu\/en\/wp-json\/wp\/v2\/users\/33"}],"replies":[{"embeddable":true,"href":"https:\/\/www.monello.hu\/en\/wp-json\/wp\/v2\/comments?post=53"}],"version-history":[{"count":6,"href":"https:\/\/www.monello.hu\/en\/wp-json\/wp\/v2\/pages\/53\/revisions"}],"predecessor-version":[{"id":1186,"href":"https:\/\/www.monello.hu\/en\/wp-json\/wp\/v2\/pages\/53\/revisions\/1186"}],"wp:attachment":[{"href":"https:\/\/www.monello.hu\/en\/wp-json\/wp\/v2\/media?parent=53"}],"curies":[{"name":"wp","href":"https:\/\/api.w.org\/{rel}","templated":true}]}}