{"id":39,"date":"2018-05-24T17:36:24","date_gmt":"2018-05-24T17:36:24","guid":{"rendered":"https:\/\/monello.hu\/?page_id=39"},"modified":"2018-06-11T08:07:42","modified_gmt":"2018-06-11T08:07:42","slug":"buszkesegfal","status":"publish","type":"page","link":"https:\/\/www.monello.hu\/en\/buszkesegfal\/","title":{"rendered":"B\u00fcszkes\u00e9gfal"},"content":{"rendered":"<div class=\"wpb-content-wrapper\"><div class=\"vc_row wpb_row vc_row-fluid\"><div class=\"wpb_column vc_column_container vc_col-sm-3\"><div class=\"vc_column-inner\"><div class=\"wpb_wrapper\">\n\t<div  class=\"wpb_single_image wpb_content_element vc_align_left wpb_content_element\">\n\t\t<h2 class=\"wpb_heading wpb_singleimage_heading\">They and the Monello<\/h2>\n\t\t<figure class=\"wpb_wrapper vc_figure\">\n\t\t\t<a href=\"https:\/\/www.monello.hu\/en\/buszkesegfal\/ok-monello\/\" target=\"_self\" class=\"vc_single_image-wrapper   vc_box_border_grey\"><img loading=\"lazy\" decoding=\"async\" width=\"810\" height=\"450\" src=\"https:\/\/www.monello.hu\/wp-content\/uploads\/2018\/05\/PalyaBea1-1.png\" class=\"vc_single_image-img attachment-full\" alt=\"Palya Bea Monello Babameleg\u00edt\u0151 Kiscsillag\" title=\"Palya Bea Monello Babameleg\u00edt\u0151 Kiscsillag\" srcset=\"https:\/\/www.monello.hu\/wp-content\/uploads\/2018\/05\/PalyaBea1-1.png 810w, https:\/\/www.monello.hu\/wp-content\/uploads\/2018\/05\/PalyaBea1-1-300x167.png 300w, https:\/\/www.monello.hu\/wp-content\/uploads\/2018\/05\/PalyaBea1-1-768x427.png 768w, https:\/\/www.monello.hu\/wp-content\/uploads\/2018\/05\/PalyaBea1-1-600x333.png 600w\" sizes=\"auto, (max-width: 810px) 100vw, 810px\" \/><\/a>\n\t\t<\/figure>\n\t<\/div>\n<\/div><\/div><\/div><div class=\"wpb_column vc_column_container vc_col-sm-3\"><div class=\"vc_column-inner\"><div class=\"wpb_wrapper\">\n\t<div  class=\"wpb_single_image wpb_content_element vc_align_left wpb_content_element\">\n\t\t<h2 class=\"wpb_heading wpb_singleimage_heading\">You and the Monello<\/h2>\n\t\t<figure class=\"wpb_wrapper vc_figure\">\n\t\t\t<a href=\"https:\/\/www.monello.hu\/en\/buszkesegfal\/ti-monello\/\" target=\"_self\" class=\"vc_single_image-wrapper   vc_box_border_grey\"><img loading=\"lazy\" decoding=\"async\" width=\"810\" height=\"450\" src=\"https:\/\/www.monello.hu\/wp-content\/uploads\/2018\/05\/489.png\" class=\"vc_single_image-img attachment-full\" alt=\"Ti \u00e9s a Monello v\u00e1s\u00e1rl\u00f3i visszajelz\u00e9sek\" title=\"Ti \u00e9s a Monello v\u00e1s\u00e1rl\u00f3i visszajelz\u00e9sek\" srcset=\"https:\/\/www.monello.hu\/wp-content\/uploads\/2018\/05\/489.png 810w, https:\/\/www.monello.hu\/wp-content\/uploads\/2018\/05\/489-300x167.png 300w, https:\/\/www.monello.hu\/wp-content\/uploads\/2018\/05\/489-768x427.png 768w, https:\/\/www.monello.hu\/wp-content\/uploads\/2018\/05\/489-600x333.png 600w\" sizes=\"auto, (max-width: 810px) 100vw, 810px\" \/><\/a>\n\t\t<\/figure>\n\t<\/div>\n<\/div><\/div><\/div><div class=\"wpb_column vc_column_container vc_col-sm-3\"><div class=\"vc_column-inner\"><div class=\"wpb_wrapper\">\n\t<div  class=\"wpb_single_image wpb_content_element vc_align_left wpb_content_element\">\n\t\t<h2 class=\"wpb_heading wpb_singleimage_heading\">Monello a M\u00e9di\u00e1ban<\/h2>\n\t\t<figure class=\"wpb_wrapper vc_figure\">\n\t\t\t<a href=\"https:\/\/www.monello.hu\/en\/buszkesegfal\/monello-media\/\" target=\"_self\" class=\"vc_single_image-wrapper   vc_box_border_grey\"><img loading=\"lazy\" decoding=\"async\" width=\"500\" height=\"500\" src=\"https:\/\/www.monello.hu\/wp-content\/uploads\/2018\/05\/emlekparna6.png\" class=\"vc_single_image-img attachment-full\" alt=\"Monello a M\u00e9di\u00e1ban Igaz Anya Dob\u00f3 \u00c1gi\" title=\"Monello a M\u00e9di\u00e1ban Igaz Anya Dob\u00f3 \u00c1gi\" srcset=\"https:\/\/www.monello.hu\/wp-content\/uploads\/2018\/05\/emlekparna6.png 500w, https:\/\/www.monello.hu\/wp-content\/uploads\/2018\/05\/emlekparna6-150x150.png 150w, https:\/\/www.monello.hu\/wp-content\/uploads\/2018\/05\/emlekparna6-300x300.png 300w, https:\/\/www.monello.hu\/wp-content\/uploads\/2018\/05\/emlekparna6-220x220.png 220w, https:\/\/www.monello.hu\/wp-content\/uploads\/2018\/05\/emlekparna6-450x450.png 450w, https:\/\/www.monello.hu\/wp-content\/uploads\/2018\/05\/emlekparna6-100x100.png 100w\" sizes=\"auto, (max-width: 500px) 100vw, 500px\" \/><\/a>\n\t\t<\/figure>\n\t<\/div>\n<\/div><\/div><\/div><div class=\"wpb_column vc_column_container vc_col-sm-3\"><div class=\"vc_column-inner\"><div class=\"wpb_wrapper\">\n\t<div  class=\"wpb_single_image wpb_content_element vc_align_left wpb_content_element\">\n\t\t<h2 class=\"wpb_heading wpb_singleimage_heading\">To give you a good<\/h2>\n\t\t<figure class=\"wpb_wrapper vc_figure\">\n\t\t\t<a href=\"https:\/\/www.monello.hu\/en\/buszkesegfal\/adni-jo\/\" target=\"_self\" class=\"vc_single_image-wrapper   vc_box_border_grey\"><img loading=\"lazy\" decoding=\"async\" width=\"500\" height=\"500\" src=\"https:\/\/www.monello.hu\/wp-content\/uploads\/2018\/06\/MonelloPicicsillag1.png\" class=\"vc_single_image-img attachment-full\" alt=\"korasz\u00fcl\u00f6tt ruha a babameleg\u00edt\u0151 kiscsillag\" title=\"korasz\u00fcl\u00f6tt bab\u00e1k t\u00e1mogat\u00e1sa\" srcset=\"https:\/\/www.monello.hu\/wp-content\/uploads\/2018\/06\/MonelloPicicsillag1.png 500w, https:\/\/www.monello.hu\/wp-content\/uploads\/2018\/06\/MonelloPicicsillag1-150x150.png 150w, https:\/\/www.monello.hu\/wp-content\/uploads\/2018\/06\/MonelloPicicsillag1-300x300.png 300w, https:\/\/www.monello.hu\/wp-content\/uploads\/2018\/06\/MonelloPicicsillag1-220x220.png 220w, https:\/\/www.monello.hu\/wp-content\/uploads\/2018\/06\/MonelloPicicsillag1-450x450.png 450w, https:\/\/www.monello.hu\/wp-content\/uploads\/2018\/06\/MonelloPicicsillag1-100x100.png 100w\" sizes=\"auto, (max-width: 500px) 100vw, 500px\" \/><\/a>\n\t\t<\/figure>\n\t<\/div>\n<\/div><\/div><\/div><\/div>\n<\/div>","protected":false},"excerpt":{"rendered":"\u0150k \u00e9s a Monello Ti \u00e9s a Monello Monello a M\u00e9di\u00e1ban Adni j\u00f3","protected":false},"author":33,"featured_media":0,"parent":0,"menu_order":0,"comment_status":"closed","ping_status":"closed","template":"","meta":{"footnotes":""},"class_list":["post-39","page","type-page","status-publish","hentry"],"yoast_head":"<!-- This site is optimized with the Yoast SEO plugin v27.3 - https:\/\/yoast.com\/product\/yoast-seo-wordpress\/ -->\n<title>B\u00fcszkes\u00e9gfal - Monello baby&amp;more<\/title>\n<meta name=\"robots\" content=\"index, follow, max-snippet:-1, max-image-preview:large, max-video-preview:-1\" \/>\n<link rel=\"canonical\" href=\"https:\/\/www.monello.hu\/en\/buszkesegfal\/\" \/>\n<meta property=\"og:locale\" content=\"en_GB\" \/>\n<meta property=\"og:type\" content=\"article\" \/>\n<meta property=\"og:title\" content=\"B\u00fcszkes\u00e9gfal - Monello baby&amp;more\" \/>\n<meta property=\"og:url\" content=\"https:\/\/www.monello.hu\/en\/buszkesegfal\/\" \/>\n<meta property=\"og:site_name\" content=\"Monello baby&amp;more\" \/>\n<meta property=\"article:publisher\" content=\"https:\/\/www.facebook.com\/monellobabyandmore\/\" \/>\n<meta property=\"article:modified_time\" content=\"2018-06-11T08:07:42+00:00\" \/>\n<meta property=\"og:image\" content=\"https:\/\/www.monello.hu\/wp-content\/uploads\/2025\/11\/MONDELLO_LOGO_NEW_LOGO_HORIZONT_black.png\" \/>\n\t<meta property=\"og:image:width\" content=\"1722\" \/>\n\t<meta property=\"og:image:height\" content=\"600\" \/>\n\t<meta property=\"og:image:type\" content=\"image\/png\" \/>\n<meta name=\"twitter:card\" content=\"summary_large_image\" \/>\n<meta name=\"twitter:label1\" content=\"Estimated reading time\" \/>\n\t<meta name=\"twitter:data1\" content=\"1 minute\" \/>\n<script type=\"application\/ld+json\" class=\"yoast-schema-graph\">{\"@context\":\"https:\\\/\\\/schema.org\",\"@graph\":[{\"@type\":\"WebPage\",\"@id\":\"https:\\\/\\\/www.monello.hu\\\/buszkesegfal\\\/\",\"url\":\"https:\\\/\\\/www.monello.hu\\\/buszkesegfal\\\/\",\"name\":\"B\u00fcszkes\u00e9gfal - Monello baby&amp;more\",\"isPartOf\":{\"@id\":\"https:\\\/\\\/www.monello.hu\\\/#website\"},\"datePublished\":\"2018-05-24T17:36:24+00:00\",\"dateModified\":\"2018-06-11T08:07:42+00:00\",\"breadcrumb\":{\"@id\":\"https:\\\/\\\/www.monello.hu\\\/buszkesegfal\\\/#breadcrumb\"},\"inLanguage\":\"en-GB\",\"potentialAction\":[{\"@type\":\"ReadAction\",\"target\":[\"https:\\\/\\\/www.monello.hu\\\/buszkesegfal\\\/\"]}]},{\"@type\":\"BreadcrumbList\",\"@id\":\"https:\\\/\\\/www.monello.hu\\\/buszkesegfal\\\/#breadcrumb\",\"itemListElement\":[{\"@type\":\"ListItem\",\"position\":1,\"name\":\"Home\",\"item\":\"https:\\\/\\\/www.monello.hu\\\/\"},{\"@type\":\"ListItem\",\"position\":2,\"name\":\"B\u00fcszkes\u00e9gfal\"}]},{\"@type\":\"WebSite\",\"@id\":\"https:\\\/\\\/www.monello.hu\\\/#website\",\"url\":\"https:\\\/\\\/www.monello.hu\\\/\",\"name\":\"Monello baby&more\",\"description\":\"\",\"publisher\":{\"@id\":\"https:\\\/\\\/www.monello.hu\\\/#organization\"},\"potentialAction\":[{\"@type\":\"SearchAction\",\"target\":{\"@type\":\"EntryPoint\",\"urlTemplate\":\"https:\\\/\\\/www.monello.hu\\\/?s={search_term_string}\"},\"query-input\":{\"@type\":\"PropertyValueSpecification\",\"valueRequired\":true,\"valueName\":\"search_term_string\"}}],\"inLanguage\":\"en-GB\"},{\"@type\":\"Organization\",\"@id\":\"https:\\\/\\\/www.monello.hu\\\/#organization\",\"name\":\"Monello baby&more\",\"url\":\"https:\\\/\\\/www.monello.hu\\\/\",\"logo\":{\"@type\":\"ImageObject\",\"inLanguage\":\"en-GB\",\"@id\":\"https:\\\/\\\/www.monello.hu\\\/#\\\/schema\\\/logo\\\/image\\\/\",\"url\":\"https:\\\/\\\/www.monello.hu\\\/wp-content\\\/uploads\\\/2025\\\/11\\\/MONDELLO_LOGO_NEW_LOGO_HORIZONT_black.png\",\"contentUrl\":\"https:\\\/\\\/www.monello.hu\\\/wp-content\\\/uploads\\\/2025\\\/11\\\/MONDELLO_LOGO_NEW_LOGO_HORIZONT_black.png\",\"width\":1722,\"height\":600,\"caption\":\"Monello baby&more\"},\"image\":{\"@id\":\"https:\\\/\\\/www.monello.hu\\\/#\\\/schema\\\/logo\\\/image\\\/\"},\"sameAs\":[\"https:\\\/\\\/www.facebook.com\\\/monellobabyandmore\\\/\",\"https:\\\/\\\/www.instagram.com\\\/monello_moms\\\/\",\"https:\\\/\\\/www.tiktok.com\\\/@monellobabyandmore\"]}]}<\/script>\n<!-- \/ Yoast SEO plugin. -->","yoast_head_json":{"title":"B\u00fcszkes\u00e9gfal - Monello baby&amp;more","robots":{"index":"index","follow":"follow","max-snippet":"max-snippet:-1","max-image-preview":"max-image-preview:large","max-video-preview":"max-video-preview:-1"},"canonical":"https:\/\/www.monello.hu\/en\/buszkesegfal\/","og_locale":"en_GB","og_type":"article","og_title":"B\u00fcszkes\u00e9gfal - Monello baby&amp;more","og_url":"https:\/\/www.monello.hu\/en\/buszkesegfal\/","og_site_name":"Monello baby&amp;more","article_publisher":"https:\/\/www.facebook.com\/monellobabyandmore\/","article_modified_time":"2018-06-11T08:07:42+00:00","og_image":[{"width":1722,"height":600,"url":"https:\/\/www.monello.hu\/wp-content\/uploads\/2025\/11\/MONDELLO_LOGO_NEW_LOGO_HORIZONT_black.png","type":"image\/png"}],"twitter_card":"summary_large_image","twitter_misc":{"Estimated reading time":"1 minute"},"schema":{"@context":"https:\/\/schema.org","@graph":[{"@type":"WebPage","@id":"https:\/\/www.monello.hu\/buszkesegfal\/","url":"https:\/\/www.monello.hu\/buszkesegfal\/","name":"B\u00fcszkes\u00e9gfal - Monello baby&amp;more","isPartOf":{"@id":"https:\/\/www.monello.hu\/#website"},"datePublished":"2018-05-24T17:36:24+00:00","dateModified":"2018-06-11T08:07:42+00:00","breadcrumb":{"@id":"https:\/\/www.monello.hu\/buszkesegfal\/#breadcrumb"},"inLanguage":"en-GB","potentialAction":[{"@type":"ReadAction","target":["https:\/\/www.monello.hu\/buszkesegfal\/"]}]},{"@type":"BreadcrumbList","@id":"https:\/\/www.monello.hu\/buszkesegfal\/#breadcrumb","itemListElement":[{"@type":"ListItem","position":1,"name":"Home","item":"https:\/\/www.monello.hu\/"},{"@type":"ListItem","position":2,"name":"B\u00fcszkes\u00e9gfal"}]},{"@type":"WebSite","@id":"https:\/\/www.monello.hu\/#website","url":"https:\/\/www.monello.hu\/","name":"Monello baby&more","description":"","publisher":{"@id":"https:\/\/www.monello.hu\/#organization"},"potentialAction":[{"@type":"SearchAction","target":{"@type":"EntryPoint","urlTemplate":"https:\/\/www.monello.hu\/?s={search_term_string}"},"query-input":{"@type":"PropertyValueSpecification","valueRequired":true,"valueName":"search_term_string"}}],"inLanguage":"en-GB"},{"@type":"Organization","@id":"https:\/\/www.monello.hu\/#organization","name":"Monello baby&more","url":"https:\/\/www.monello.hu\/","logo":{"@type":"ImageObject","inLanguage":"en-GB","@id":"https:\/\/www.monello.hu\/#\/schema\/logo\/image\/","url":"https:\/\/www.monello.hu\/wp-content\/uploads\/2025\/11\/MONDELLO_LOGO_NEW_LOGO_HORIZONT_black.png","contentUrl":"https:\/\/www.monello.hu\/wp-content\/uploads\/2025\/11\/MONDELLO_LOGO_NEW_LOGO_HORIZONT_black.png","width":1722,"height":600,"caption":"Monello baby&more"},"image":{"@id":"https:\/\/www.monello.hu\/#\/schema\/logo\/image\/"},"sameAs":["https:\/\/www.facebook.com\/monellobabyandmore\/","https:\/\/www.instagram.com\/monello_moms\/","https:\/\/www.tiktok.com\/@monellobabyandmore"]}]}},"_links":{"self":[{"href":"https:\/\/www.monello.hu\/en\/wp-json\/wp\/v2\/pages\/39","targetHints":{"allow":["GET"]}}],"collection":[{"href":"https:\/\/www.monello.hu\/en\/wp-json\/wp\/v2\/pages"}],"about":[{"href":"https:\/\/www.monello.hu\/en\/wp-json\/wp\/v2\/types\/page"}],"author":[{"embeddable":true,"href":"https:\/\/www.monello.hu\/en\/wp-json\/wp\/v2\/users\/33"}],"replies":[{"embeddable":true,"href":"https:\/\/www.monello.hu\/en\/wp-json\/wp\/v2\/comments?post=39"}],"version-history":[{"count":9,"href":"https:\/\/www.monello.hu\/en\/wp-json\/wp\/v2\/pages\/39\/revisions"}],"predecessor-version":[{"id":2128,"href":"https:\/\/www.monello.hu\/en\/wp-json\/wp\/v2\/pages\/39\/revisions\/2128"}],"wp:attachment":[{"href":"https:\/\/www.monello.hu\/en\/wp-json\/wp\/v2\/media?parent=39"}],"curies":[{"name":"wp","href":"https:\/\/api.w.org\/{rel}","templated":true}]}}