{"id":37,"date":"2018-05-24T17:36:08","date_gmt":"2018-05-24T17:36:08","guid":{"rendered":"https:\/\/monello.hu\/?page_id=37"},"modified":"2023-10-06T12:19:14","modified_gmt":"2023-10-06T10:19:14","slug":"partnereink","status":"publish","type":"page","link":"https:\/\/www.monello.hu\/en\/rolunk\/partnereink\/","title":{"rendered":"Our partners"},"content":{"rendered":"<div class=\"wpb-content-wrapper\"><div class=\"vc_row wpb_row vc_row-fluid\"><div class=\"wpb_column vc_column_container vc_col-sm-12\"><div class=\"vc_column-inner\"><div class=\"wpb_wrapper\">\n\t<div class=\"wpb_text_column wpb_content_element\" >\n\t\t<div class=\"wpb_wrapper\">\n\t\t\t<h4>PARTNEREINK<\/h4>\n<h4><a href=\"https:\/\/www.monello.hu\/en\/partnereink\/item\/246-baba-mama-tudakozo-elfogadohely\/\"><strong><img loading=\"lazy\" decoding=\"async\" class=\"aligncenter size-full wp-image-2111\" src=\"https:\/\/monello.hu\/wp-content\/uploads\/2018\/06\/Monello2.png\" alt=\"Monello baby&amp;more Partnereink\" width=\"500\" height=\"500\" srcset=\"https:\/\/www.monello.hu\/wp-content\/uploads\/2018\/06\/Monello2.png 500w, https:\/\/www.monello.hu\/wp-content\/uploads\/2018\/06\/Monello2-150x150.png 150w, https:\/\/www.monello.hu\/wp-content\/uploads\/2018\/06\/Monello2-300x300.png 300w, https:\/\/www.monello.hu\/wp-content\/uploads\/2018\/06\/Monello2-220x220.png 220w, https:\/\/www.monello.hu\/wp-content\/uploads\/2018\/06\/Monello2-450x450.png 450w, https:\/\/www.monello.hu\/wp-content\/uploads\/2018\/06\/Monello2-100x100.png 100w\" sizes=\"auto, (max-width: 500px) 100vw, 500px\" \/><\/strong><\/a><\/h4>\n<h4>Hamarosan bemutatjuk a Monello baby&amp;more partnereit k\u00fcl\u00f6n &#8211; k\u00fcl\u00f6n is.<\/h4>\n<p>Addig a t\u00fcrelmeteket k\u00e9rj\u00fck.<\/p>\n<h4>KIEMELT PARTNER\u00dcNK &#8211; 1.) Baba Mama Tudakoz\u00f3<\/h4>\n<h4><a href=\"https:\/\/www.monello.hu\/en\/partnereink\/item\/246-baba-mama-tudakozo-elfogadohely\/\"><strong><img loading=\"lazy\" decoding=\"async\" class=\"aligncenter size-full wp-image-2117\" src=\"https:\/\/monello.hu\/wp-content\/uploads\/2018\/06\/elfogadohely_kor.png\" alt=\"Baba Mama Tudakoz\u00f3 elfogad\u00f3hely Monello baby&amp;more\" width=\"1772\" height=\"1772\" srcset=\"https:\/\/www.monello.hu\/wp-content\/uploads\/2018\/06\/elfogadohely_kor.png 1772w, https:\/\/www.monello.hu\/wp-content\/uploads\/2018\/06\/elfogadohely_kor-150x150.png 150w, https:\/\/www.monello.hu\/wp-content\/uploads\/2018\/06\/elfogadohely_kor-300x300.png 300w, https:\/\/www.monello.hu\/wp-content\/uploads\/2018\/06\/elfogadohely_kor-768x768.png 768w, https:\/\/www.monello.hu\/wp-content\/uploads\/2018\/06\/elfogadohely_kor-1024x1024.png 1024w, https:\/\/www.monello.hu\/wp-content\/uploads\/2018\/06\/elfogadohely_kor-220x220.png 220w, https:\/\/www.monello.hu\/wp-content\/uploads\/2018\/06\/elfogadohely_kor-450x450.png 450w, https:\/\/www.monello.hu\/wp-content\/uploads\/2018\/06\/elfogadohely_kor-600x600.png 600w, https:\/\/www.monello.hu\/wp-content\/uploads\/2018\/06\/elfogadohely_kor-100x100.png 100w\" sizes=\"auto, (max-width: 1772px) 100vw, 1772px\" \/>Baba Mama Tudakoz\u00f3 Elfogad\u00f3hely<\/strong><\/a><\/h4>\n<p>\u00d6r\u00f6mmel k\u00f6sz\u00f6nt\u00fcnk a Monello baby&amp;more-n\u00e1l kedves Baba Mama Tudakoz\u00f3 K\u00e1rtya tulajdonos!<\/p>\n<p>Ahhoz, hogy ig\u00e9nybe tudd venni a<a href=\"http:\/\/www.babamamatudakozo.hu\/\"> Baba Mama Tudakoz\u00f3s<\/a> -10%-os kedvezm\u00e9ny\u00fcnket megrendel\u00e9skor k\u00e9rlek \u00edrd be az &#8222;ADJA MEG A KUPONK\u00d3DJ\u00c1T&#8221; mez\u0151be az aktu\u00e1lis kuponk\u00f3dot. Majd mellette bal oldalon k\u00e9rlek nyomd meg a nyilat, hogy aktiv\u00e1ld a kuponk\u00f3dot. Ezek ut\u00e1n a &#8222;Rendel\u00e9si jegyzetek&#8221; rovatba k\u00e9rlek \u00edrd be a <a href=\"http:\/\/www.babamamatudakozo.hu\/\">Baba Mama Tudakoz\u00f3 K\u00e1rtyasz\u00e1modat<\/a>, hogy ellen\u0151rizni tudjuk azt.<\/p>\n<p>Ez a kupon m\u00e1s kedvezm\u00e9nyekkel \u00e9s kuponokkal nem vonhat\u00f3 \u00f6ssze.<\/p>\n<p>Kellemes babav\u00e1r\u00e1st, bab\u00e1z\u00e1st \u00e9s nagyon sz\u00e9p bab\u00e1s napokat k\u00edv\u00e1nunk neked!<\/p>\n<p><strong>Most pedig j\u00f3 n\u00e9zel\u0151d\u00e9st, v\u00e1logat\u00e1st, v\u00e1s\u00e1rl\u00e1st, amit <a href=\"https:\/\/www.monello.hu\/en\/shop\/\">ide kattintva meg is tudsz tenni.<\/a><\/strong><\/p>\n<p><a href=\"http:\/\/www.babamamatudakozo.hu\/gyorskereses\/\"><strong>Ide kattintva pedig tal\u00e1lkozhatsz vel\u00fcnk a Baba Mama Tudakoz\u00f3 oldal\u00e1n is, ahol k\u00edv\u00e1ns\u00e1g list\u00e1ba teheted a mi term\u00e9keinket is.<\/strong><\/a><\/p>\n<h4><\/h4>\n<h4>KIEMELT PARTNER\u00dcNK &#8211; 2.) The Body Shop<\/h4>\n<p><img loading=\"lazy\" decoding=\"async\" class=\"aligncenter size-full wp-image-2118\" src=\"https:\/\/monello.hu\/wp-content\/uploads\/2018\/06\/Logo-the-Body-Shop-\u00ae-630x405-\u00a9-OTCP-DR.jpg\" alt=\"Monello Partnerink\" width=\"630\" height=\"405\" srcset=\"https:\/\/www.monello.hu\/wp-content\/uploads\/2018\/06\/Logo-the-Body-Shop-\u00ae-630x405-\u00a9-OTCP-DR.jpg 630w, https:\/\/www.monello.hu\/wp-content\/uploads\/2018\/06\/Logo-the-Body-Shop-\u00ae-630x405-\u00a9-OTCP-DR-300x193.jpg 300w, https:\/\/www.monello.hu\/wp-content\/uploads\/2018\/06\/Logo-the-Body-Shop-\u00ae-630x405-\u00a9-OTCP-DR-600x386.jpg 600w\" sizes=\"auto, (max-width: 630px) 100vw, 630px\" \/><\/p>\n<p>Amennyiben tagja vagy a <a href=\"https:\/\/the-body-shop.hu\/\">The Body Shop<\/a> Love Your Body Club\u00a0 T\u00f6rzsv\u00e1s\u00e1rl\u00f3i Programnak, tov\u00e1bbi kedvezm\u00e9nyekben r\u00e9szes\u00fclsz a Monello baby&amp;more term\u00e9kek v\u00e1s\u00e1rl\u00e1sa sor\u00e1n is.<\/p>\n<p>Err\u0151l b\u0151vebben <a href=\"https:\/\/the-body-shop.hu\/torzsvasarloi-program\">ide kattintva t\u00e1j\u00e9koz\u00f3dhatsz.<\/a><\/p>\n<p><img loading=\"lazy\" decoding=\"async\" class=\"aligncenter size-full wp-image-2119\" src=\"https:\/\/monello.hu\/wp-content\/uploads\/2018\/06\/TheBodyShop_MonelloPP1.png\" alt=\"The Body Shop Monello piknik pl\u00e9d\" width=\"564\" height=\"376\" srcset=\"https:\/\/www.monello.hu\/wp-content\/uploads\/2018\/06\/TheBodyShop_MonelloPP1.png 564w, https:\/\/www.monello.hu\/wp-content\/uploads\/2018\/06\/TheBodyShop_MonelloPP1-300x200.png 300w\" sizes=\"auto, (max-width: 564px) 100vw, 564px\" \/><\/p>\n\n\t\t<\/div>\n\t<\/div>\n<\/div><\/div><\/div><\/div>\n<\/div>","protected":false},"excerpt":{"rendered":"PARTNEREINK Hamarosan bemutatjuk a Monello baby&amp;more partnereit k\u00fcl\u00f6n - k\u00fcl\u00f6n is. Addig a t\u00fcrelmeteket k\u00e9rj\u00fck. KIEMELT PARTNER\u00dcNK - 1.) Baba Mama Tudakoz\u00f3 Baba Mama Tudakoz\u00f3 Elfogad\u00f3hely \u00d6r\u00f6mmel k\u00f6sz\u00f6nt\u00fcnk a Monello baby&amp;more-n\u00e1l kedves Baba Mama Tudakoz\u00f3 K\u00e1rtya tulajdonos! Ahhoz, hogy ig\u00e9nybe tudd venni a Baba Mama Tudakoz\u00f3s -10%-os kedvezm\u00e9ny\u00fcnket megrendel\u00e9skor k\u00e9rlek \u00edrd be az \"ADJA MEG [...]","protected":false},"author":33,"featured_media":0,"parent":29,"menu_order":5,"comment_status":"closed","ping_status":"closed","template":"","meta":{"footnotes":""},"class_list":["post-37","page","type-page","status-publish","hentry"],"yoast_head":"<!-- This site is optimized with the Yoast SEO plugin v27.3 - https:\/\/yoast.com\/product\/yoast-seo-wordpress\/ -->\n<title>Partnereink - Monello baby&amp;more<\/title>\n<meta name=\"robots\" content=\"index, follow, max-snippet:-1, max-image-preview:large, max-video-preview:-1\" \/>\n<link rel=\"canonical\" href=\"https:\/\/www.monello.hu\/en\/rolunk\/partnereink\/\" \/>\n<meta property=\"og:locale\" content=\"en_GB\" \/>\n<meta property=\"og:type\" content=\"article\" \/>\n<meta property=\"og:title\" content=\"Partnereink - Monello baby&amp;more\" \/>\n<meta property=\"og:url\" content=\"https:\/\/www.monello.hu\/en\/rolunk\/partnereink\/\" \/>\n<meta property=\"og:site_name\" content=\"Monello baby&amp;more\" \/>\n<meta property=\"article:publisher\" content=\"https:\/\/www.facebook.com\/monellobabyandmore\/\" \/>\n<meta property=\"article:modified_time\" content=\"2023-10-06T10:19:14+00:00\" \/>\n<meta property=\"og:image\" content=\"https:\/\/monello.hu\/wp-content\/uploads\/2018\/06\/Monello2.png\" \/>\n<meta name=\"twitter:card\" content=\"summary_large_image\" \/>\n<meta name=\"twitter:label1\" content=\"Estimated reading time\" \/>\n\t<meta name=\"twitter:data1\" content=\"2 minutes\" \/>\n<script type=\"application\/ld+json\" class=\"yoast-schema-graph\">{\"@context\":\"https:\\\/\\\/schema.org\",\"@graph\":[{\"@type\":\"WebPage\",\"@id\":\"https:\\\/\\\/www.monello.hu\\\/rolunk\\\/partnereink\\\/\",\"url\":\"https:\\\/\\\/www.monello.hu\\\/rolunk\\\/partnereink\\\/\",\"name\":\"Partnereink - Monello baby&amp;more\",\"isPartOf\":{\"@id\":\"https:\\\/\\\/www.monello.hu\\\/#website\"},\"primaryImageOfPage\":{\"@id\":\"https:\\\/\\\/www.monello.hu\\\/rolunk\\\/partnereink\\\/#primaryimage\"},\"image\":{\"@id\":\"https:\\\/\\\/www.monello.hu\\\/rolunk\\\/partnereink\\\/#primaryimage\"},\"thumbnailUrl\":\"https:\\\/\\\/monello.hu\\\/wp-content\\\/uploads\\\/2018\\\/06\\\/Monello2.png\",\"datePublished\":\"2018-05-24T17:36:08+00:00\",\"dateModified\":\"2023-10-06T10:19:14+00:00\",\"breadcrumb\":{\"@id\":\"https:\\\/\\\/www.monello.hu\\\/rolunk\\\/partnereink\\\/#breadcrumb\"},\"inLanguage\":\"en-GB\",\"potentialAction\":[{\"@type\":\"ReadAction\",\"target\":[\"https:\\\/\\\/www.monello.hu\\\/rolunk\\\/partnereink\\\/\"]}]},{\"@type\":\"ImageObject\",\"inLanguage\":\"en-GB\",\"@id\":\"https:\\\/\\\/www.monello.hu\\\/rolunk\\\/partnereink\\\/#primaryimage\",\"url\":\"https:\\\/\\\/monello.hu\\\/wp-content\\\/uploads\\\/2018\\\/06\\\/Monello2.png\",\"contentUrl\":\"https:\\\/\\\/monello.hu\\\/wp-content\\\/uploads\\\/2018\\\/06\\\/Monello2.png\"},{\"@type\":\"BreadcrumbList\",\"@id\":\"https:\\\/\\\/www.monello.hu\\\/rolunk\\\/partnereink\\\/#breadcrumb\",\"itemListElement\":[{\"@type\":\"ListItem\",\"position\":1,\"name\":\"Home\",\"item\":\"https:\\\/\\\/www.monello.hu\\\/\"},{\"@type\":\"ListItem\",\"position\":2,\"name\":\"R\u00f3lunk\",\"item\":\"https:\\\/\\\/www.monello.hu\\\/rolunk\\\/\"},{\"@type\":\"ListItem\",\"position\":3,\"name\":\"Partnereink\"}]},{\"@type\":\"WebSite\",\"@id\":\"https:\\\/\\\/www.monello.hu\\\/#website\",\"url\":\"https:\\\/\\\/www.monello.hu\\\/\",\"name\":\"Monello baby&more\",\"description\":\"\",\"publisher\":{\"@id\":\"https:\\\/\\\/www.monello.hu\\\/#organization\"},\"potentialAction\":[{\"@type\":\"SearchAction\",\"target\":{\"@type\":\"EntryPoint\",\"urlTemplate\":\"https:\\\/\\\/www.monello.hu\\\/?s={search_term_string}\"},\"query-input\":{\"@type\":\"PropertyValueSpecification\",\"valueRequired\":true,\"valueName\":\"search_term_string\"}}],\"inLanguage\":\"en-GB\"},{\"@type\":\"Organization\",\"@id\":\"https:\\\/\\\/www.monello.hu\\\/#organization\",\"name\":\"Monello baby&more\",\"url\":\"https:\\\/\\\/www.monello.hu\\\/\",\"logo\":{\"@type\":\"ImageObject\",\"inLanguage\":\"en-GB\",\"@id\":\"https:\\\/\\\/www.monello.hu\\\/#\\\/schema\\\/logo\\\/image\\\/\",\"url\":\"https:\\\/\\\/www.monello.hu\\\/wp-content\\\/uploads\\\/2025\\\/11\\\/MONDELLO_LOGO_NEW_LOGO_HORIZONT_black.png\",\"contentUrl\":\"https:\\\/\\\/www.monello.hu\\\/wp-content\\\/uploads\\\/2025\\\/11\\\/MONDELLO_LOGO_NEW_LOGO_HORIZONT_black.png\",\"width\":1722,\"height\":600,\"caption\":\"Monello baby&more\"},\"image\":{\"@id\":\"https:\\\/\\\/www.monello.hu\\\/#\\\/schema\\\/logo\\\/image\\\/\"},\"sameAs\":[\"https:\\\/\\\/www.facebook.com\\\/monellobabyandmore\\\/\",\"https:\\\/\\\/www.instagram.com\\\/monello_moms\\\/\",\"https:\\\/\\\/www.tiktok.com\\\/@monellobabyandmore\"]}]}<\/script>\n<!-- \/ Yoast SEO plugin. -->","yoast_head_json":{"title":"Partnereink - Monello baby&amp;more","robots":{"index":"index","follow":"follow","max-snippet":"max-snippet:-1","max-image-preview":"max-image-preview:large","max-video-preview":"max-video-preview:-1"},"canonical":"https:\/\/www.monello.hu\/en\/rolunk\/partnereink\/","og_locale":"en_GB","og_type":"article","og_title":"Partnereink - Monello baby&amp;more","og_url":"https:\/\/www.monello.hu\/en\/rolunk\/partnereink\/","og_site_name":"Monello baby&amp;more","article_publisher":"https:\/\/www.facebook.com\/monellobabyandmore\/","article_modified_time":"2023-10-06T10:19:14+00:00","og_image":[{"url":"https:\/\/monello.hu\/wp-content\/uploads\/2018\/06\/Monello2.png","type":"","width":"","height":""}],"twitter_card":"summary_large_image","twitter_misc":{"Estimated reading time":"2 minutes"},"schema":{"@context":"https:\/\/schema.org","@graph":[{"@type":"WebPage","@id":"https:\/\/www.monello.hu\/rolunk\/partnereink\/","url":"https:\/\/www.monello.hu\/rolunk\/partnereink\/","name":"Partnereink - Monello baby&amp;more","isPartOf":{"@id":"https:\/\/www.monello.hu\/#website"},"primaryImageOfPage":{"@id":"https:\/\/www.monello.hu\/rolunk\/partnereink\/#primaryimage"},"image":{"@id":"https:\/\/www.monello.hu\/rolunk\/partnereink\/#primaryimage"},"thumbnailUrl":"https:\/\/monello.hu\/wp-content\/uploads\/2018\/06\/Monello2.png","datePublished":"2018-05-24T17:36:08+00:00","dateModified":"2023-10-06T10:19:14+00:00","breadcrumb":{"@id":"https:\/\/www.monello.hu\/rolunk\/partnereink\/#breadcrumb"},"inLanguage":"en-GB","potentialAction":[{"@type":"ReadAction","target":["https:\/\/www.monello.hu\/rolunk\/partnereink\/"]}]},{"@type":"ImageObject","inLanguage":"en-GB","@id":"https:\/\/www.monello.hu\/rolunk\/partnereink\/#primaryimage","url":"https:\/\/monello.hu\/wp-content\/uploads\/2018\/06\/Monello2.png","contentUrl":"https:\/\/monello.hu\/wp-content\/uploads\/2018\/06\/Monello2.png"},{"@type":"BreadcrumbList","@id":"https:\/\/www.monello.hu\/rolunk\/partnereink\/#breadcrumb","itemListElement":[{"@type":"ListItem","position":1,"name":"Home","item":"https:\/\/www.monello.hu\/"},{"@type":"ListItem","position":2,"name":"R\u00f3lunk","item":"https:\/\/www.monello.hu\/rolunk\/"},{"@type":"ListItem","position":3,"name":"Partnereink"}]},{"@type":"WebSite","@id":"https:\/\/www.monello.hu\/#website","url":"https:\/\/www.monello.hu\/","name":"Monello baby&more","description":"","publisher":{"@id":"https:\/\/www.monello.hu\/#organization"},"potentialAction":[{"@type":"SearchAction","target":{"@type":"EntryPoint","urlTemplate":"https:\/\/www.monello.hu\/?s={search_term_string}"},"query-input":{"@type":"PropertyValueSpecification","valueRequired":true,"valueName":"search_term_string"}}],"inLanguage":"en-GB"},{"@type":"Organization","@id":"https:\/\/www.monello.hu\/#organization","name":"Monello baby&more","url":"https:\/\/www.monello.hu\/","logo":{"@type":"ImageObject","inLanguage":"en-GB","@id":"https:\/\/www.monello.hu\/#\/schema\/logo\/image\/","url":"https:\/\/www.monello.hu\/wp-content\/uploads\/2025\/11\/MONDELLO_LOGO_NEW_LOGO_HORIZONT_black.png","contentUrl":"https:\/\/www.monello.hu\/wp-content\/uploads\/2025\/11\/MONDELLO_LOGO_NEW_LOGO_HORIZONT_black.png","width":1722,"height":600,"caption":"Monello baby&more"},"image":{"@id":"https:\/\/www.monello.hu\/#\/schema\/logo\/image\/"},"sameAs":["https:\/\/www.facebook.com\/monellobabyandmore\/","https:\/\/www.instagram.com\/monello_moms\/","https:\/\/www.tiktok.com\/@monellobabyandmore"]}]}},"_links":{"self":[{"href":"https:\/\/www.monello.hu\/en\/wp-json\/wp\/v2\/pages\/37","targetHints":{"allow":["GET"]}}],"collection":[{"href":"https:\/\/www.monello.hu\/en\/wp-json\/wp\/v2\/pages"}],"about":[{"href":"https:\/\/www.monello.hu\/en\/wp-json\/wp\/v2\/types\/page"}],"author":[{"embeddable":true,"href":"https:\/\/www.monello.hu\/en\/wp-json\/wp\/v2\/users\/33"}],"replies":[{"embeddable":true,"href":"https:\/\/www.monello.hu\/en\/wp-json\/wp\/v2\/comments?post=37"}],"version-history":[{"count":6,"href":"https:\/\/www.monello.hu\/en\/wp-json\/wp\/v2\/pages\/37\/revisions"}],"predecessor-version":[{"id":25393,"href":"https:\/\/www.monello.hu\/en\/wp-json\/wp\/v2\/pages\/37\/revisions\/25393"}],"up":[{"embeddable":true,"href":"https:\/\/www.monello.hu\/en\/wp-json\/wp\/v2\/pages\/29"}],"wp:attachment":[{"href":"https:\/\/www.monello.hu\/en\/wp-json\/wp\/v2\/media?parent=37"}],"curies":[{"name":"wp","href":"https:\/\/api.w.org\/{rel}","templated":true}]}}