{"id":35,"date":"2018-05-24T17:35:38","date_gmt":"2018-05-24T17:35:38","guid":{"rendered":"https:\/\/monello.hu\/?page_id=35"},"modified":"2025-09-01T19:56:48","modified_gmt":"2025-09-01T17:56:48","slug":"penzvisszafizetes-penzvisszafizetes","status":"publish","type":"page","link":"https:\/\/www.monello.hu\/en\/rolunk\/penzvisszafizetes-penzvisszafizetes\/","title":{"rendered":"Money back guarantee"},"content":{"rendered":"<h4>30 NAPOS P\u00c9NZVISSZAFIZET\u00c9SI GARANCIA A MONELLO BABY&amp;MORE-N\u00c1L<\/h4>\n<h4><img loading=\"lazy\" decoding=\"async\" class=\"aligncenter size-full wp-image-1357\" src=\"https:\/\/monello.hu\/wp-content\/uploads\/2018\/06\/MONEYBACKIMAGE.png\" alt=\"Monello baby&amp;more p\u00e9nzvisszafizet\u00e9s\" width=\"810\" height=\"450\" srcset=\"https:\/\/www.monello.hu\/wp-content\/uploads\/2018\/06\/MONEYBACKIMAGE.png 810w, https:\/\/www.monello.hu\/wp-content\/uploads\/2018\/06\/MONEYBACKIMAGE-300x167.png 300w, https:\/\/www.monello.hu\/wp-content\/uploads\/2018\/06\/MONEYBACKIMAGE-768x427.png 768w, https:\/\/www.monello.hu\/wp-content\/uploads\/2018\/06\/MONEYBACKIMAGE-600x333.png 600w\" sizes=\"auto, (max-width: 810px) 100vw, 810px\" \/><\/h4>\n<h4>Kedves Monello Mamik!<\/h4>\n<p>Tudjuk, hogy a webshopon val\u00f3 v\u00e1s\u00e1rl\u00e1s egyik f\u0151 g\u00e1tja, az, hogy <strong>csak virtu\u00e1lisan l\u00e1tj\u00e1tok a term\u00e9keket<\/strong> \u00e9s nem tudj\u00e1tok <strong>megfogni, kipr\u00f3b\u00e1lni<\/strong> \u0151ket. Fokozottan igaz ez olyan term\u00e9kek est\u00e9ben, amelyek teljesen \u00fajak. <strong>Ez\u00e9rt mi p\u00e9nz visszafizet\u00e9si garanci\u00e1t v\u00e1llalunk minden term\u00e9k\u00fcnkre.<\/strong> Nem szeretn\u00e9nk, ha ez lenn az akad\u00e1ly a v\u00e1s\u00e1rl\u00e1sban, vagy ha ut\u00f3lag csal\u00f3dottak lenn\u00e9tek.<\/p>\n<p><strong>A p\u00e9nz visszafizet\u00e9s minden Monello baby&amp;more term\u00e9kre vonatkozik,<\/strong> amit csak kipr\u00f3b\u00e1ltatok \u00e9s nem haszn\u00e1ltatok \u00e9s ugyanolyan j\u00f3 \u00e1llapotban tudtok visszajuttatni nek\u00fcnk, mint ahogy azt kapt\u00e1tok. Fontos, hogy els\u0151k\u00e9nt pr\u00f3b\u00e1lj\u00e1tok fel a term\u00e9keket a kisbab\u00e1tokra \u00e9s <strong>NE moss\u00e1tok ki.<\/strong> Mert, ha a term\u00e9k \u00e1r\u00e1t szeretn\u00e9tek visszakapni, <strong>akkor ez a haszn\u00e1lat val\u00f3ban nem haladhatja meg a kipr\u00f3b\u00e1l\u00e1s m\u00e9rt\u00e9k\u00e9t.<\/strong><\/p>\n<p><strong>Internetes v\u00e1s\u00e1rl\u00e1s eset\u00e9n \u00fagynevezett el\u00e1ll\u00e1si jog illeti meg a v\u00e1s\u00e1rl\u00f3t<\/strong> a t\u00f6rv\u00e9ny alapj\u00e1n (<a href=\"http:\/\/njt.hu\/cgi_bin\/njt_doc.cgi?docid=167547.260043\">a fogyaszt\u00f3 \u00e9s v\u00e1llalkoz\u00e1si k\u00f6z\u00f6tti szerz\u0151d\u00e9sek r\u00e9szletes szab\u00e1lyair\u00f3l sz\u00f3l\u00f3 45\/2014. (II. 26.) Korm\u00e1nyrendelet<\/a>) 14 nap illeti meg a v\u00e1s\u00e1rl\u00f3t, mint v\u00e1s\u00e1rl\u00e1st\u00f3l val\u00f3 el\u00e1ll\u00e1si jog.<\/p>\n<p><img loading=\"lazy\" decoding=\"async\" class=\"aligncenter size-full wp-image-1354\" src=\"https:\/\/monello.hu\/wp-content\/uploads\/2018\/06\/monello_pecsetek_FINAL_OK_GARI_black.png\" alt=\"Monello baby&amp;more garancia log\u00f3\" width=\"1332\" height=\"1246\" srcset=\"https:\/\/www.monello.hu\/wp-content\/uploads\/2018\/06\/monello_pecsetek_FINAL_OK_GARI_black.png 1332w, https:\/\/www.monello.hu\/wp-content\/uploads\/2018\/06\/monello_pecsetek_FINAL_OK_GARI_black-300x281.png 300w, https:\/\/www.monello.hu\/wp-content\/uploads\/2018\/06\/monello_pecsetek_FINAL_OK_GARI_black-768x718.png 768w, https:\/\/www.monello.hu\/wp-content\/uploads\/2018\/06\/monello_pecsetek_FINAL_OK_GARI_black-1024x958.png 1024w, https:\/\/www.monello.hu\/wp-content\/uploads\/2018\/06\/monello_pecsetek_FINAL_OK_GARI_black-600x561.png 600w\" sizes=\"auto, (max-width: 1332px) 100vw, 1332px\" \/>De miut\u00e1n tudjuk, hogy sokszor a baba meg\u00e9rkez\u00e9se el\u0151tt v\u00e1s\u00e1rolj\u00e1tok meg a Monello baby&amp;more term\u00e9keket vagy aj\u00e1nd\u00e9kba adj\u00e1tok, ez\u00e9rt mi <strong>ezt a 14 napot felemelt\u00fck 30 napra.<\/strong> \u00cdgy a <strong>p\u00e9nzvisszafizet\u00e9si garanci\u00e1t a Monello baby&amp;more 30 napon<\/strong> bel\u00fcl v\u00e1s\u00e1rolt Monello baby&amp;more ter\u00e9kekre v\u00e1llalja.<\/p>\n<p><img loading=\"lazy\" decoding=\"async\" class=\"aligncenter size-full wp-image-1037\" src=\"https:\/\/monello.hu\/wp-content\/uploads\/2018\/05\/karparna.png\" alt=\"Monello baby&amp;more szoptat\u00f3s p\u00e1rna\" width=\"500\" height=\"500\" srcset=\"https:\/\/www.monello.hu\/wp-content\/uploads\/2018\/05\/karparna.png 500w, https:\/\/www.monello.hu\/wp-content\/uploads\/2018\/05\/karparna-150x150.png 150w, https:\/\/www.monello.hu\/wp-content\/uploads\/2018\/05\/karparna-300x300.png 300w, https:\/\/www.monello.hu\/wp-content\/uploads\/2018\/05\/karparna-220x220.png 220w, https:\/\/www.monello.hu\/wp-content\/uploads\/2018\/05\/karparna-450x450.png 450w, https:\/\/www.monello.hu\/wp-content\/uploads\/2018\/05\/karparna-100x100.png 100w\" sizes=\"auto, (max-width: 500px) 100vw, 500px\" \/><\/p>\n<p>Amennyiben <strong>csak a m\u00e9ret, vagy a sz\u00edn nem j\u00f3,<\/strong> posta k\u00f6lts\u00e9g ellen\u00e9ben, vagy az \u00e1tv\u00e9teli pontjainkon sz\u00edvesen kicser\u00e9lj\u00fck az adott Monello baby&amp;more term\u00e9ket. <strong>Amennyiben nem ilyen term\u00e9kre sz\u00e1m\u00edtottatok, \u00e9s nem most\u00e1tok ki, csak felpr\u00f3b\u00e1lt\u00e1tok, akkor pedig visszafizetj\u00fck a term\u00e9k \u00e1r\u00e1t,<\/strong> amennyiben visszapost\u00e1zz\u00e1tok azt sz\u00e1munkra, vagy leadj\u00e1tok az \u00e1tv\u00e9teli pontunkon.<\/p>\n<p>Ez esetben k\u00e9rlek, el\u0151zetesen keressetek meg minket az <a href=\"mailto:info@monello.hu\">info@monello.hu<\/a> e-mail c\u00edmen, vagy h\u00edvjatok minket a <strong>+36 30 609 6168<\/strong>-\u00f6s telefonsz\u00e1mon, hogy egyeztetni tudjuk a tov\u00e1bbiakat.<\/p>\n<p>Persze a legjobb, ha valamelyik<a href=\"https:\/\/www.monello.hu\/en\/kapcsolat\/\"> viszontelad\u00f3nkn\u00e1l<\/a> meg tudj\u00e1tok n\u00e9zni, fel tudj\u00e1tok pr\u00f3b\u00e1lni el\u0151zetesen a term\u00e9keket, hogy tudj\u00e1tok mire sz\u00e1m\u00edtsatok. Most m\u00e1r orsz\u00e1gos szinten k\u00f6zel 20 helyen tudj\u00e1tok megn\u00e9zni, megv\u00e1s\u00e1rolni a term\u00e9keinket. Tov\u00e1bbi inform\u00e1ci\u00f3 <a href=\"https:\/\/www.monello.hu\/en\/kapcsolat\/\">itt.<\/a><\/p>\n<p style=\"text-align: center;\"><img loading=\"lazy\" decoding=\"async\" class=\"aligncenter size-full wp-image-1356\" src=\"https:\/\/monello.hu\/wp-content\/uploads\/2018\/06\/Doniz_HorvathneKantor2.png\" alt=\"Monello baby&amp;more v\u00e1s\u00e1rl\u00f3i visszajelz\u00e9sek\" width=\"810\" height=\"450\" srcset=\"https:\/\/www.monello.hu\/wp-content\/uploads\/2018\/06\/Doniz_HorvathneKantor2.png 810w, https:\/\/www.monello.hu\/wp-content\/uploads\/2018\/06\/Doniz_HorvathneKantor2-300x167.png 300w, https:\/\/www.monello.hu\/wp-content\/uploads\/2018\/06\/Doniz_HorvathneKantor2-768x427.png 768w, https:\/\/www.monello.hu\/wp-content\/uploads\/2018\/06\/Doniz_HorvathneKantor2-600x333.png 600w\" sizes=\"auto, (max-width: 810px) 100vw, 810px\" \/><\/p>","protected":false},"excerpt":{"rendered":"<p>30 NAPOS P\u00c9NZVISSZAFIZET\u00c9SI GARANCIA A MONELLO BABY&amp;MORE-N\u00c1L Kedves Monello Mamik! Tudjuk, hogy a webshopon val\u00f3 v\u00e1s\u00e1rl\u00e1s egyik f\u0151 g\u00e1tja, az, hogy csak virtu\u00e1lisan l\u00e1tj\u00e1tok a term\u00e9keket \u00e9s nem tudj\u00e1tok megfogni, kipr\u00f3b\u00e1lni \u0151ket. Fokozottan igaz ez olyan term\u00e9kek est\u00e9ben, amelyek teljesen \u00fajak. Ez\u00e9rt mi p\u00e9nz visszafizet\u00e9si garanci\u00e1t v\u00e1llalunk minden term\u00e9k\u00fcnkre. Nem szeretn\u00e9nk, ha ez lenn az [&hellip;]<\/p>\n","protected":false},"author":33,"featured_media":0,"parent":29,"menu_order":4,"comment_status":"closed","ping_status":"closed","template":"","meta":{"footnotes":""},"class_list":["post-35","page","type-page","status-publish","hentry"],"yoast_head":"<!-- This site is optimized with the Yoast SEO plugin v27.3 - https:\/\/yoast.com\/product\/yoast-seo-wordpress\/ -->\n<title>P\u00e9nzvisszafizet\u00e9si garancia - Monello baby&amp;more<\/title>\n<meta name=\"description\" content=\"30 napos p\u00e9nzvisszafizet\u00e9s garancia a Monello baby&amp;more kiscsillagokra \u00e9s term\u00e9kekre, A Monello extra 16 napot ad a p\u00e9nzvisszafizet\u00e9sre\" \/>\n<meta name=\"robots\" content=\"index, follow, max-snippet:-1, max-image-preview:large, max-video-preview:-1\" \/>\n<link rel=\"canonical\" href=\"https:\/\/www.monello.hu\/en\/rolunk\/penzvisszafizetes-penzvisszafizetes\/\" \/>\n<meta property=\"og:locale\" content=\"en_GB\" \/>\n<meta property=\"og:type\" content=\"article\" \/>\n<meta property=\"og:title\" content=\"P\u00e9nzvisszafizet\u00e9si garancia - Monello baby&amp;more\" \/>\n<meta property=\"og:description\" content=\"30 napos p\u00e9nzvisszafizet\u00e9s garancia a Monello baby&amp;more kiscsillagokra \u00e9s term\u00e9kekre, A Monello extra 16 napot ad a p\u00e9nzvisszafizet\u00e9sre\" \/>\n<meta property=\"og:url\" content=\"https:\/\/www.monello.hu\/en\/rolunk\/penzvisszafizetes-penzvisszafizetes\/\" \/>\n<meta property=\"og:site_name\" content=\"Monello baby&amp;more\" \/>\n<meta property=\"article:publisher\" content=\"https:\/\/www.facebook.com\/monellobabyandmore\/\" \/>\n<meta property=\"article:modified_time\" content=\"2025-09-01T17:56:48+00:00\" \/>\n<meta property=\"og:image\" content=\"https:\/\/www.monello.hu\/wp-content\/uploads\/2018\/06\/MONEYBACKIMAGE.png\" \/>\n\t<meta property=\"og:image:width\" content=\"810\" \/>\n\t<meta property=\"og:image:height\" content=\"450\" \/>\n\t<meta property=\"og:image:type\" content=\"image\/png\" \/>\n<meta name=\"twitter:card\" content=\"summary_large_image\" \/>\n<meta name=\"twitter:label1\" content=\"Estimated reading time\" \/>\n\t<meta name=\"twitter:data1\" content=\"3 minutes\" \/>\n<script type=\"application\/ld+json\" class=\"yoast-schema-graph\">{\"@context\":\"https:\\\/\\\/schema.org\",\"@graph\":[{\"@type\":\"WebPage\",\"@id\":\"https:\\\/\\\/www.monello.hu\\\/rolunk\\\/penzvisszafizetes-penzvisszafizetes\\\/\",\"url\":\"https:\\\/\\\/www.monello.hu\\\/rolunk\\\/penzvisszafizetes-penzvisszafizetes\\\/\",\"name\":\"P\u00e9nzvisszafizet\u00e9si garancia - Monello baby&amp;more\",\"isPartOf\":{\"@id\":\"https:\\\/\\\/www.monello.hu\\\/#website\"},\"primaryImageOfPage\":{\"@id\":\"https:\\\/\\\/www.monello.hu\\\/rolunk\\\/penzvisszafizetes-penzvisszafizetes\\\/#primaryimage\"},\"image\":{\"@id\":\"https:\\\/\\\/www.monello.hu\\\/rolunk\\\/penzvisszafizetes-penzvisszafizetes\\\/#primaryimage\"},\"thumbnailUrl\":\"https:\\\/\\\/monello.hu\\\/wp-content\\\/uploads\\\/2018\\\/06\\\/MONEYBACKIMAGE.png\",\"datePublished\":\"2018-05-24T17:35:38+00:00\",\"dateModified\":\"2025-09-01T17:56:48+00:00\",\"description\":\"30 napos p\u00e9nzvisszafizet\u00e9s garancia a Monello baby&more kiscsillagokra \u00e9s term\u00e9kekre, A Monello extra 16 napot ad a p\u00e9nzvisszafizet\u00e9sre\",\"breadcrumb\":{\"@id\":\"https:\\\/\\\/www.monello.hu\\\/rolunk\\\/penzvisszafizetes-penzvisszafizetes\\\/#breadcrumb\"},\"inLanguage\":\"en-GB\",\"potentialAction\":[{\"@type\":\"ReadAction\",\"target\":[\"https:\\\/\\\/www.monello.hu\\\/rolunk\\\/penzvisszafizetes-penzvisszafizetes\\\/\"]}]},{\"@type\":\"ImageObject\",\"inLanguage\":\"en-GB\",\"@id\":\"https:\\\/\\\/www.monello.hu\\\/rolunk\\\/penzvisszafizetes-penzvisszafizetes\\\/#primaryimage\",\"url\":\"https:\\\/\\\/monello.hu\\\/wp-content\\\/uploads\\\/2018\\\/06\\\/MONEYBACKIMAGE.png\",\"contentUrl\":\"https:\\\/\\\/monello.hu\\\/wp-content\\\/uploads\\\/2018\\\/06\\\/MONEYBACKIMAGE.png\"},{\"@type\":\"BreadcrumbList\",\"@id\":\"https:\\\/\\\/www.monello.hu\\\/rolunk\\\/penzvisszafizetes-penzvisszafizetes\\\/#breadcrumb\",\"itemListElement\":[{\"@type\":\"ListItem\",\"position\":1,\"name\":\"Home\",\"item\":\"https:\\\/\\\/www.monello.hu\\\/\"},{\"@type\":\"ListItem\",\"position\":2,\"name\":\"R\u00f3lunk\",\"item\":\"https:\\\/\\\/www.monello.hu\\\/rolunk\\\/\"},{\"@type\":\"ListItem\",\"position\":3,\"name\":\"P\u00e9nzvisszafizet\u00e9si garancia\"}]},{\"@type\":\"WebSite\",\"@id\":\"https:\\\/\\\/www.monello.hu\\\/#website\",\"url\":\"https:\\\/\\\/www.monello.hu\\\/\",\"name\":\"Monello baby&more\",\"description\":\"\",\"publisher\":{\"@id\":\"https:\\\/\\\/www.monello.hu\\\/#organization\"},\"potentialAction\":[{\"@type\":\"SearchAction\",\"target\":{\"@type\":\"EntryPoint\",\"urlTemplate\":\"https:\\\/\\\/www.monello.hu\\\/?s={search_term_string}\"},\"query-input\":{\"@type\":\"PropertyValueSpecification\",\"valueRequired\":true,\"valueName\":\"search_term_string\"}}],\"inLanguage\":\"en-GB\"},{\"@type\":\"Organization\",\"@id\":\"https:\\\/\\\/www.monello.hu\\\/#organization\",\"name\":\"Monello baby&more\",\"url\":\"https:\\\/\\\/www.monello.hu\\\/\",\"logo\":{\"@type\":\"ImageObject\",\"inLanguage\":\"en-GB\",\"@id\":\"https:\\\/\\\/www.monello.hu\\\/#\\\/schema\\\/logo\\\/image\\\/\",\"url\":\"https:\\\/\\\/www.monello.hu\\\/wp-content\\\/uploads\\\/2025\\\/11\\\/MONDELLO_LOGO_NEW_LOGO_HORIZONT_black.png\",\"contentUrl\":\"https:\\\/\\\/www.monello.hu\\\/wp-content\\\/uploads\\\/2025\\\/11\\\/MONDELLO_LOGO_NEW_LOGO_HORIZONT_black.png\",\"width\":1722,\"height\":600,\"caption\":\"Monello baby&more\"},\"image\":{\"@id\":\"https:\\\/\\\/www.monello.hu\\\/#\\\/schema\\\/logo\\\/image\\\/\"},\"sameAs\":[\"https:\\\/\\\/www.facebook.com\\\/monellobabyandmore\\\/\",\"https:\\\/\\\/www.instagram.com\\\/monello_moms\\\/\",\"https:\\\/\\\/www.tiktok.com\\\/@monellobabyandmore\"]}]}<\/script>\n<!-- \/ Yoast SEO plugin. -->","yoast_head_json":{"title":"P\u00e9nzvisszafizet\u00e9si garancia - Monello baby&amp;more","description":"30 napos p\u00e9nzvisszafizet\u00e9s garancia a Monello baby&more kiscsillagokra \u00e9s term\u00e9kekre, A Monello extra 16 napot ad a p\u00e9nzvisszafizet\u00e9sre","robots":{"index":"index","follow":"follow","max-snippet":"max-snippet:-1","max-image-preview":"max-image-preview:large","max-video-preview":"max-video-preview:-1"},"canonical":"https:\/\/www.monello.hu\/en\/rolunk\/penzvisszafizetes-penzvisszafizetes\/","og_locale":"en_GB","og_type":"article","og_title":"P\u00e9nzvisszafizet\u00e9si garancia - Monello baby&amp;more","og_description":"30 napos p\u00e9nzvisszafizet\u00e9s garancia a Monello baby&more kiscsillagokra \u00e9s term\u00e9kekre, A Monello extra 16 napot ad a p\u00e9nzvisszafizet\u00e9sre","og_url":"https:\/\/www.monello.hu\/en\/rolunk\/penzvisszafizetes-penzvisszafizetes\/","og_site_name":"Monello baby&amp;more","article_publisher":"https:\/\/www.facebook.com\/monellobabyandmore\/","article_modified_time":"2025-09-01T17:56:48+00:00","og_image":[{"width":810,"height":450,"url":"https:\/\/www.monello.hu\/wp-content\/uploads\/2018\/06\/MONEYBACKIMAGE.png","type":"image\/png"}],"twitter_card":"summary_large_image","twitter_misc":{"Estimated reading time":"3 minutes"},"schema":{"@context":"https:\/\/schema.org","@graph":[{"@type":"WebPage","@id":"https:\/\/www.monello.hu\/rolunk\/penzvisszafizetes-penzvisszafizetes\/","url":"https:\/\/www.monello.hu\/rolunk\/penzvisszafizetes-penzvisszafizetes\/","name":"P\u00e9nzvisszafizet\u00e9si garancia - Monello baby&amp;more","isPartOf":{"@id":"https:\/\/www.monello.hu\/#website"},"primaryImageOfPage":{"@id":"https:\/\/www.monello.hu\/rolunk\/penzvisszafizetes-penzvisszafizetes\/#primaryimage"},"image":{"@id":"https:\/\/www.monello.hu\/rolunk\/penzvisszafizetes-penzvisszafizetes\/#primaryimage"},"thumbnailUrl":"https:\/\/monello.hu\/wp-content\/uploads\/2018\/06\/MONEYBACKIMAGE.png","datePublished":"2018-05-24T17:35:38+00:00","dateModified":"2025-09-01T17:56:48+00:00","description":"30 napos p\u00e9nzvisszafizet\u00e9s garancia a Monello baby&more kiscsillagokra \u00e9s term\u00e9kekre, A Monello extra 16 napot ad a p\u00e9nzvisszafizet\u00e9sre","breadcrumb":{"@id":"https:\/\/www.monello.hu\/rolunk\/penzvisszafizetes-penzvisszafizetes\/#breadcrumb"},"inLanguage":"en-GB","potentialAction":[{"@type":"ReadAction","target":["https:\/\/www.monello.hu\/rolunk\/penzvisszafizetes-penzvisszafizetes\/"]}]},{"@type":"ImageObject","inLanguage":"en-GB","@id":"https:\/\/www.monello.hu\/rolunk\/penzvisszafizetes-penzvisszafizetes\/#primaryimage","url":"https:\/\/monello.hu\/wp-content\/uploads\/2018\/06\/MONEYBACKIMAGE.png","contentUrl":"https:\/\/monello.hu\/wp-content\/uploads\/2018\/06\/MONEYBACKIMAGE.png"},{"@type":"BreadcrumbList","@id":"https:\/\/www.monello.hu\/rolunk\/penzvisszafizetes-penzvisszafizetes\/#breadcrumb","itemListElement":[{"@type":"ListItem","position":1,"name":"Home","item":"https:\/\/www.monello.hu\/"},{"@type":"ListItem","position":2,"name":"R\u00f3lunk","item":"https:\/\/www.monello.hu\/rolunk\/"},{"@type":"ListItem","position":3,"name":"P\u00e9nzvisszafizet\u00e9si garancia"}]},{"@type":"WebSite","@id":"https:\/\/www.monello.hu\/#website","url":"https:\/\/www.monello.hu\/","name":"Monello baby&more","description":"","publisher":{"@id":"https:\/\/www.monello.hu\/#organization"},"potentialAction":[{"@type":"SearchAction","target":{"@type":"EntryPoint","urlTemplate":"https:\/\/www.monello.hu\/?s={search_term_string}"},"query-input":{"@type":"PropertyValueSpecification","valueRequired":true,"valueName":"search_term_string"}}],"inLanguage":"en-GB"},{"@type":"Organization","@id":"https:\/\/www.monello.hu\/#organization","name":"Monello baby&more","url":"https:\/\/www.monello.hu\/","logo":{"@type":"ImageObject","inLanguage":"en-GB","@id":"https:\/\/www.monello.hu\/#\/schema\/logo\/image\/","url":"https:\/\/www.monello.hu\/wp-content\/uploads\/2025\/11\/MONDELLO_LOGO_NEW_LOGO_HORIZONT_black.png","contentUrl":"https:\/\/www.monello.hu\/wp-content\/uploads\/2025\/11\/MONDELLO_LOGO_NEW_LOGO_HORIZONT_black.png","width":1722,"height":600,"caption":"Monello baby&more"},"image":{"@id":"https:\/\/www.monello.hu\/#\/schema\/logo\/image\/"},"sameAs":["https:\/\/www.facebook.com\/monellobabyandmore\/","https:\/\/www.instagram.com\/monello_moms\/","https:\/\/www.tiktok.com\/@monellobabyandmore"]}]}},"_links":{"self":[{"href":"https:\/\/www.monello.hu\/en\/wp-json\/wp\/v2\/pages\/35","targetHints":{"allow":["GET"]}}],"collection":[{"href":"https:\/\/www.monello.hu\/en\/wp-json\/wp\/v2\/pages"}],"about":[{"href":"https:\/\/www.monello.hu\/en\/wp-json\/wp\/v2\/types\/page"}],"author":[{"embeddable":true,"href":"https:\/\/www.monello.hu\/en\/wp-json\/wp\/v2\/users\/33"}],"replies":[{"embeddable":true,"href":"https:\/\/www.monello.hu\/en\/wp-json\/wp\/v2\/comments?post=35"}],"version-history":[{"count":10,"href":"https:\/\/www.monello.hu\/en\/wp-json\/wp\/v2\/pages\/35\/revisions"}],"predecessor-version":[{"id":34003,"href":"https:\/\/www.monello.hu\/en\/wp-json\/wp\/v2\/pages\/35\/revisions\/34003"}],"up":[{"embeddable":true,"href":"https:\/\/www.monello.hu\/en\/wp-json\/wp\/v2\/pages\/29"}],"wp:attachment":[{"href":"https:\/\/www.monello.hu\/en\/wp-json\/wp\/v2\/media?parent=35"}],"curies":[{"name":"wp","href":"https:\/\/api.w.org\/{rel}","templated":true}]}}