{"id":33,"date":"2018-05-24T17:35:20","date_gmt":"2018-05-24T17:35:20","guid":{"rendered":"https:\/\/monello.hu\/?page_id=33"},"modified":"2025-11-03T09:22:06","modified_gmt":"2025-11-03T08:22:06","slug":"fizetes-szallitas","status":"publish","type":"page","link":"https:\/\/www.monello.hu\/en\/rolunk\/fizetes-szallitas\/","title":{"rendered":"Payment and Shipping"},"content":{"rendered":"<div class=\"wpb-content-wrapper\"><div class=\"vc_row wpb_row vc_row-fluid\"><div class=\"wpb_column vc_column_container vc_col-sm-12\"><div class=\"vc_column-inner\"><div class=\"wpb_wrapper\">\n\t<div class=\"wpb_text_column wpb_content_element\" >\n\t\t<div class=\"wpb_wrapper\">\n\t\t\t<h4><\/h4>\n<h3><strong>Rendelkez\u00e9sre \u00e1ll\u00f3 fizet\u00e9si \u00e9s sz\u00e1ll\u00edt\u00e1si m\u00f3dok a Monello baby&amp;more E-boutique-ban t\u00f6rt\u00e9n\u0151 v\u00e1s\u00e1rl\u00e1s eset\u00e9n<br \/>\n<\/strong><\/h3>\n<h4><strong><u><img loading=\"lazy\" decoding=\"async\" class=\"aligncenter size-full wp-image-1335\" src=\"https:\/\/monello.hu\/wp-content\/uploads\/2018\/06\/sz\u00e1ll\u00edt\u00e1si-m\u00f3dok.png\" alt=\"Monello baby&amp;more sz\u00e1ll\u00edt\u00e1s\" width=\"810\" height=\"450\" srcset=\"https:\/\/www.monello.hu\/wp-content\/uploads\/2018\/06\/sz\u00e1ll\u00edt\u00e1si-m\u00f3dok.png 810w, https:\/\/www.monello.hu\/wp-content\/uploads\/2018\/06\/sz\u00e1ll\u00edt\u00e1si-m\u00f3dok-300x167.png 300w, https:\/\/www.monello.hu\/wp-content\/uploads\/2018\/06\/sz\u00e1ll\u00edt\u00e1si-m\u00f3dok-768x427.png 768w, https:\/\/www.monello.hu\/wp-content\/uploads\/2018\/06\/sz\u00e1ll\u00edt\u00e1si-m\u00f3dok-600x333.png 600w\" sizes=\"auto, (max-width: 810px) 100vw, 810px\" \/><\/u><\/strong><\/h4>\n<h4><strong><u>FIZET\u00c9SI opci\u00f3k<\/u><\/strong><\/h4>\n<p>Az al\u00e1bbi <strong>fizet\u00e9si opci\u00f3k<\/strong> k\u00f6z\u00fcl v\u00e1laszthatsz a Monello baby&amp;more megrendel\u00e9sed sor\u00e1n, mindegyiket r\u00e9szletesen megtal\u00e1lod az \u00c1SZF \u00e9s a GYIK men\u00fcpontok alatt:<\/p>\n<ul>\n<li>el\u0151re utal\u00e1s<\/li>\n<li>ut\u00e1nv\u00e9ttel k\u00e9szp\u00e9nzzel a GLS \/ DPD fut\u00e1rnak \u00e9s az \u00e1tv\u00e9teli ponton<\/li>\n<li>ut\u00e1nv\u00e9ttel bankk\u00e1rty\u00e1s fizet\u00e9ssel a GLS \/ DPD fut\u00e1rnak<\/li>\n<\/ul>\n<h4><strong><u>SZ\u00c1LL\u00cdT\u00c1SI \u00e9s \u00c1TV\u00c9TELI opci\u00f3k<\/u><\/strong><\/h4>\n<p>Az al\u00e1bbi sz\u00e1ll\u00edt\u00e1si opci\u00f3k k\u00f6z\u00fcl v\u00e1laszthatsz a Monello baby&amp;more megrendel\u00e9sed sor\u00e1n, mindegyiket r\u00e9szletesen megtal\u00e1lod az \u00c1SZF \u00e9s a GYIK men\u00fcpontok alatt:<\/p>\n<ul>\n<li>Monello baby&amp;more \u00c1tv\u00e9teli pont &#8211; 1-3munkanap<\/li>\n<li>GLS \/ DPD csomagk\u00fcld\u0151 szolg\u00e1lat &#8211; 1-3munkanap<\/li>\n<li>MPL h\u00e1zhoz sz\u00e1ll\u00edt\u00e1s &#8211; Post\u00e1ra k\u00e9t hetente 1-szer megy\u00fcnk, \u00edgy ez az opci\u00f3 14 munkanapot is jelenthet.<\/li>\n<\/ul>\n<h4><strong><u>SZ\u00c1LL\u00cdT\u00c1SI \/ \u00c1TV\u00c9TELI OPCI\u00d3K \u00c9S D\u00cdJAIK<\/u><\/strong><\/h4>\n<p>Al\u00e1bb r\u00e9szletezz\u00fck, hogy melyik sz\u00e1ll\u00edt\u00e1si opci\u00f3 mennyibe ker\u00fcl Monello baby&amp;more megrendel\u00e9sed sor\u00e1n:<\/p>\n<ul>\n<li>Monello baby&amp;more \u00c1tv\u00e9teli pont \u2013 0 Ft<\/li>\n<li>GLS \/ DPD csomagk\u00fcld\u0151 szolg\u00e1lattal kisz\u00e1ll\u00edt\u00e1s el\u0151re utal\u00e1s eset\u00e9n &#8211; 2000Ft<\/li>\n<li>MPL h\u00e1zhoz sz\u00e1ll\u00edt\u00e1ssal el\u0151re utal\u00e1s eset\u00e9n &#8211; 1990Ft + Figyelem! Plusz adminisztr\u00e1ci\u00f3s d\u00edjat sz\u00e1molunk fel, ami a Monello baby&amp;more munkat\u00e1rsak munkad\u00edj\u00e1t tartalmazza: a post\u00e1ra utaz\u00e1st, a post\u00e1n val\u00f3 v\u00e1rakoz\u00e1st, a postai csomagfelad\u00e1st \u00e9s vissza utaz\u00e1st, ennek d\u00edja: 3500Ft az alap MPL sz\u00e1ll\u00edt\u00e1si d\u00edjon fel\u00fcl<\/li>\n<li>GLS \/ DPD csomagk\u00fcld\u0151 szolg\u00e1lattal kisz\u00e1ll\u00edt\u00e1s ut\u00e1nv\u00e9tellel &#8211; 2640Ft<\/li>\n<li>GLS \/ DPD cserecsomag (amennyiben nem j\u00f3 a m\u00e9ret \u00e9s cser\u00e9re van sz\u00fcks\u00e9g) el\u0151re utal\u00e1ssal 2320Ft<\/li>\n<li>GLS \/ DPD cserecsomag (amennyiben nem j\u00f3 a m\u00e9ret \u00e9s cser\u00e9re van sz\u00fcks\u00e9g) ut\u00e1nv\u00e9ttel 2960Ft<\/li>\n<li><strong>30 000Ft \u00e9rt\u00e9k\u0171 v\u00e1s\u00e1rl\u00e1s eset\u00e9n a GLS\/DPD kisz\u00e1ll\u00edt\u00e1st Magyarorsz\u00e1g ter\u00fclet\u00e9re mi \u00e1lljuk &#8211; 0Ft<\/strong><\/li>\n<li>K\u00fclf\u00f6ldi sz\u00e1ll\u00edt\u00e1s &#8211; orsz\u00e1gt\u00f3l f\u00fcgg\u0151 egyedi \u00e1rk\u00e9pz\u00e9s alapj\u00e1n de nagys\u00e1grendileg &#8211; 8000Ft k\u00f6r\u00fcl (\u00edrj \u00fczenetet k\u00e9rlek a pontos \u00e1rhoz), csak el\u0151re utal\u00e1ssal<\/li>\n<li>30 000Ft feletti k\u00fclf\u00f6ldi sz\u00e1ll\u00edt\u00e1s eset\u00e9n a sz\u00e1ll\u00edt\u00e1si k\u00f6lts\u00e9gb\u0151l -2000Ft-ot mi \u00e1llunk<\/li>\n<\/ul>\n<h4><strong><u>FIZET\u00c9SI opci\u00f3k azok d\u00edja a SZ\u00c1LL\u00cdT\u00c1S \u00e9s csomag \u00c1TV\u00c9TEL f\u00fcggv\u00e9ny\u00e9ben<\/u><\/strong><\/h4>\n<ul>\n<li>el\u0151re utal\u00e1s \u2013 0Ft \u2013 mindegyik sz\u00e1ll\u00edt\u00e1si m\u00f3d eset\u00e9n v\u00e1laszhat\u00f3. A csomagodat akkor ind\u00edtjuk \u00fatj\u00e1ra, amikor a megrendel\u00e9s \u00f6sszege be\u00e9rkezett hozz\u00e1nk.<\/li>\n<li>ut\u00e1nv\u00e9tel k\u00e9szp\u00e9nzzel \u2013 Monello baby&amp;more \u00e1tv\u00e9teli pont \u2013 0Ft,<\/li>\n<li>ut\u00e1nv\u00e9tel k\u00e9szp\u00e9nzzel &#8211; GLS \/ DPD csomagk\u00fcld\u0151 szolg\u00e1lat kisz\u00e1ll\u00edt\u00e1sa eset\u00e9n +640Ft<\/li>\n<li>ut\u00e1nv\u00e9tel bankk\u00e1rty\u00e1val a GLS \/ DPD fut\u00e1rn\u00e1l +640Ft<\/li>\n<\/ul>\n<h4>Monello baby&amp;more \u00c1tv\u00e9teli Pont<\/h4>\n<h5>Budapesten &#8211; P\u00f6ti Store<\/h5>\n<p><!--more--><\/p>\n<p><strong>Monello baby&amp;more showroom \u00e9s\u00a0 \u00e1tv\u00e9teli pont\u00a0<\/strong><\/p>\n<p><span class=\"d2edcug0 hpfvmrgz qv66sw1b c1et5uql lr9zc1uh a8c37x1j keod5gw0 nxhoafnm aigsh9s9 d3f4x2em fe6kdd0r mau55g9w c8b282yb iv3no6db jq4qci2q a3bd9o3v knj5qynh oo9gr5id hzawbc8m\" dir=\"auto\"><a class=\"oajrlxb2 g5ia77u1 qu0x051f esr5mh6w e9989ue4 r7d6kgcz rq0escxv nhd2j8a9 nc684nl6 p7hjln8o kvgmc6g5 cxmmr5t8 oygrvhab hcukyx3x jb3vyjys rz4wbd8a qt6c0cv9 a8nywdso i1ao9s8h esuyzwwr f1sip0of lzcic4wl py34i1dx gpro0wi8\" tabindex=\"0\" role=\"link\" href=\"https:\/\/www.google.com\/maps\/dir\/?api=1&amp;destination=47.51696%2C19.05037&amp;fbclid=IwAR2oXc6oIzWIVJf-ySIA2OntLFvYyQ50dle7Khol6aOA84Z1BjlcuHluXu8\" target=\"_blank\" rel=\"nofollow noopener\"><span class=\"d2edcug0 hpfvmrgz qv66sw1b c1et5uql lr9zc1uh jq4qci2q a3bd9o3v knj5qynh py34i1dx\"><span class=\"a8c37x1j ni8dbmo4 stjgntxs l9j0dhe7\">Pozsonyi \u00fat 28. Budapest, Hungary 1135<\/span><\/span><\/a><\/span><\/p>\n<p><strong>Nyitva tart\u00e1s: <\/strong><strong>H &#8211; P:<\/strong> 11.00-18.00<\/p>\n<p>A P\u00f6tistore aktu\u00e1lis k\u00e9szlet\u00e9r\u0151l \u00e9rdemes el\u0151re \u00e9rdekl\u0151dni. <span class=\"tojvnm2t a6sixzi8 abs2jz4q a8s20v7p t1p8iaqh k5wvi7nf q3lfd5jv pk4s997a bipmatt0 cebpdrjk qowsmv63 owwhemhu dp1hu0rb dhp61c6y iyyx5f41\">06304893453<\/span><\/p>\n<p>Az \u00fatvonaltervez\u00e9shez <a href=\"https:\/\/www.google.com\/maps\/dir\/24.448023,54.59853\/pozsonyi+%C3%BAt+28.+p%C3%B6ti\/@35.4910199,18.7585534,4z\/data=!3m1!4b1!4m9!4m8!1m1!4e1!1m5!1m1!1s0x4741dd7e9dd51dab:0x4b7635bdb2e74b6d!2m2!1d19.0504647!2d47.516991\">kattints ide<\/a> .<img loading=\"lazy\" decoding=\"async\" class=\"wp-image-13006 alignleft\" src=\"https:\/\/www.monello.hu\/wp-content\/uploads\/2021\/05\/potimap.png\" alt=\"\" width=\"348\" height=\"337\" srcset=\"https:\/\/www.monello.hu\/wp-content\/uploads\/2021\/05\/potimap.png 621w, https:\/\/www.monello.hu\/wp-content\/uploads\/2021\/05\/potimap-300x291.png 300w, https:\/\/www.monello.hu\/wp-content\/uploads\/2021\/05\/potimap-600x582.png 600w\" sizes=\"auto, (max-width: 348px) 100vw, 348px\" \/><\/p>\n<h5 style=\"text-align: center;\"><img loading=\"lazy\" decoding=\"async\" class=\"wp-image-3897 alignleft\" src=\"https:\/\/www.monello.hu\/wp-content\/uploads\/2019\/01\/Blog1.png\" alt=\"monello_bababoltban_designer\" width=\"364\" height=\"305\" srcset=\"https:\/\/www.monello.hu\/wp-content\/uploads\/2019\/01\/Blog1.png 940w, https:\/\/www.monello.hu\/wp-content\/uploads\/2019\/01\/Blog1-300x251.png 300w, https:\/\/www.monello.hu\/wp-content\/uploads\/2019\/01\/Blog1-768x644.png 768w, https:\/\/www.monello.hu\/wp-content\/uploads\/2019\/01\/Blog1-600x503.png 600w\" sizes=\"auto, (max-width: 364px) 100vw, 364px\" \/><\/h5>\n<h5><\/h5>\n<h5><\/h5>\n<h5><\/h5>\n<h5><\/h5>\n<h5><\/h5>\n<h6><\/h6>\n<h6><\/h6>\n<h6 style=\"text-align: left;\">Amennyiben a nyitva tart\u00e1s elt\u00e9r a fent jelzett\u0151l mindig megosztjuk Instagram \u00e9s Fb storyban, miel\u0151tt elindulsz mindig \u00e9rdemes megn\u00e9zni vagy oda cs\u00f6r\u00f6gni, nem jellemz\u0151, de el\u0151fordulhat, hogy k\u00f6zbe j\u00f6n valami.<\/h6>\n<p>A munk\u00e1nkat seg\u00edted, ha<strong> pontos \u00f6sszeget hozol, <\/strong>fizet\u00e9s<strong> csak k\u00e9szp\u00e9nzben <\/strong>lehets\u00e9ges.<\/p>\n<p>Parkolni az utc\u00e1ban elvileg lehet, de fizet\u0151s a k\u00f6rzet.<\/p>\n<p><!--more--><\/p>\n<p>A csomagot el\u0151sz\u00f6r \u00f6ssze kell k\u00e9sz\u00edten\u00fcnk, ez p\u00e1r napot is ig\u00e9nybe vehet,<strong> \u00edgy amikor m\u00e1r a csomag \u00e1tvehet\u0151, <\/strong>arr\u00f3l k\u00fcl\u00f6n<strong> \u00e9rtes\u00edt\u00e9st k\u00fcld\u00fcnk e-mailben.<br \/>\n<\/strong>Sajnos el\u0151fordulhat, hogy ez az \u00e9rtes\u00edt\u0151 e-mail\u00fcnk a SPAM mapp\u00e1dban landol, ez egy\u00e9nileg van be\u00e1ll\u00edtva mindenkin\u00e9l, ezt mi sajnos nem tudjuk befoly\u00e1solni. Ez\u00e9rt k\u00e9rlek, ha az 5. nap eltelt\u00e9vel sem kapt\u00e1l \u00e9rtes\u00edt\u00e9st, akkor csekkold a spam mapp\u00e1dat, vagy \u00e9rdekl\u0151dj n\u00e1lunk <strong>telefonon 06305927585 <\/strong>Vagy<strong> e-mailben az <\/strong><a href=\"mailto:info@monello.hu\"><strong>info@monello.hu<\/strong><\/a><strong> c\u00edmen vagy <a href=\"https:\/\/www.instagram.com\/monello_moms\/\">Instagram<\/a> \/ <a href=\"https:\/\/www.facebook.com\/monellobabyandmore\">Facebook<\/a> \u00fczenetben.<\/strong><\/p>\n<p>Tov\u00e1bbi inform\u00e1ci\u00f3: <a href=\"http:\/\/www.monello.hu\/index.php\/gyik\">FAQ<\/a> and <a href=\"http:\/\/www.monello.hu\/index.php\/aszf\">GTC<\/a><\/p>\n<p style=\"text-align: center;\"><img loading=\"lazy\" decoding=\"async\" class=\"aligncenter size-full wp-image-1341\" src=\"https:\/\/monello.hu\/wp-content\/uploads\/2018\/06\/Image4.png\" alt=\"Monello baby&amp;more webshop\" width=\"1200\" height=\"300\" srcset=\"https:\/\/www.monello.hu\/wp-content\/uploads\/2018\/06\/Image4.png 1200w, https:\/\/www.monello.hu\/wp-content\/uploads\/2018\/06\/Image4-300x75.png 300w, https:\/\/www.monello.hu\/wp-content\/uploads\/2018\/06\/Image4-768x192.png 768w, https:\/\/www.monello.hu\/wp-content\/uploads\/2018\/06\/Image4-1024x256.png 1024w, https:\/\/www.monello.hu\/wp-content\/uploads\/2018\/06\/Image4-600x150.png 600w\" sizes=\"auto, (max-width: 1200px) 100vw, 1200px\" \/><\/p>\n\n\t\t<\/div>\n\t<\/div>\n<\/div><\/div><\/div><\/div>\n<\/div>","protected":false},"excerpt":{"rendered":"<p>Rendelkez\u00e9sre \u00e1ll\u00f3 fizet\u00e9si \u00e9s sz\u00e1ll\u00edt\u00e1si m\u00f3dok a Monello baby&amp;more E-boutique-ban t\u00f6rt\u00e9n\u0151 v\u00e1s\u00e1rl\u00e1s eset\u00e9n FIZET\u00c9SI opci\u00f3k Az al\u00e1bbi fizet\u00e9si opci\u00f3k k\u00f6z\u00fcl v\u00e1laszthatsz a Monello baby&amp;more megrendel\u00e9sed sor\u00e1n, mindegyiket r\u00e9szletesen megtal\u00e1lod az \u00c1SZF \u00e9s a GYIK men\u00fcpontok alatt: el\u0151re utal\u00e1s ut\u00e1nv\u00e9ttel k\u00e9szp\u00e9nzzel a GLS \/ DPD fut\u00e1rnak \u00e9s az \u00e1tv\u00e9teli ponton ut\u00e1nv\u00e9ttel bankk\u00e1rty\u00e1s fizet\u00e9ssel a GLS \/ [&hellip;]<\/p>\n","protected":false},"author":33,"featured_media":0,"parent":29,"menu_order":2,"comment_status":"closed","ping_status":"closed","template":"","meta":{"footnotes":""},"class_list":["post-33","page","type-page","status-publish","hentry"],"yoast_head":"<!-- This site is optimized with the Yoast SEO plugin v27.3 - https:\/\/yoast.com\/product\/yoast-seo-wordpress\/ -->\n<title>Fizet\u00e9s \u00e9s Sz\u00e1ll\u00edt\u00e1s - Monello baby&amp;more<\/title>\n<meta name=\"description\" content=\"Ismerd meg a Monello baby&amp;more fizet\u00e9si \u00e9s sz\u00e1ll\u00edt\u00e1si opci\u00f3it. Fizet\u00e9s lehets\u00e9ges ut\u00e1nv\u00e9tellel k\u00e9szp\u00e9nzben, vagy pedig el\u0151re utal\u00e1ssal. GLS kisz\u00e1ll\u00edt\u00e1s \u00e9s szem\u00e9lyes \u00e1tv\u00e9tel a budapesti \u00c1tv\u00e9teli ponton.\" \/>\n<meta name=\"robots\" content=\"index, follow, max-snippet:-1, max-image-preview:large, max-video-preview:-1\" \/>\n<link rel=\"canonical\" href=\"https:\/\/www.monello.hu\/en\/rolunk\/fizetes-szallitas\/\" \/>\n<meta property=\"og:locale\" content=\"en_GB\" \/>\n<meta property=\"og:type\" content=\"article\" \/>\n<meta property=\"og:title\" content=\"Fizet\u00e9s \u00e9s Sz\u00e1ll\u00edt\u00e1s - Monello baby&amp;more\" \/>\n<meta property=\"og:description\" content=\"Ismerd meg a Monello baby&amp;more fizet\u00e9si \u00e9s sz\u00e1ll\u00edt\u00e1si opci\u00f3it. Fizet\u00e9s lehets\u00e9ges ut\u00e1nv\u00e9tellel k\u00e9szp\u00e9nzben, vagy pedig el\u0151re utal\u00e1ssal. GLS kisz\u00e1ll\u00edt\u00e1s \u00e9s szem\u00e9lyes \u00e1tv\u00e9tel a budapesti \u00c1tv\u00e9teli ponton.\" \/>\n<meta property=\"og:url\" content=\"https:\/\/www.monello.hu\/en\/rolunk\/fizetes-szallitas\/\" \/>\n<meta property=\"og:site_name\" content=\"Monello baby&amp;more\" \/>\n<meta property=\"article:publisher\" content=\"https:\/\/www.facebook.com\/monellobabyandmore\/\" \/>\n<meta property=\"article:modified_time\" content=\"2025-11-03T08:22:06+00:00\" \/>\n<meta property=\"og:image\" content=\"https:\/\/www.monello.hu\/wp-content\/uploads\/2021\/05\/potimap.png\" \/>\n<meta name=\"twitter:card\" content=\"summary_large_image\" \/>\n<meta name=\"twitter:label1\" content=\"Estimated reading time\" \/>\n\t<meta name=\"twitter:data1\" content=\"4 minutes\" \/>\n<script type=\"application\/ld+json\" class=\"yoast-schema-graph\">{\"@context\":\"https:\\\/\\\/schema.org\",\"@graph\":[{\"@type\":\"WebPage\",\"@id\":\"https:\\\/\\\/www.monello.hu\\\/rolunk\\\/fizetes-szallitas\\\/\",\"url\":\"https:\\\/\\\/www.monello.hu\\\/rolunk\\\/fizetes-szallitas\\\/\",\"name\":\"Fizet\u00e9s \u00e9s Sz\u00e1ll\u00edt\u00e1s - Monello baby&amp;more\",\"isPartOf\":{\"@id\":\"https:\\\/\\\/www.monello.hu\\\/#website\"},\"primaryImageOfPage\":{\"@id\":\"https:\\\/\\\/www.monello.hu\\\/rolunk\\\/fizetes-szallitas\\\/#primaryimage\"},\"image\":{\"@id\":\"https:\\\/\\\/www.monello.hu\\\/rolunk\\\/fizetes-szallitas\\\/#primaryimage\"},\"thumbnailUrl\":\"https:\\\/\\\/www.monello.hu\\\/wp-content\\\/uploads\\\/2021\\\/05\\\/potimap.png\",\"datePublished\":\"2018-05-24T17:35:20+00:00\",\"dateModified\":\"2025-11-03T08:22:06+00:00\",\"description\":\"Ismerd meg a Monello baby&more fizet\u00e9si \u00e9s sz\u00e1ll\u00edt\u00e1si opci\u00f3it. Fizet\u00e9s lehets\u00e9ges ut\u00e1nv\u00e9tellel k\u00e9szp\u00e9nzben, vagy pedig el\u0151re utal\u00e1ssal. GLS kisz\u00e1ll\u00edt\u00e1s \u00e9s szem\u00e9lyes \u00e1tv\u00e9tel a budapesti \u00c1tv\u00e9teli ponton.\",\"breadcrumb\":{\"@id\":\"https:\\\/\\\/www.monello.hu\\\/rolunk\\\/fizetes-szallitas\\\/#breadcrumb\"},\"inLanguage\":\"en-GB\",\"potentialAction\":[{\"@type\":\"ReadAction\",\"target\":[\"https:\\\/\\\/www.monello.hu\\\/rolunk\\\/fizetes-szallitas\\\/\"]}]},{\"@type\":\"ImageObject\",\"inLanguage\":\"en-GB\",\"@id\":\"https:\\\/\\\/www.monello.hu\\\/rolunk\\\/fizetes-szallitas\\\/#primaryimage\",\"url\":\"https:\\\/\\\/www.monello.hu\\\/wp-content\\\/uploads\\\/2021\\\/05\\\/potimap.png\",\"contentUrl\":\"https:\\\/\\\/www.monello.hu\\\/wp-content\\\/uploads\\\/2021\\\/05\\\/potimap.png\"},{\"@type\":\"BreadcrumbList\",\"@id\":\"https:\\\/\\\/www.monello.hu\\\/rolunk\\\/fizetes-szallitas\\\/#breadcrumb\",\"itemListElement\":[{\"@type\":\"ListItem\",\"position\":1,\"name\":\"Home\",\"item\":\"https:\\\/\\\/www.monello.hu\\\/\"},{\"@type\":\"ListItem\",\"position\":2,\"name\":\"R\u00f3lunk\",\"item\":\"https:\\\/\\\/www.monello.hu\\\/rolunk\\\/\"},{\"@type\":\"ListItem\",\"position\":3,\"name\":\"Fizet\u00e9s \u00e9s Sz\u00e1ll\u00edt\u00e1s\"}]},{\"@type\":\"WebSite\",\"@id\":\"https:\\\/\\\/www.monello.hu\\\/#website\",\"url\":\"https:\\\/\\\/www.monello.hu\\\/\",\"name\":\"Monello baby&more\",\"description\":\"\",\"publisher\":{\"@id\":\"https:\\\/\\\/www.monello.hu\\\/#organization\"},\"potentialAction\":[{\"@type\":\"SearchAction\",\"target\":{\"@type\":\"EntryPoint\",\"urlTemplate\":\"https:\\\/\\\/www.monello.hu\\\/?s={search_term_string}\"},\"query-input\":{\"@type\":\"PropertyValueSpecification\",\"valueRequired\":true,\"valueName\":\"search_term_string\"}}],\"inLanguage\":\"en-GB\"},{\"@type\":\"Organization\",\"@id\":\"https:\\\/\\\/www.monello.hu\\\/#organization\",\"name\":\"Monello baby&more\",\"url\":\"https:\\\/\\\/www.monello.hu\\\/\",\"logo\":{\"@type\":\"ImageObject\",\"inLanguage\":\"en-GB\",\"@id\":\"https:\\\/\\\/www.monello.hu\\\/#\\\/schema\\\/logo\\\/image\\\/\",\"url\":\"https:\\\/\\\/www.monello.hu\\\/wp-content\\\/uploads\\\/2025\\\/11\\\/MONDELLO_LOGO_NEW_LOGO_HORIZONT_black.png\",\"contentUrl\":\"https:\\\/\\\/www.monello.hu\\\/wp-content\\\/uploads\\\/2025\\\/11\\\/MONDELLO_LOGO_NEW_LOGO_HORIZONT_black.png\",\"width\":1722,\"height\":600,\"caption\":\"Monello baby&more\"},\"image\":{\"@id\":\"https:\\\/\\\/www.monello.hu\\\/#\\\/schema\\\/logo\\\/image\\\/\"},\"sameAs\":[\"https:\\\/\\\/www.facebook.com\\\/monellobabyandmore\\\/\",\"https:\\\/\\\/www.instagram.com\\\/monello_moms\\\/\",\"https:\\\/\\\/www.tiktok.com\\\/@monellobabyandmore\"]}]}<\/script>\n<!-- \/ Yoast SEO plugin. -->","yoast_head_json":{"title":"Fizet\u00e9s \u00e9s Sz\u00e1ll\u00edt\u00e1s - Monello baby&amp;more","description":"Ismerd meg a Monello baby&more fizet\u00e9si \u00e9s sz\u00e1ll\u00edt\u00e1si opci\u00f3it. Fizet\u00e9s lehets\u00e9ges ut\u00e1nv\u00e9tellel k\u00e9szp\u00e9nzben, vagy pedig el\u0151re utal\u00e1ssal. GLS kisz\u00e1ll\u00edt\u00e1s \u00e9s szem\u00e9lyes \u00e1tv\u00e9tel a budapesti \u00c1tv\u00e9teli ponton.","robots":{"index":"index","follow":"follow","max-snippet":"max-snippet:-1","max-image-preview":"max-image-preview:large","max-video-preview":"max-video-preview:-1"},"canonical":"https:\/\/www.monello.hu\/en\/rolunk\/fizetes-szallitas\/","og_locale":"en_GB","og_type":"article","og_title":"Fizet\u00e9s \u00e9s Sz\u00e1ll\u00edt\u00e1s - Monello baby&amp;more","og_description":"Ismerd meg a Monello baby&more fizet\u00e9si \u00e9s sz\u00e1ll\u00edt\u00e1si opci\u00f3it. Fizet\u00e9s lehets\u00e9ges ut\u00e1nv\u00e9tellel k\u00e9szp\u00e9nzben, vagy pedig el\u0151re utal\u00e1ssal. GLS kisz\u00e1ll\u00edt\u00e1s \u00e9s szem\u00e9lyes \u00e1tv\u00e9tel a budapesti \u00c1tv\u00e9teli ponton.","og_url":"https:\/\/www.monello.hu\/en\/rolunk\/fizetes-szallitas\/","og_site_name":"Monello baby&amp;more","article_publisher":"https:\/\/www.facebook.com\/monellobabyandmore\/","article_modified_time":"2025-11-03T08:22:06+00:00","og_image":[{"url":"https:\/\/www.monello.hu\/wp-content\/uploads\/2021\/05\/potimap.png","type":"","width":"","height":""}],"twitter_card":"summary_large_image","twitter_misc":{"Estimated reading time":"4 minutes"},"schema":{"@context":"https:\/\/schema.org","@graph":[{"@type":"WebPage","@id":"https:\/\/www.monello.hu\/rolunk\/fizetes-szallitas\/","url":"https:\/\/www.monello.hu\/rolunk\/fizetes-szallitas\/","name":"Fizet\u00e9s \u00e9s Sz\u00e1ll\u00edt\u00e1s - Monello baby&amp;more","isPartOf":{"@id":"https:\/\/www.monello.hu\/#website"},"primaryImageOfPage":{"@id":"https:\/\/www.monello.hu\/rolunk\/fizetes-szallitas\/#primaryimage"},"image":{"@id":"https:\/\/www.monello.hu\/rolunk\/fizetes-szallitas\/#primaryimage"},"thumbnailUrl":"https:\/\/www.monello.hu\/wp-content\/uploads\/2021\/05\/potimap.png","datePublished":"2018-05-24T17:35:20+00:00","dateModified":"2025-11-03T08:22:06+00:00","description":"Ismerd meg a Monello baby&more fizet\u00e9si \u00e9s sz\u00e1ll\u00edt\u00e1si opci\u00f3it. Fizet\u00e9s lehets\u00e9ges ut\u00e1nv\u00e9tellel k\u00e9szp\u00e9nzben, vagy pedig el\u0151re utal\u00e1ssal. GLS kisz\u00e1ll\u00edt\u00e1s \u00e9s szem\u00e9lyes \u00e1tv\u00e9tel a budapesti \u00c1tv\u00e9teli ponton.","breadcrumb":{"@id":"https:\/\/www.monello.hu\/rolunk\/fizetes-szallitas\/#breadcrumb"},"inLanguage":"en-GB","potentialAction":[{"@type":"ReadAction","target":["https:\/\/www.monello.hu\/rolunk\/fizetes-szallitas\/"]}]},{"@type":"ImageObject","inLanguage":"en-GB","@id":"https:\/\/www.monello.hu\/rolunk\/fizetes-szallitas\/#primaryimage","url":"https:\/\/www.monello.hu\/wp-content\/uploads\/2021\/05\/potimap.png","contentUrl":"https:\/\/www.monello.hu\/wp-content\/uploads\/2021\/05\/potimap.png"},{"@type":"BreadcrumbList","@id":"https:\/\/www.monello.hu\/rolunk\/fizetes-szallitas\/#breadcrumb","itemListElement":[{"@type":"ListItem","position":1,"name":"Home","item":"https:\/\/www.monello.hu\/"},{"@type":"ListItem","position":2,"name":"R\u00f3lunk","item":"https:\/\/www.monello.hu\/rolunk\/"},{"@type":"ListItem","position":3,"name":"Fizet\u00e9s \u00e9s Sz\u00e1ll\u00edt\u00e1s"}]},{"@type":"WebSite","@id":"https:\/\/www.monello.hu\/#website","url":"https:\/\/www.monello.hu\/","name":"Monello baby&more","description":"","publisher":{"@id":"https:\/\/www.monello.hu\/#organization"},"potentialAction":[{"@type":"SearchAction","target":{"@type":"EntryPoint","urlTemplate":"https:\/\/www.monello.hu\/?s={search_term_string}"},"query-input":{"@type":"PropertyValueSpecification","valueRequired":true,"valueName":"search_term_string"}}],"inLanguage":"en-GB"},{"@type":"Organization","@id":"https:\/\/www.monello.hu\/#organization","name":"Monello baby&more","url":"https:\/\/www.monello.hu\/","logo":{"@type":"ImageObject","inLanguage":"en-GB","@id":"https:\/\/www.monello.hu\/#\/schema\/logo\/image\/","url":"https:\/\/www.monello.hu\/wp-content\/uploads\/2025\/11\/MONDELLO_LOGO_NEW_LOGO_HORIZONT_black.png","contentUrl":"https:\/\/www.monello.hu\/wp-content\/uploads\/2025\/11\/MONDELLO_LOGO_NEW_LOGO_HORIZONT_black.png","width":1722,"height":600,"caption":"Monello baby&more"},"image":{"@id":"https:\/\/www.monello.hu\/#\/schema\/logo\/image\/"},"sameAs":["https:\/\/www.facebook.com\/monellobabyandmore\/","https:\/\/www.instagram.com\/monello_moms\/","https:\/\/www.tiktok.com\/@monellobabyandmore"]}]}},"_links":{"self":[{"href":"https:\/\/www.monello.hu\/en\/wp-json\/wp\/v2\/pages\/33","targetHints":{"allow":["GET"]}}],"collection":[{"href":"https:\/\/www.monello.hu\/en\/wp-json\/wp\/v2\/pages"}],"about":[{"href":"https:\/\/www.monello.hu\/en\/wp-json\/wp\/v2\/types\/page"}],"author":[{"embeddable":true,"href":"https:\/\/www.monello.hu\/en\/wp-json\/wp\/v2\/users\/33"}],"replies":[{"embeddable":true,"href":"https:\/\/www.monello.hu\/en\/wp-json\/wp\/v2\/comments?post=33"}],"version-history":[{"count":65,"href":"https:\/\/www.monello.hu\/en\/wp-json\/wp\/v2\/pages\/33\/revisions"}],"predecessor-version":[{"id":35176,"href":"https:\/\/www.monello.hu\/en\/wp-json\/wp\/v2\/pages\/33\/revisions\/35176"}],"up":[{"embeddable":true,"href":"https:\/\/www.monello.hu\/en\/wp-json\/wp\/v2\/pages\/29"}],"wp:attachment":[{"href":"https:\/\/www.monello.hu\/en\/wp-json\/wp\/v2\/media?parent=33"}],"curies":[{"name":"wp","href":"https:\/\/api.w.org\/{rel}","templated":true}]}}