{"id":29,"date":"2018-05-24T17:34:43","date_gmt":"2018-05-24T17:34:43","guid":{"rendered":"https:\/\/monello.hu\/?page_id=29"},"modified":"2018-06-11T07:39:29","modified_gmt":"2018-06-11T07:39:29","slug":"rolunk","status":"publish","type":"page","link":"https:\/\/www.monello.hu\/en\/rolunk\/","title":{"rendered":"About us"},"content":{"rendered":"<div class=\"wpb-content-wrapper\"><div class=\"vc_row wpb_row vc_row-fluid\"><div class=\"wpb_column vc_column_container vc_col-sm-3\"><div class=\"vc_column-inner\"><div class=\"wpb_wrapper\">\n\t<div  class=\"wpb_single_image wpb_content_element vc_align_left wpb_content_element\">\n\t\t<h2 class=\"wpb_heading wpb_singleimage_heading\">We and the Monello<\/h2>\n\t\t<figure class=\"wpb_wrapper vc_figure\">\n\t\t\t<a href=\"https:\/\/www.monello.hu\/en\/rolunk\/mi-monello\/\" target=\"_self\" class=\"vc_single_image-wrapper   vc_box_border_grey\"><img loading=\"lazy\" decoding=\"async\" width=\"500\" height=\"500\" src=\"https:\/\/www.monello.hu\/wp-content\/uploads\/2018\/06\/Untitled-design48.png\" class=\"vc_single_image-img attachment-full\" alt=\"MI \u00e9s a Monello baby&amp;more\" title=\"MI \u00e9s a Monello baby&amp;more\" srcset=\"https:\/\/www.monello.hu\/wp-content\/uploads\/2018\/06\/Untitled-design48.png 500w, https:\/\/www.monello.hu\/wp-content\/uploads\/2018\/06\/Untitled-design48-150x150.png 150w, https:\/\/www.monello.hu\/wp-content\/uploads\/2018\/06\/Untitled-design48-300x300.png 300w, https:\/\/www.monello.hu\/wp-content\/uploads\/2018\/06\/Untitled-design48-220x220.png 220w, https:\/\/www.monello.hu\/wp-content\/uploads\/2018\/06\/Untitled-design48-450x450.png 450w, https:\/\/www.monello.hu\/wp-content\/uploads\/2018\/06\/Untitled-design48-100x100.png 100w\" sizes=\"auto, (max-width: 500px) 100vw, 500px\" \/><\/a>\n\t\t<\/figure>\n\t<\/div>\n<\/div><\/div><\/div><div class=\"wpb_column vc_column_container vc_col-sm-3\"><div class=\"vc_column-inner\"><div class=\"wpb_wrapper\">\n\t<div  class=\"wpb_single_image wpb_content_element vc_align_left wpb_content_element\">\n\t\t<h2 class=\"wpb_heading wpb_singleimage_heading\">Fizet\u00e9s \u00e9s sz\u00e1ll\u00edt\u00e1s<\/h2>\n\t\t<figure class=\"wpb_wrapper vc_figure\">\n\t\t\t<a href=\"https:\/\/www.monello.hu\/en\/rolunk\/fizetes-szallitas\/\" target=\"_self\" class=\"vc_single_image-wrapper   vc_box_border_grey\"><img loading=\"lazy\" decoding=\"async\" width=\"500\" height=\"500\" src=\"https:\/\/www.monello.hu\/wp-content\/uploads\/2018\/06\/Monello3.png\" class=\"vc_single_image-img attachment-full\" alt=\"Fizet\u00e9s \u00e9s sz\u00e1ll\u00edt\u00e1s Monello baby&amp;more\" title=\"Fizet\u00e9s \u00e9s sz\u00e1ll\u00edt\u00e1s Monello baby&amp;more\" srcset=\"https:\/\/www.monello.hu\/wp-content\/uploads\/2018\/06\/Monello3.png 500w, https:\/\/www.monello.hu\/wp-content\/uploads\/2018\/06\/Monello3-150x150.png 150w, https:\/\/www.monello.hu\/wp-content\/uploads\/2018\/06\/Monello3-300x300.png 300w, https:\/\/www.monello.hu\/wp-content\/uploads\/2018\/06\/Monello3-220x220.png 220w, https:\/\/www.monello.hu\/wp-content\/uploads\/2018\/06\/Monello3-450x450.png 450w, https:\/\/www.monello.hu\/wp-content\/uploads\/2018\/06\/Monello3-100x100.png 100w\" sizes=\"auto, (max-width: 500px) 100vw, 500px\" \/><\/a>\n\t\t<\/figure>\n\t<\/div>\n<\/div><\/div><\/div><div class=\"wpb_column vc_column_container vc_col-sm-3\"><div class=\"vc_column-inner\"><div class=\"wpb_wrapper\">\n\t<div  class=\"wpb_single_image wpb_content_element vc_align_left wpb_content_element\">\n\t\t<h2 class=\"wpb_heading wpb_singleimage_heading\">Money back guarantee<\/h2>\n\t\t<figure class=\"wpb_wrapper vc_figure\">\n\t\t\t<a href=\"https:\/\/www.monello.hu\/en\/rolunk\/penzvisszafizetes\/\" target=\"_self\" class=\"vc_single_image-wrapper   vc_box_border_grey\"><img loading=\"lazy\" decoding=\"async\" width=\"500\" height=\"500\" src=\"https:\/\/www.monello.hu\/wp-content\/uploads\/2018\/06\/Monello1.png\" class=\"vc_single_image-img attachment-full\" alt=\"P\u00e9nzvisszafizet\u00e9si garancia Monello baby&amp;more\" title=\"Monello garancia\" srcset=\"https:\/\/www.monello.hu\/wp-content\/uploads\/2018\/06\/Monello1.png 500w, https:\/\/www.monello.hu\/wp-content\/uploads\/2018\/06\/Monello1-150x150.png 150w, https:\/\/www.monello.hu\/wp-content\/uploads\/2018\/06\/Monello1-300x300.png 300w, https:\/\/www.monello.hu\/wp-content\/uploads\/2018\/06\/Monello1-220x220.png 220w, https:\/\/www.monello.hu\/wp-content\/uploads\/2018\/06\/Monello1-450x450.png 450w, https:\/\/www.monello.hu\/wp-content\/uploads\/2018\/06\/Monello1-100x100.png 100w\" sizes=\"auto, (max-width: 500px) 100vw, 500px\" \/><\/a>\n\t\t<\/figure>\n\t<\/div>\n<\/div><\/div><\/div><div class=\"wpb_column vc_column_container vc_col-sm-3\"><div class=\"vc_column-inner\"><div class=\"wpb_wrapper\">\n\t<div  class=\"wpb_single_image wpb_content_element vc_align_left wpb_content_element\">\n\t\t<h2 class=\"wpb_heading wpb_singleimage_heading\">Our partners<\/h2>\n\t\t<figure class=\"wpb_wrapper vc_figure\">\n\t\t\t<a href=\"https:\/\/www.monello.hu\/en\/rolunk\/partnereink\/\" target=\"_self\" class=\"vc_single_image-wrapper   vc_box_border_grey\"><img loading=\"lazy\" decoding=\"async\" width=\"500\" height=\"500\" src=\"https:\/\/www.monello.hu\/wp-content\/uploads\/2018\/06\/Monello2.png\" class=\"vc_single_image-img attachment-full\" alt=\"Monello baby&amp;more Partnereink\" title=\"Monello baby&amp;more Partnereink\" srcset=\"https:\/\/www.monello.hu\/wp-content\/uploads\/2018\/06\/Monello2.png 500w, https:\/\/www.monello.hu\/wp-content\/uploads\/2018\/06\/Monello2-150x150.png 150w, https:\/\/www.monello.hu\/wp-content\/uploads\/2018\/06\/Monello2-300x300.png 300w, https:\/\/www.monello.hu\/wp-content\/uploads\/2018\/06\/Monello2-220x220.png 220w, https:\/\/www.monello.hu\/wp-content\/uploads\/2018\/06\/Monello2-450x450.png 450w, https:\/\/www.monello.hu\/wp-content\/uploads\/2018\/06\/Monello2-100x100.png 100w\" sizes=\"auto, (max-width: 500px) 100vw, 500px\" \/><\/a>\n\t\t<\/figure>\n\t<\/div>\n<\/div><\/div><\/div><\/div>\n<\/div>","protected":false},"excerpt":{"rendered":"Mi \u00e9s a Monello Fizet\u00e9s \u00e9s sz\u00e1ll\u00edt\u00e1s P\u00e9nzvisszafizet\u00e9si garancia Partnereink","protected":false},"author":33,"featured_media":0,"parent":0,"menu_order":0,"comment_status":"closed","ping_status":"closed","template":"","meta":{"footnotes":""},"class_list":["post-29","page","type-page","status-publish","hentry"],"yoast_head":"<!-- This site is optimized with the Yoast SEO plugin v27.3 - https:\/\/yoast.com\/product\/yoast-seo-wordpress\/ -->\n<title>R\u00f3lunk - Monello baby&amp;more<\/title>\n<meta name=\"robots\" content=\"index, follow, max-snippet:-1, max-image-preview:large, max-video-preview:-1\" \/>\n<link rel=\"canonical\" href=\"https:\/\/www.monello.hu\/en\/rolunk\/\" \/>\n<meta property=\"og:locale\" content=\"en_GB\" \/>\n<meta property=\"og:type\" content=\"article\" \/>\n<meta property=\"og:title\" content=\"R\u00f3lunk - Monello baby&amp;more\" \/>\n<meta property=\"og:url\" content=\"https:\/\/www.monello.hu\/en\/rolunk\/\" \/>\n<meta property=\"og:site_name\" content=\"Monello baby&amp;more\" \/>\n<meta property=\"article:publisher\" content=\"https:\/\/www.facebook.com\/monellobabyandmore\/\" \/>\n<meta property=\"article:modified_time\" content=\"2018-06-11T07:39:29+00:00\" \/>\n<meta property=\"og:image\" content=\"https:\/\/www.monello.hu\/wp-content\/uploads\/2025\/11\/MONDELLO_LOGO_NEW_LOGO_HORIZONT_black.png\" \/>\n\t<meta property=\"og:image:width\" content=\"1722\" \/>\n\t<meta property=\"og:image:height\" content=\"600\" \/>\n\t<meta property=\"og:image:type\" content=\"image\/png\" \/>\n<meta name=\"twitter:card\" content=\"summary_large_image\" \/>\n<meta name=\"twitter:label1\" content=\"Estimated reading time\" \/>\n\t<meta name=\"twitter:data1\" content=\"1 minute\" \/>\n<script type=\"application\/ld+json\" class=\"yoast-schema-graph\">{\"@context\":\"https:\\\/\\\/schema.org\",\"@graph\":[{\"@type\":\"WebPage\",\"@id\":\"https:\\\/\\\/www.monello.hu\\\/rolunk\\\/\",\"url\":\"https:\\\/\\\/www.monello.hu\\\/rolunk\\\/\",\"name\":\"R\u00f3lunk - Monello baby&amp;more\",\"isPartOf\":{\"@id\":\"https:\\\/\\\/www.monello.hu\\\/#website\"},\"datePublished\":\"2018-05-24T17:34:43+00:00\",\"dateModified\":\"2018-06-11T07:39:29+00:00\",\"breadcrumb\":{\"@id\":\"https:\\\/\\\/www.monello.hu\\\/rolunk\\\/#breadcrumb\"},\"inLanguage\":\"en-GB\",\"potentialAction\":[{\"@type\":\"ReadAction\",\"target\":[\"https:\\\/\\\/www.monello.hu\\\/rolunk\\\/\"]}]},{\"@type\":\"BreadcrumbList\",\"@id\":\"https:\\\/\\\/www.monello.hu\\\/rolunk\\\/#breadcrumb\",\"itemListElement\":[{\"@type\":\"ListItem\",\"position\":1,\"name\":\"Home\",\"item\":\"https:\\\/\\\/www.monello.hu\\\/\"},{\"@type\":\"ListItem\",\"position\":2,\"name\":\"R\u00f3lunk\"}]},{\"@type\":\"WebSite\",\"@id\":\"https:\\\/\\\/www.monello.hu\\\/#website\",\"url\":\"https:\\\/\\\/www.monello.hu\\\/\",\"name\":\"Monello baby&more\",\"description\":\"\",\"publisher\":{\"@id\":\"https:\\\/\\\/www.monello.hu\\\/#organization\"},\"potentialAction\":[{\"@type\":\"SearchAction\",\"target\":{\"@type\":\"EntryPoint\",\"urlTemplate\":\"https:\\\/\\\/www.monello.hu\\\/?s={search_term_string}\"},\"query-input\":{\"@type\":\"PropertyValueSpecification\",\"valueRequired\":true,\"valueName\":\"search_term_string\"}}],\"inLanguage\":\"en-GB\"},{\"@type\":\"Organization\",\"@id\":\"https:\\\/\\\/www.monello.hu\\\/#organization\",\"name\":\"Monello baby&more\",\"url\":\"https:\\\/\\\/www.monello.hu\\\/\",\"logo\":{\"@type\":\"ImageObject\",\"inLanguage\":\"en-GB\",\"@id\":\"https:\\\/\\\/www.monello.hu\\\/#\\\/schema\\\/logo\\\/image\\\/\",\"url\":\"https:\\\/\\\/www.monello.hu\\\/wp-content\\\/uploads\\\/2025\\\/11\\\/MONDELLO_LOGO_NEW_LOGO_HORIZONT_black.png\",\"contentUrl\":\"https:\\\/\\\/www.monello.hu\\\/wp-content\\\/uploads\\\/2025\\\/11\\\/MONDELLO_LOGO_NEW_LOGO_HORIZONT_black.png\",\"width\":1722,\"height\":600,\"caption\":\"Monello baby&more\"},\"image\":{\"@id\":\"https:\\\/\\\/www.monello.hu\\\/#\\\/schema\\\/logo\\\/image\\\/\"},\"sameAs\":[\"https:\\\/\\\/www.facebook.com\\\/monellobabyandmore\\\/\",\"https:\\\/\\\/www.instagram.com\\\/monello_moms\\\/\",\"https:\\\/\\\/www.tiktok.com\\\/@monellobabyandmore\"]}]}<\/script>\n<!-- \/ Yoast SEO plugin. -->","yoast_head_json":{"title":"R\u00f3lunk - Monello baby&amp;more","robots":{"index":"index","follow":"follow","max-snippet":"max-snippet:-1","max-image-preview":"max-image-preview:large","max-video-preview":"max-video-preview:-1"},"canonical":"https:\/\/www.monello.hu\/en\/rolunk\/","og_locale":"en_GB","og_type":"article","og_title":"R\u00f3lunk - Monello baby&amp;more","og_url":"https:\/\/www.monello.hu\/en\/rolunk\/","og_site_name":"Monello baby&amp;more","article_publisher":"https:\/\/www.facebook.com\/monellobabyandmore\/","article_modified_time":"2018-06-11T07:39:29+00:00","og_image":[{"width":1722,"height":600,"url":"https:\/\/www.monello.hu\/wp-content\/uploads\/2025\/11\/MONDELLO_LOGO_NEW_LOGO_HORIZONT_black.png","type":"image\/png"}],"twitter_card":"summary_large_image","twitter_misc":{"Estimated reading time":"1 minute"},"schema":{"@context":"https:\/\/schema.org","@graph":[{"@type":"WebPage","@id":"https:\/\/www.monello.hu\/rolunk\/","url":"https:\/\/www.monello.hu\/rolunk\/","name":"R\u00f3lunk - Monello baby&amp;more","isPartOf":{"@id":"https:\/\/www.monello.hu\/#website"},"datePublished":"2018-05-24T17:34:43+00:00","dateModified":"2018-06-11T07:39:29+00:00","breadcrumb":{"@id":"https:\/\/www.monello.hu\/rolunk\/#breadcrumb"},"inLanguage":"en-GB","potentialAction":[{"@type":"ReadAction","target":["https:\/\/www.monello.hu\/rolunk\/"]}]},{"@type":"BreadcrumbList","@id":"https:\/\/www.monello.hu\/rolunk\/#breadcrumb","itemListElement":[{"@type":"ListItem","position":1,"name":"Home","item":"https:\/\/www.monello.hu\/"},{"@type":"ListItem","position":2,"name":"R\u00f3lunk"}]},{"@type":"WebSite","@id":"https:\/\/www.monello.hu\/#website","url":"https:\/\/www.monello.hu\/","name":"Monello baby&more","description":"","publisher":{"@id":"https:\/\/www.monello.hu\/#organization"},"potentialAction":[{"@type":"SearchAction","target":{"@type":"EntryPoint","urlTemplate":"https:\/\/www.monello.hu\/?s={search_term_string}"},"query-input":{"@type":"PropertyValueSpecification","valueRequired":true,"valueName":"search_term_string"}}],"inLanguage":"en-GB"},{"@type":"Organization","@id":"https:\/\/www.monello.hu\/#organization","name":"Monello baby&more","url":"https:\/\/www.monello.hu\/","logo":{"@type":"ImageObject","inLanguage":"en-GB","@id":"https:\/\/www.monello.hu\/#\/schema\/logo\/image\/","url":"https:\/\/www.monello.hu\/wp-content\/uploads\/2025\/11\/MONDELLO_LOGO_NEW_LOGO_HORIZONT_black.png","contentUrl":"https:\/\/www.monello.hu\/wp-content\/uploads\/2025\/11\/MONDELLO_LOGO_NEW_LOGO_HORIZONT_black.png","width":1722,"height":600,"caption":"Monello baby&more"},"image":{"@id":"https:\/\/www.monello.hu\/#\/schema\/logo\/image\/"},"sameAs":["https:\/\/www.facebook.com\/monellobabyandmore\/","https:\/\/www.instagram.com\/monello_moms\/","https:\/\/www.tiktok.com\/@monellobabyandmore"]}]}},"_links":{"self":[{"href":"https:\/\/www.monello.hu\/en\/wp-json\/wp\/v2\/pages\/29","targetHints":{"allow":["GET"]}}],"collection":[{"href":"https:\/\/www.monello.hu\/en\/wp-json\/wp\/v2\/pages"}],"about":[{"href":"https:\/\/www.monello.hu\/en\/wp-json\/wp\/v2\/types\/page"}],"author":[{"embeddable":true,"href":"https:\/\/www.monello.hu\/en\/wp-json\/wp\/v2\/users\/33"}],"replies":[{"embeddable":true,"href":"https:\/\/www.monello.hu\/en\/wp-json\/wp\/v2\/comments?post=29"}],"version-history":[{"count":12,"href":"https:\/\/www.monello.hu\/en\/wp-json\/wp\/v2\/pages\/29\/revisions"}],"predecessor-version":[{"id":2116,"href":"https:\/\/www.monello.hu\/en\/wp-json\/wp\/v2\/pages\/29\/revisions\/2116"}],"wp:attachment":[{"href":"https:\/\/www.monello.hu\/en\/wp-json\/wp\/v2\/media?parent=29"}],"curies":[{"name":"wp","href":"https:\/\/api.w.org\/{rel}","templated":true}]}}