{"id":24244,"date":"2023-07-03T11:10:02","date_gmt":"2023-07-03T09:10:02","guid":{"rendered":"https:\/\/www.monello.hu\/?page_id=24244"},"modified":"2025-02-24T13:35:53","modified_gmt":"2025-02-24T12:35:53","slug":"impresszum","status":"publish","type":"page","link":"https:\/\/www.monello.hu\/en\/impresszum\/","title":{"rendered":"Imprint"},"content":{"rendered":"<h3 class=\"wp-block-heading\">A weboldal \u00fczemeltet\u0151je:<\/h3>\n\n\n\n<p><strong>C\u00e9gn\u00e9v:<\/strong> Monello baby&amp;more Bt.<\/p>\n\n\n\n<p><strong>Sz\u00e9khely:<\/strong> 1126 Budapest, M\u00e1rv\u00e1ny utca 26. 3. em. 20.<\/p>\n\n\n\n<p><strong>Telephely:<\/strong> 1124 Budapest, Meredek utca 15.<\/p>\n\n\n\n<p><strong>Ad\u00f3sz\u00e1m:<\/strong> 21890428-2-43<\/p>\n\n\n\n<p><strong>C\u00e9gjegyz\u00e9ksz\u00e1m:<\/strong> 01-06-762374<\/p>\n\n\n\n<p><strong>Nyilv\u00e1ntart\u00e1st vezet\u0151 b\u00edr\u00f3s\u00e1g:<\/strong> F\u0151v\u00e1rosi T\u00f6rv\u00e9nysz\u00e9k C\u00e9gb\u00edr\u00f3s\u00e1ga<\/p>\n\n\n\n<p><strong>K\u00e9pvisel\u0151: <\/strong>dr. Voitn\u00e9 Albert Zsuzs\u00e1nna M\u00e1ria \u00fcgyvezet\u0151 \u00e9s Voit Eszter \u00c9va \u00fcgyvezet\u0151<\/p>\n\n\n\n<p><strong>Telefonsz\u00e1m:<\/strong> +36 30 609 6168<\/p>\n\n\n\n<p><strong>E-mail c\u00edm:<\/strong> info@monello.hu<\/p>\n\n\n\n<p>A weboldal \u00fczemeltet\u0151je a <strong>Budapesti Kereskedelmi \u00e9s Iparkamara<\/strong> tagja. A weboldal<br>\u00fczemeltet\u0151je tekintet\u00e9ben, a fogyaszt\u00f3kkal szembeni tisztess\u00e9gtelen kereskedelmi gyakorlat<br>tilalm\u00e1r\u00f3l sz\u00f3l\u00f3 t\u00f6rv\u00e9ny szerinti magatart\u00e1si k\u00f3dex nem \u00e1ll rendelkez\u00e9sre.<\/p>\n\n\n\n<h3 class=\"wp-block-heading\">T\u00e1rhelyszolg\u00e1ltat\u00f3 adatai:<\/h3>\n\n\n\n<p><strong>C\u00e9gn\u00e9v:<\/strong> T\u00e1rhely.Eu Szolg\u00e1ltat\u00f3 Kft.<\/p>\n\n\n\n<p><strong>Sz\u00e9khely:<\/strong> 1144 Budapest, Orm\u00e1ns\u00e1g u. 4. X. em. 241.<\/p>\n\n\n\n<p><strong>E-mail c\u00edm:<\/strong> gdpr@tarhely.eu<\/p>\n\n\n\n<p><\/p>","protected":false},"excerpt":{"rendered":"<p>A weboldal \u00fczemeltet\u0151je: C\u00e9gn\u00e9v: Monello baby&amp;more Bt. Sz\u00e9khely: 1126 Budapest, M\u00e1rv\u00e1ny utca 26. 3. em. 20. Telephely: 1124 Budapest, Meredek utca 15. Ad\u00f3sz\u00e1m: 21890428-2-43 C\u00e9gjegyz\u00e9ksz\u00e1m: 01-06-762374 Nyilv\u00e1ntart\u00e1st vezet\u0151 b\u00edr\u00f3s\u00e1g: F\u0151v\u00e1rosi T\u00f6rv\u00e9nysz\u00e9k C\u00e9gb\u00edr\u00f3s\u00e1ga K\u00e9pvisel\u0151: dr. Voitn\u00e9 Albert Zsuzs\u00e1nna M\u00e1ria \u00fcgyvezet\u0151 \u00e9s Voit Eszter \u00c9va \u00fcgyvezet\u0151 Telefonsz\u00e1m: +36 30 609 6168 E-mail c\u00edm: info@monello.hu A weboldal \u00fczemeltet\u0151je [&hellip;]<\/p>\n","protected":false},"author":2029,"featured_media":0,"parent":0,"menu_order":0,"comment_status":"closed","ping_status":"closed","template":"","meta":{"footnotes":""},"class_list":["post-24244","page","type-page","status-publish","hentry"],"yoast_head":"<!-- This site is optimized with the Yoast SEO plugin v27.3 - https:\/\/yoast.com\/product\/yoast-seo-wordpress\/ -->\n<title>Impresszum - Monello baby&amp;more<\/title>\n<meta name=\"robots\" content=\"index, follow, max-snippet:-1, max-image-preview:large, max-video-preview:-1\" \/>\n<link rel=\"canonical\" href=\"https:\/\/www.monello.hu\/en\/impresszum\/\" \/>\n<meta property=\"og:locale\" content=\"en_GB\" \/>\n<meta property=\"og:type\" content=\"article\" \/>\n<meta property=\"og:title\" content=\"Impresszum - Monello baby&amp;more\" \/>\n<meta property=\"og:description\" content=\"A weboldal \u00fczemeltet\u0151je: C\u00e9gn\u00e9v: Monello baby&amp;more Bt. Sz\u00e9khely: 1126 Budapest, M\u00e1rv\u00e1ny utca 26. 3. em. 20. Telephely: 1124 Budapest, Meredek utca 15. Ad\u00f3sz\u00e1m: 21890428-2-43 C\u00e9gjegyz\u00e9ksz\u00e1m: 01-06-762374 Nyilv\u00e1ntart\u00e1st vezet\u0151 b\u00edr\u00f3s\u00e1g: F\u0151v\u00e1rosi T\u00f6rv\u00e9nysz\u00e9k C\u00e9gb\u00edr\u00f3s\u00e1ga K\u00e9pvisel\u0151: dr. Voitn\u00e9 Albert Zsuzs\u00e1nna M\u00e1ria \u00fcgyvezet\u0151 \u00e9s Voit Eszter \u00c9va \u00fcgyvezet\u0151 Telefonsz\u00e1m: +36 30 609 6168 E-mail c\u00edm: info@monello.hu A weboldal \u00fczemeltet\u0151je [&hellip;]\" \/>\n<meta property=\"og:url\" content=\"https:\/\/www.monello.hu\/en\/impresszum\/\" \/>\n<meta property=\"og:site_name\" content=\"Monello baby&amp;more\" \/>\n<meta property=\"article:publisher\" content=\"https:\/\/www.facebook.com\/monellobabyandmore\/\" \/>\n<meta property=\"article:modified_time\" content=\"2025-02-24T12:35:53+00:00\" \/>\n<meta property=\"og:image\" content=\"https:\/\/www.monello.hu\/wp-content\/uploads\/2025\/11\/MONDELLO_LOGO_NEW_LOGO_HORIZONT_black.png\" \/>\n\t<meta property=\"og:image:width\" content=\"1722\" \/>\n\t<meta property=\"og:image:height\" content=\"600\" \/>\n\t<meta property=\"og:image:type\" content=\"image\/png\" \/>\n<meta name=\"twitter:card\" content=\"summary_large_image\" \/>\n<meta name=\"twitter:label1\" content=\"Estimated reading time\" \/>\n\t<meta name=\"twitter:data1\" content=\"1 minute\" \/>\n<script type=\"application\/ld+json\" class=\"yoast-schema-graph\">{\"@context\":\"https:\\\/\\\/schema.org\",\"@graph\":[{\"@type\":\"WebPage\",\"@id\":\"https:\\\/\\\/www.monello.hu\\\/impresszum\\\/\",\"url\":\"https:\\\/\\\/www.monello.hu\\\/impresszum\\\/\",\"name\":\"Impresszum - Monello baby&amp;more\",\"isPartOf\":{\"@id\":\"https:\\\/\\\/www.monello.hu\\\/#website\"},\"datePublished\":\"2023-07-03T09:10:02+00:00\",\"dateModified\":\"2025-02-24T12:35:53+00:00\",\"breadcrumb\":{\"@id\":\"https:\\\/\\\/www.monello.hu\\\/impresszum\\\/#breadcrumb\"},\"inLanguage\":\"en-GB\",\"potentialAction\":[{\"@type\":\"ReadAction\",\"target\":[\"https:\\\/\\\/www.monello.hu\\\/impresszum\\\/\"]}]},{\"@type\":\"BreadcrumbList\",\"@id\":\"https:\\\/\\\/www.monello.hu\\\/impresszum\\\/#breadcrumb\",\"itemListElement\":[{\"@type\":\"ListItem\",\"position\":1,\"name\":\"Home\",\"item\":\"https:\\\/\\\/www.monello.hu\\\/\"},{\"@type\":\"ListItem\",\"position\":2,\"name\":\"Impresszum\"}]},{\"@type\":\"WebSite\",\"@id\":\"https:\\\/\\\/www.monello.hu\\\/#website\",\"url\":\"https:\\\/\\\/www.monello.hu\\\/\",\"name\":\"Monello baby&more\",\"description\":\"\",\"publisher\":{\"@id\":\"https:\\\/\\\/www.monello.hu\\\/#organization\"},\"potentialAction\":[{\"@type\":\"SearchAction\",\"target\":{\"@type\":\"EntryPoint\",\"urlTemplate\":\"https:\\\/\\\/www.monello.hu\\\/?s={search_term_string}\"},\"query-input\":{\"@type\":\"PropertyValueSpecification\",\"valueRequired\":true,\"valueName\":\"search_term_string\"}}],\"inLanguage\":\"en-GB\"},{\"@type\":\"Organization\",\"@id\":\"https:\\\/\\\/www.monello.hu\\\/#organization\",\"name\":\"Monello baby&more\",\"url\":\"https:\\\/\\\/www.monello.hu\\\/\",\"logo\":{\"@type\":\"ImageObject\",\"inLanguage\":\"en-GB\",\"@id\":\"https:\\\/\\\/www.monello.hu\\\/#\\\/schema\\\/logo\\\/image\\\/\",\"url\":\"https:\\\/\\\/www.monello.hu\\\/wp-content\\\/uploads\\\/2025\\\/11\\\/MONDELLO_LOGO_NEW_LOGO_HORIZONT_black.png\",\"contentUrl\":\"https:\\\/\\\/www.monello.hu\\\/wp-content\\\/uploads\\\/2025\\\/11\\\/MONDELLO_LOGO_NEW_LOGO_HORIZONT_black.png\",\"width\":1722,\"height\":600,\"caption\":\"Monello baby&more\"},\"image\":{\"@id\":\"https:\\\/\\\/www.monello.hu\\\/#\\\/schema\\\/logo\\\/image\\\/\"},\"sameAs\":[\"https:\\\/\\\/www.facebook.com\\\/monellobabyandmore\\\/\",\"https:\\\/\\\/www.instagram.com\\\/monello_moms\\\/\",\"https:\\\/\\\/www.tiktok.com\\\/@monellobabyandmore\"]}]}<\/script>\n<!-- \/ Yoast SEO plugin. -->","yoast_head_json":{"title":"Impresszum - Monello baby&amp;more","robots":{"index":"index","follow":"follow","max-snippet":"max-snippet:-1","max-image-preview":"max-image-preview:large","max-video-preview":"max-video-preview:-1"},"canonical":"https:\/\/www.monello.hu\/en\/impresszum\/","og_locale":"en_GB","og_type":"article","og_title":"Impresszum - Monello baby&amp;more","og_description":"A weboldal \u00fczemeltet\u0151je: C\u00e9gn\u00e9v: Monello baby&amp;more Bt. Sz\u00e9khely: 1126 Budapest, M\u00e1rv\u00e1ny utca 26. 3. em. 20. Telephely: 1124 Budapest, Meredek utca 15. Ad\u00f3sz\u00e1m: 21890428-2-43 C\u00e9gjegyz\u00e9ksz\u00e1m: 01-06-762374 Nyilv\u00e1ntart\u00e1st vezet\u0151 b\u00edr\u00f3s\u00e1g: F\u0151v\u00e1rosi T\u00f6rv\u00e9nysz\u00e9k C\u00e9gb\u00edr\u00f3s\u00e1ga K\u00e9pvisel\u0151: dr. Voitn\u00e9 Albert Zsuzs\u00e1nna M\u00e1ria \u00fcgyvezet\u0151 \u00e9s Voit Eszter \u00c9va \u00fcgyvezet\u0151 Telefonsz\u00e1m: +36 30 609 6168 E-mail c\u00edm: info@monello.hu A weboldal \u00fczemeltet\u0151je [&hellip;]","og_url":"https:\/\/www.monello.hu\/en\/impresszum\/","og_site_name":"Monello baby&amp;more","article_publisher":"https:\/\/www.facebook.com\/monellobabyandmore\/","article_modified_time":"2025-02-24T12:35:53+00:00","og_image":[{"width":1722,"height":600,"url":"https:\/\/www.monello.hu\/wp-content\/uploads\/2025\/11\/MONDELLO_LOGO_NEW_LOGO_HORIZONT_black.png","type":"image\/png"}],"twitter_card":"summary_large_image","twitter_misc":{"Estimated reading time":"1 minute"},"schema":{"@context":"https:\/\/schema.org","@graph":[{"@type":"WebPage","@id":"https:\/\/www.monello.hu\/impresszum\/","url":"https:\/\/www.monello.hu\/impresszum\/","name":"Impresszum - Monello baby&amp;more","isPartOf":{"@id":"https:\/\/www.monello.hu\/#website"},"datePublished":"2023-07-03T09:10:02+00:00","dateModified":"2025-02-24T12:35:53+00:00","breadcrumb":{"@id":"https:\/\/www.monello.hu\/impresszum\/#breadcrumb"},"inLanguage":"en-GB","potentialAction":[{"@type":"ReadAction","target":["https:\/\/www.monello.hu\/impresszum\/"]}]},{"@type":"BreadcrumbList","@id":"https:\/\/www.monello.hu\/impresszum\/#breadcrumb","itemListElement":[{"@type":"ListItem","position":1,"name":"Home","item":"https:\/\/www.monello.hu\/"},{"@type":"ListItem","position":2,"name":"Impresszum"}]},{"@type":"WebSite","@id":"https:\/\/www.monello.hu\/#website","url":"https:\/\/www.monello.hu\/","name":"Monello baby&more","description":"","publisher":{"@id":"https:\/\/www.monello.hu\/#organization"},"potentialAction":[{"@type":"SearchAction","target":{"@type":"EntryPoint","urlTemplate":"https:\/\/www.monello.hu\/?s={search_term_string}"},"query-input":{"@type":"PropertyValueSpecification","valueRequired":true,"valueName":"search_term_string"}}],"inLanguage":"en-GB"},{"@type":"Organization","@id":"https:\/\/www.monello.hu\/#organization","name":"Monello baby&more","url":"https:\/\/www.monello.hu\/","logo":{"@type":"ImageObject","inLanguage":"en-GB","@id":"https:\/\/www.monello.hu\/#\/schema\/logo\/image\/","url":"https:\/\/www.monello.hu\/wp-content\/uploads\/2025\/11\/MONDELLO_LOGO_NEW_LOGO_HORIZONT_black.png","contentUrl":"https:\/\/www.monello.hu\/wp-content\/uploads\/2025\/11\/MONDELLO_LOGO_NEW_LOGO_HORIZONT_black.png","width":1722,"height":600,"caption":"Monello baby&more"},"image":{"@id":"https:\/\/www.monello.hu\/#\/schema\/logo\/image\/"},"sameAs":["https:\/\/www.facebook.com\/monellobabyandmore\/","https:\/\/www.instagram.com\/monello_moms\/","https:\/\/www.tiktok.com\/@monellobabyandmore"]}]}},"_links":{"self":[{"href":"https:\/\/www.monello.hu\/en\/wp-json\/wp\/v2\/pages\/24244","targetHints":{"allow":["GET"]}}],"collection":[{"href":"https:\/\/www.monello.hu\/en\/wp-json\/wp\/v2\/pages"}],"about":[{"href":"https:\/\/www.monello.hu\/en\/wp-json\/wp\/v2\/types\/page"}],"author":[{"embeddable":true,"href":"https:\/\/www.monello.hu\/en\/wp-json\/wp\/v2\/users\/2029"}],"replies":[{"embeddable":true,"href":"https:\/\/www.monello.hu\/en\/wp-json\/wp\/v2\/comments?post=24244"}],"version-history":[{"count":3,"href":"https:\/\/www.monello.hu\/en\/wp-json\/wp\/v2\/pages\/24244\/revisions"}],"predecessor-version":[{"id":32417,"href":"https:\/\/www.monello.hu\/en\/wp-json\/wp\/v2\/pages\/24244\/revisions\/32417"}],"wp:attachment":[{"href":"https:\/\/www.monello.hu\/en\/wp-json\/wp\/v2\/media?parent=24244"}],"curies":[{"name":"wp","href":"https:\/\/api.w.org\/{rel}","templated":true}]}}