{"id":2033,"date":"2018-06-10T17:08:20","date_gmt":"2018-06-10T17:08:20","guid":{"rendered":"https:\/\/monello.hu\/?page_id=2033"},"modified":"2018-08-27T21:50:29","modified_gmt":"2018-08-27T21:50:29","slug":"blog","status":"publish","type":"page","link":"https:\/\/www.monello.hu\/en\/blog\/","title":{"rendered":"Blog"},"content":{"rendered":"<div class=\"wpb-content-wrapper\"><div class=\"vc_row wpb_row vc_row-fluid vc_row-o-full-height vc_row-o-columns-middle vc_row-flex\"><div class=\"wpb_column vc_column_container vc_col-sm-12\"><div class=\"vc_column-inner\"><div class=\"wpb_wrapper\">\n<div class=\"vc_grid-container-wrapper vc_clearfix vc_grid-animation-fadeIn\">\n\t<div class=\"vc_grid-container vc_clearfix wpb_content_element vc_basic_grid\" data-initial-loading-animation=\"fadeIn\" data-vc-grid-settings=\"{&quot;page_id&quot;:2033,&quot;style&quot;:&quot;lazy&quot;,&quot;action&quot;:&quot;vc_get_vc_grid_data&quot;,&quot;shortcode_id&quot;:&quot;1535406595112-2436869c44cfd20c11da0f529a69225b-5&quot;,&quot;items_per_page&quot;:&quot;6&quot;,&quot;tag&quot;:&quot;vc_basic_grid&quot;}\" data-vc-request=\"https:\/\/www.monello.hu\/wp-admin\/admin-ajax.php\" data-vc-post-id=\"2033\" data-vc-public-nonce=\"4db134986b\">\n\t\t<style data-type=\"vc_shortcodes-custom-css\">.vc_custom_1419240516480{background-color: #f9f9f9 !important;}<\/style><ul class=\"vc_grid-filter vc_clearfix vc_grid-filter-default vc_grid-filter-size-md vc_grid-filter-center vc_grid-filter-color-grey\" data-vc-grid-filter=\"category\"><li class=\"vc_active vc_grid-filter-item\"><span data-vc-grid-filter-value=\"*\">All<\/span><\/li><li class=\"vc_grid-filter-item\"><span data-vc-grid-filter-value=\".vc_grid-term-25\">Abu Mama Blog<\/span><\/li><li class=\"vc_grid-filter-item\"><span data-vc-grid-filter-value=\".vc_grid-term-26\">To give you a good<\/span><\/li><li class=\"vc_grid-filter-item\"><span data-vc-grid-filter-value=\".vc_grid-term-218\">Akci\u00f3<\/span><\/li><li class=\"vc_grid-filter-item\"><span data-vc-grid-filter-value=\".vc_grid-term-1\">Monello News<\/span><\/li><li class=\"vc_grid-filter-item\"><span data-vc-grid-filter-value=\".vc_grid-term-163\">You and the Monello<\/span><\/li><li class=\"vc_grid-filter-item\"><span data-vc-grid-filter-value=\".vc_grid-term-27\">Tips<\/span><\/li><\/ul><div class=\"vc_grid-filter-select vc_grid-filter-center vc_grid-filter-color-grey\" data-vc-grid-filter-select=\"category\"><div class=\"vc_grid-styled-select\"><select data-filter=\"category\"><option class=\"vc_active\" value=\"*\">All&nbsp;&nbsp;&nbsp;&nbsp;&nbsp;&nbsp;&nbsp;&nbsp;&nbsp;&nbsp;<\/option><option value=\".vc_grid-term-25\">Abu Mama Blog&nbsp;&nbsp;&nbsp;&nbsp;&nbsp;&nbsp;&nbsp;&nbsp;&nbsp;&nbsp;<\/option><option value=\".vc_grid-term-26\">To give you a good&nbsp;&nbsp;&nbsp;&nbsp;&nbsp;&nbsp;&nbsp;&nbsp;&nbsp;&nbsp;<\/option><option value=\".vc_grid-term-218\">Akci\u00f3&nbsp;&nbsp;&nbsp;&nbsp;&nbsp;&nbsp;&nbsp;&nbsp;&nbsp;&nbsp;<\/option><option value=\".vc_grid-term-1\">Monello News&nbsp;&nbsp;&nbsp;&nbsp;&nbsp;&nbsp;&nbsp;&nbsp;&nbsp;&nbsp;<\/option><option value=\".vc_grid-term-163\">You and the Monello&nbsp;&nbsp;&nbsp;&nbsp;&nbsp;&nbsp;&nbsp;&nbsp;&nbsp;&nbsp;<\/option><option value=\".vc_grid-term-27\">Tips&nbsp;&nbsp;&nbsp;&nbsp;&nbsp;&nbsp;&nbsp;&nbsp;&nbsp;&nbsp;<\/option><\/select><i class=\"vc_arrow-icon-navicon\"><\/i>\n\t\t<\/div>\n\t<\/div><div class=\"vc_grid vc_row vc_grid-gutter-25px vc_pageable-wrapper vc_hook_hover\" data-vc-pageable-content=\"true\"><div class=\"vc_pageable-slide-wrapper vc_clearfix\" data-vc-grid-content=\"true\"><div class=\"vc_grid-item vc_clearfix vc_col-sm-4 vc_grid-item-zone-c-bottom vc_grid-term-27\"><div class=\"vc_grid-item-mini vc_clearfix\"><div class=\"vc_gitem-animated-block\" ><div class=\"vc_gitem-zone vc_gitem-zone-a vc-gitem-zone-height-mode-auto vc-gitem-zone-height-mode-auto-1-1 vc_gitem-is-link\" style=\"background-image: url('https:\/\/www.monello.hu\/wp-content\/uploads\/2022\/09\/Monello_Softshell_capa_kozaknyogerbrigi.png') !important;\"><a href=\"https:\/\/www.monello.hu\/en\/2024\/03\/20\/a-softshell-kiscsillagok-tisztitasi-utmutatoja\/\" title=\"A Softshell Kiscsillagok tiszt\u00edt\u00e1si \u00fatmutat\u00f3ja\" class=\"vc_gitem-link vc-zone-link\" ><\/a><img decoding=\"async\" class=\"vc_gitem-zone-img\" src=\"https:\/\/www.monello.hu\/wp-content\/uploads\/2022\/09\/Monello_Softshell_capa_kozaknyogerbrigi.png\" alt=\"A Monello Softshell Kiscsillagok tiszt\u00edt\u00e1sa nem a hagyom\u00e1nyos mos\u00e1si  - sz\u00e1r\u00edt\u00e1si m\u00f3don t\u00f6rt\u00e9nik, fontos ennek figyelembe v\u00e9tele a Monello Softshell Kiscsillagok min\u0151s\u00e9g\u00e9nek , v\u00edz \u00e9s sz\u00e9l\u00e1ll\u00f3s\u00e1g\u00e1nak, l\u00e9g\u00e1tereszt\u0151 k\u00e9pess\u00e9g\u00e9nek megtart\u00e1sa miatt >>\" loading=\"lazy\"><div class=\"vc_gitem-zone-mini\"><\/div><\/div><\/div><div class=\"vc_gitem-zone vc_gitem-zone-c vc_custom_1419240516480\"><div class=\"vc_gitem-zone-mini\"><div class=\"vc_gitem_row vc_row vc_gitem-row-position-top\"><div class=\"vc_col-sm-12 vc_gitem-col vc_gitem-col-align-\"><div class=\"vc_custom_heading vc_gitem-post-data vc_gitem-post-data-source-post_title\" ><h4 style=\"text-align: left\" >A Softshell Kiscsillagok tiszt\u00edt\u00e1si \u00fatmutat\u00f3ja<\/h4><\/div><div class=\"vc_custom_heading vc_gitem-post-data vc_gitem-post-data-source-post_excerpt\" ><p style=\"text-align: left\" ><p>A Monello Softshell Kiscsillagok tiszt\u00edt\u00e1sa nem a hagyom\u00e1nyos mos\u00e1si  &#8211; sz\u00e1r\u00edt\u00e1si m\u00f3don t\u00f6rt\u00e9nik, fontos ennek figyelembe v\u00e9tele a Monello Softshell Kiscsillagok min\u0151s\u00e9g\u00e9nek , v\u00edz \u00e9s sz\u00e9l\u00e1ll\u00f3s\u00e1g\u00e1nak, l\u00e9g\u00e1tereszt\u0151 k\u00e9pess\u00e9g\u00e9nek megtart\u00e1sa miatt >><\/p>\n<\/p><\/div><div class=\"vc_btn3-container vc_btn3-left\"><a class=\"vc_general vc_btn3 vc_btn3-size-md vc_btn3-shape-rounded vc_btn3-style-flat vc_btn3-color-juicy-pink\" a href=\"https:\/\/www.monello.hu\/en\/2024\/03\/20\/a-softshell-kiscsillagok-tisztitasi-utmutatoja\/\" title=\"Tov\u00e1bb olvasom\">Tov\u00e1bb olvasom<\/a><\/div><\/div><\/div><\/div><\/div><\/div><div class=\"vc_clearfix\"><\/div><\/div><div class=\"vc_grid-item vc_clearfix vc_col-sm-4 vc_grid-item-zone-c-bottom vc_grid-term-26 vc_grid-term-1\"><div class=\"vc_grid-item-mini vc_clearfix\"><div class=\"vc_gitem-animated-block\" ><div class=\"vc_gitem-zone vc_gitem-zone-a vc-gitem-zone-height-mode-auto vc-gitem-zone-height-mode-auto-1-1 vc_gitem-is-link\" style=\"background-image: url('https:\/\/www.monello.hu\/wp-content\/uploads\/2020\/07\/KoRE_cikk_2020July-1024x1024.jpg') !important;\"><a href=\"https:\/\/www.monello.hu\/en\/2020\/07\/13\/picicsillagokkal-tamogattuk-most-is-a-koraszulott-babakat\/\" title=\"Picicsillagokkal t\u00e1mogattuk most is a Korasz\u00fcl\u00f6tt bab\u00e1kat\" class=\"vc_gitem-link vc-zone-link\" ><\/a><img decoding=\"async\" class=\"vc_gitem-zone-img\" src=\"https:\/\/www.monello.hu\/wp-content\/uploads\/2020\/07\/KoRE_cikk_2020July-1024x1024.jpg\" alt=\"\"a korasz\u00fcl\u00f6tt bab\u00e1knak oroszl\u00e1n mint\u00e1s pici csillagokat k\u00e9sz\u00edtett\u00fcnk. hiszen bab\u00e1csk\u00e1k annyira k\u00fczdenek az els\u0151 h\u00f3napokban \u00e9let\u00fck\u00e9rt, mint igazi kicsi oroszl\u00e1nok.\nanyuk\u00e1juk pedig anyaoroszl\u00e1nk\u00e9nt v\u00e9di, oltalmazza, seg\u00edti \u0151ket mostant\u00f3l \u00f6r\u00f6kre.>>\" loading=\"lazy\"><div class=\"vc_gitem-zone-mini\"><\/div><\/div><\/div><div class=\"vc_gitem-zone vc_gitem-zone-c vc_custom_1419240516480\"><div class=\"vc_gitem-zone-mini\"><div class=\"vc_gitem_row vc_row vc_gitem-row-position-top\"><div class=\"vc_col-sm-12 vc_gitem-col vc_gitem-col-align-\"><div class=\"vc_custom_heading vc_gitem-post-data vc_gitem-post-data-source-post_title\" ><h4 style=\"text-align: left\" >Picicsillagokkal t\u00e1mogattuk most is a Korasz\u00fcl\u00f6tt bab\u00e1kat<\/h4><\/div><div class=\"vc_custom_heading vc_gitem-post-data vc_gitem-post-data-source-post_excerpt\" ><p style=\"text-align: left\" ><p>&#8222;A Korasz\u00fcl\u00f6tt bab\u00e1knak Oroszl\u00e1n mint\u00e1s Pici Csillagokat k\u00e9sz\u00edtett\u00fcnk. Hiszen a korasz\u00fcl\u00f6tt bab\u00e1csk\u00e1k annyira k\u00fczdenek az els\u0151 h\u00f3napokban az \u00e9let\u00fck\u00e9rt, mint az igazi kicsi oroszl\u00e1nok.<br \/>\nAnyuk\u00e1juk pedig igazi anyaoroszl\u00e1nk\u00e9nt v\u00e9di, oltalmazza, seg\u00edti \u0151ket mostant\u00f3l \u00f6r\u00f6kre. >><\/p>\n<\/p><\/div><div class=\"vc_btn3-container vc_btn3-left\"><a class=\"vc_general vc_btn3 vc_btn3-size-md vc_btn3-shape-rounded vc_btn3-style-flat vc_btn3-color-juicy-pink\" a href=\"https:\/\/www.monello.hu\/en\/2020\/07\/13\/picicsillagokkal-tamogattuk-most-is-a-koraszulott-babakat\/\" title=\"Tov\u00e1bb olvasom\">Tov\u00e1bb olvasom<\/a><\/div><\/div><\/div><\/div><\/div><\/div><div class=\"vc_clearfix\"><\/div><\/div><div class=\"vc_grid-item vc_clearfix vc_col-sm-4 vc_grid-item-zone-c-bottom vc_grid-term-1\"><div class=\"vc_grid-item-mini vc_clearfix\"><div class=\"vc_gitem-animated-block\" ><div class=\"vc_gitem-zone vc_gitem-zone-a vc-gitem-zone-height-mode-auto vc-gitem-zone-height-mode-auto-1-1 vc_gitem-is-link\" style=\"background-image: url('https:\/\/www.monello.hu\/wp-content\/plugins\/js_composer\/assets\/vc\/vc_gitem_image.png') !important;\"><a href=\"https:\/\/www.monello.hu\/en\/2019\/12\/08\/rendelesi-szallitasi-hataridok-az-unnepek-alatt\/\" title=\"\u00dcnnepi Z\u00c1RVA tart\u00e1s\" class=\"vc_gitem-link vc-zone-link\" ><\/a><img decoding=\"async\" class=\"vc_gitem-zone-img\" src=\"https:\/\/www.monello.hu\/wp-content\/plugins\/js_composer\/assets\/vc\/vc_gitem_image.png\" alt=\"\" loading=\"lazy\"><div class=\"vc_gitem-zone-mini\"><\/div><\/div><\/div><div class=\"vc_gitem-zone vc_gitem-zone-c vc_custom_1419240516480\"><div class=\"vc_gitem-zone-mini\"><div class=\"vc_gitem_row vc_row vc_gitem-row-position-top\"><div class=\"vc_col-sm-12 vc_gitem-col vc_gitem-col-align-\"><div class=\"vc_custom_heading vc_gitem-post-data vc_gitem-post-data-source-post_title\" ><h4 style=\"text-align: left\" >\u00dcnnepi Z\u00c1RVA tart\u00e1s<\/h4><\/div><div class=\"vc_custom_heading vc_gitem-post-data vc_gitem-post-data-source-post_excerpt\" ><p style=\"text-align: left\" ><p>T\u00e9li Babameleg\u00edt\u0151 Kiscsillag \u00e9s Kisk\u00f6dm\u00f6n csillag rendel\u00e9st ind\u00e9n m\u00e1r nem tudunk kisz\u00e1ll\u00edtani, de janu\u00e1ri kisz\u00e1ll\u00edt\u00e1ssal -20% kedvezm\u00e9nnyel v\u00e1llaljuk, ha leadod a rendel\u00e9sed december 20-ig. R\u00e9szletek >><\/p>\n<\/p><\/div><div class=\"vc_btn3-container vc_btn3-left\"><a class=\"vc_general vc_btn3 vc_btn3-size-md vc_btn3-shape-rounded vc_btn3-style-flat vc_btn3-color-juicy-pink\" a href=\"https:\/\/www.monello.hu\/en\/2019\/12\/08\/rendelesi-szallitasi-hataridok-az-unnepek-alatt\/\" title=\"Tov\u00e1bb olvasom\">Tov\u00e1bb olvasom<\/a><\/div><\/div><\/div><\/div><\/div><\/div><div class=\"vc_clearfix\"><\/div><\/div><div class=\"vc_grid-item vc_clearfix vc_col-sm-4 vc_grid-item-zone-c-bottom vc_grid-term-1 vc_grid-term-163\"><div class=\"vc_grid-item-mini vc_clearfix\"><div class=\"vc_gitem-animated-block\" ><div class=\"vc_gitem-zone vc_gitem-zone-a vc-gitem-zone-height-mode-auto vc-gitem-zone-height-mode-auto-1-1 vc_gitem-is-link\" style=\"background-image: url('https:\/\/www.monello.hu\/wp-content\/uploads\/2019\/08\/Krisztina_Palik.png') !important;\"><a href=\"https:\/\/www.monello.hu\/en\/2019\/08\/08\/ti-es-a-monello-2019-augusztus-vasarloi-visszajelzesek\/\" title=\"Ti \u00e9s a Monello 2019. Augusztus, Szeptember \u2013 v\u00e1s\u00e1rl\u00f3i visszajelz\u00e9sek\" class=\"vc_gitem-link vc-zone-link\" ><\/a><img decoding=\"async\" class=\"vc_gitem-zone-img\" src=\"https:\/\/www.monello.hu\/wp-content\/uploads\/2019\/08\/Krisztina_Palik.png\" alt=\"\"m\u00e1r akkor tudtuk, hogy im\u00e1dni fogjuk a monellot amikor az els\u0151 kiscsillagot kipr\u00f3b\u00e1ltuk. nem kev\u00e9s feladatot ig\u00e9nyelt fel\u00f6lt\u00f6ztetni ikreimet mikor csak egy gyors babakocsi k\u00f6rre szerett\u00fcnk volna menni de kiscsillaggal pikk-pakk elk\u00e9sz\u00fclt\u00fcnk \u00e9s mehetett is pihe puha alv\u00e1s. \u0150k szil\u00e1gyi ikrek, dani liza korabab\u00e1k voltak korasz\u00fcl\u00f6tt oszt\u00e1lyr\u00f3l ismertem meg picinyke.hu-t \u00fagy babameleg\u00edt\u0151 picicsillagot. ez pont most 2 \u00e9ves k\u00e9p. 9 h\u00f3naposak, danin 74-es kiscsillag, liz\u00e1n m\u00e9g 68-as, volt kb 72 cm, pedig 65.\" r\u00e9ka, anyuk\u00e1ja\" loading =\"lazy\"><div class=\"vc_gitem-zone-mini\"><\/div><\/div><\/div><div class=\"vc_gitem-zone vc_gitem-zone-c vc_custom_1419240516480\"><div class=\"vc_gitem-zone-mini\"><div class=\"vc_gitem_row vc_row vc_gitem-row-position-top\"><div class=\"vc_col-sm-12 vc_gitem-col vc_gitem-col-align-\"><div class=\"vc_custom_heading vc_gitem-post-data vc_gitem-post-data-source-post_title\" ><h4 style=\"text-align: left\" >Ti \u00e9s a Monello 2019. Augusztus, Szeptember \u2013 v\u00e1s\u00e1rl\u00f3i visszajelz\u00e9sek<\/h4><\/div><div class=\"vc_custom_heading vc_gitem-post-data vc_gitem-post-data-source-post_excerpt\" ><p style=\"text-align: left\" ><p>&#8222;M\u00e1r akkor tudtuk, hogy im\u00e1dni fogjuk a Monellot amikor az els\u0151 kiscsillagot kipr\u00f3b\u00e1ltuk. Nem kev\u00e9s feladatot ig\u00e9nyelt fel\u00f6lt\u00f6ztetni ikreimet mikor csak egy gyors babakocsi k\u00f6rre szerett\u00fcnk volna menni de a kiscsillaggal pikk-pakk elk\u00e9sz\u00fclt\u00fcnk \u00e9s m\u00e1r mehetett is a pihe puha alv\u00e1s. \u0150k a Szil\u00e1gyi ikrek, Dani \u00e9s Liza \u00e9s korabab\u00e1k voltak a korasz\u00fcl\u00f6tt oszt\u00e1lyr\u00f3l ismertem meg a picinyke.hu-t \u00e9s \u00fagy a Babameleg\u00edt\u0151 Picicsillagot. Ez pont most 2 \u00e9ves k\u00e9p. 9 h\u00f3naposak, Danin 74-es kiscsillag, Liz\u00e1n m\u00e9g az els\u0151 68-as, akkor volt Dani kb 72 cm, Liza pedig 65.&#8221; R\u00e9ka, Liza \u00e9s Dani anyuk\u00e1ja<\/p>\n<\/p><\/div><div class=\"vc_btn3-container vc_btn3-left\"><a class=\"vc_general vc_btn3 vc_btn3-size-md vc_btn3-shape-rounded vc_btn3-style-flat vc_btn3-color-juicy-pink\" a href=\"https:\/\/www.monello.hu\/en\/2019\/08\/08\/ti-es-a-monello-2019-augusztus-vasarloi-visszajelzesek\/\" title=\"Tov\u00e1bb olvasom\">Tov\u00e1bb olvasom<\/a><\/div><\/div><\/div><\/div><\/div><\/div><div class=\"vc_clearfix\"><\/div><\/div><div class=\"vc_grid-item vc_clearfix vc_col-sm-4 vc_grid-item-zone-c-bottom vc_grid-term-218 vc_grid-term-1\"><div class=\"vc_grid-item-mini vc_clearfix\"><div class=\"vc_gitem-animated-block\" ><div class=\"vc_gitem-zone vc_gitem-zone-a vc-gitem-zone-height-mode-auto vc-gitem-zone-height-mode-auto-1-1 vc_gitem-is-link\" style=\"background-image: url('https:\/\/www.monello.hu\/wp-content\/uploads\/2019\/03\/EventCover3_-Monello_Mamik_Napja-1024x576.png') !important;\"><a href=\"https:\/\/www.monello.hu\/en\/2019\/03\/19\/monello-mamik-napja\/\" title=\"Monello Mamik Napja\" class=\"vc_gitem-link vc-zone-link\" ><\/a><img decoding=\"async\" class=\"vc_gitem-zone-img\" src=\"https:\/\/www.monello.hu\/wp-content\/uploads\/2019\/03\/EventCover3_-Monello_Mamik_Napja-1024x576.png\" alt=\"\u00c1prilis 4-\u00e9n 13.00 \u00f3r\u00e1t\u00f3l AKCI\u00d3S V\u00c1S\u00c1RL\u00c1S \u00e9s egy Fantasztikus aj\u00e1nd\u00e9kcsomag az els\u0151 100 v\u00e1s\u00e1rl\u00f3nknak. A Monello baby&more \u00e9ves naaagy prom\u00f3ci\u00f3ja. Ilyen m\u00e9g nem volt! Tarts vel\u00fcnk Te is!\" loading=\"lazy\"><div class=\"vc_gitem-zone-mini\"><\/div><\/div><\/div><div class=\"vc_gitem-zone vc_gitem-zone-c vc_custom_1419240516480\"><div class=\"vc_gitem-zone-mini\"><div class=\"vc_gitem_row vc_row vc_gitem-row-position-top\"><div class=\"vc_col-sm-12 vc_gitem-col vc_gitem-col-align-\"><div class=\"vc_custom_heading vc_gitem-post-data vc_gitem-post-data-source-post_title\" ><h4 style=\"text-align: left\" >Monello Mamik Napja<\/h4><\/div><div class=\"vc_custom_heading vc_gitem-post-data vc_gitem-post-data-source-post_excerpt\" ><p style=\"text-align: left\" ><p>\u00c1prilis 4-\u00e9n 13.00 \u00f3r\u00e1t\u00f3l AKCI\u00d3S V\u00c1S\u00c1RL\u00c1S \u00e9s egy Fantasztikus aj\u00e1nd\u00e9kcsomag az els\u0151 100 v\u00e1s\u00e1rl\u00f3nknak. A Monello baby&#038;more \u00e9ves naaagy prom\u00f3ci\u00f3ja. Ilyen m\u00e9g nem volt! Tarts vel\u00fcnk Te is!<\/p>\n<\/p><\/div><div class=\"vc_btn3-container vc_btn3-left\"><a class=\"vc_general vc_btn3 vc_btn3-size-md vc_btn3-shape-rounded vc_btn3-style-flat vc_btn3-color-juicy-pink\" a href=\"https:\/\/www.monello.hu\/en\/2019\/03\/19\/monello-mamik-napja\/\" title=\"Tov\u00e1bb olvasom\">Tov\u00e1bb olvasom<\/a><\/div><\/div><\/div><\/div><\/div><\/div><div class=\"vc_clearfix\"><\/div><\/div><div class=\"vc_grid-item vc_clearfix vc_col-sm-4 vc_grid-item-zone-c-bottom vc_grid-term-25\"><div class=\"vc_grid-item-mini vc_clearfix\"><div class=\"vc_gitem-animated-block\" ><div class=\"vc_gitem-zone vc_gitem-zone-a vc-gitem-zone-height-mode-auto vc-gitem-zone-height-mode-auto-1-1 vc_gitem-is-link\" style=\"background-image: url('https:\/\/www.monello.hu\/wp-content\/uploads\/2018\/12\/Advent1.png') !important;\"><a href=\"https:\/\/www.monello.hu\/en\/2018\/12\/01\/adventi-kalendarium\/\" title=\"Monello Adventi Kalend\u00e1rium\" class=\"vc_gitem-link vc-zone-link\" ><\/a><img decoding=\"async\" class=\"vc_gitem-zone-img\" src=\"https:\/\/www.monello.hu\/wp-content\/uploads\/2018\/12\/Advent1.png\" alt=\"Monello Adventi Kalend\u00e1rium\" loading=\"lazy\"><div class=\"vc_gitem-zone-mini\"><\/div><\/div><\/div><div class=\"vc_gitem-zone vc_gitem-zone-c vc_custom_1419240516480\"><div class=\"vc_gitem-zone-mini\"><div class=\"vc_gitem_row vc_row vc_gitem-row-position-top\"><div class=\"vc_col-sm-12 vc_gitem-col vc_gitem-col-align-\"><div class=\"vc_custom_heading vc_gitem-post-data vc_gitem-post-data-source-post_title\" ><h4 style=\"text-align: left\" >Monello Adventi Kalend\u00e1rium<\/h4><\/div><div class=\"vc_custom_heading vc_gitem-post-data vc_gitem-post-data-source-post_excerpt\" ><p style=\"text-align: left\" ><p>Minden nap Kar\u00e1csonyig egy \u00fajabb csoda lehet, ha azz\u00e1 teszitek. Csak rajtatok m\u00falik, mi a hangulatot megadjuk hozz\u00e1!<\/p>\n<\/p><\/div><div class=\"vc_btn3-container vc_btn3-left\"><a class=\"vc_general vc_btn3 vc_btn3-size-md vc_btn3-shape-rounded vc_btn3-style-flat vc_btn3-color-juicy-pink\" a href=\"https:\/\/www.monello.hu\/en\/2018\/12\/01\/adventi-kalendarium\/\" title=\"Tov\u00e1bb olvasom\">Tov\u00e1bb olvasom<\/a><\/div><\/div><\/div><\/div><\/div><\/div><div class=\"vc_clearfix\"><\/div><\/div><\/div><div data-lazy-loading-btn=\"true\" style=\"display: none;\"><a href=\"https:\/\/www.monello.hu\/en\/blog\/\"><\/a><\/div><\/div>\n\t<\/div>\n<\/div><\/div><\/div><\/div><\/div>\n<\/div>","protected":false},"excerpt":{"rendered":"AllAbu Mami BlogAdni j\u00f3Akci\u00f3Monello H\u00edrekTi \u00e9s a MonelloTippekAll&nbsp;&nbsp;&nbsp;&nbsp;&nbsp;&nbsp;&nbsp;&nbsp;&nbsp;&nbsp;Abu Mami Blog&nbsp;&nbsp;&nbsp;&nbsp;&nbsp;&nbsp;&nbsp;&nbsp;&nbsp;&nbsp;Adni j\u00f3&nbsp;&nbsp;&nbsp;&nbsp;&nbsp;&nbsp;&nbsp;&nbsp;&nbsp;&nbsp;Akci\u00f3&nbsp;&nbsp;&nbsp;&nbsp;&nbsp;&nbsp;&nbsp;&nbsp;&nbsp;&nbsp;Monello H\u00edrek&nbsp;&nbsp;&nbsp;&nbsp;&nbsp;&nbsp;&nbsp;&nbsp;&nbsp;&nbsp;Ti \u00e9s a Monello&nbsp;&nbsp;&nbsp;&nbsp;&nbsp;&nbsp;&nbsp;&nbsp;&nbsp;&nbsp;Tippek&nbsp;&nbsp;&nbsp;&nbsp;&nbsp;&nbsp;&nbsp;&nbsp;&nbsp;&nbsp; A Softshell Kiscsillagok tiszt\u00edt\u00e1si \u00fatmutat\u00f3jaA Monello Softshell Kiscsillagok tiszt\u00edt\u00e1sa nem a hagyom\u00e1nyos mos\u00e1si &#8211; sz\u00e1r\u00edt\u00e1si m\u00f3don t\u00f6rt\u00e9nik, fontos ennek figyelembe v\u00e9tele a Monello Softshell Kiscsillagok min\u0151s\u00e9g\u00e9nek , v\u00edz \u00e9s sz\u00e9l\u00e1ll\u00f3s\u00e1g\u00e1nak, l\u00e9g\u00e1tereszt\u0151 k\u00e9pess\u00e9g\u00e9nek megtart\u00e1sa miatt >> Tov\u00e1bb olvasom>\" loading=\"lazy\">Picicsillagokkal t\u00e1mogattuk most [...]","protected":false},"author":33,"featured_media":0,"parent":0,"menu_order":0,"comment_status":"closed","ping_status":"closed","template":"","meta":{"footnotes":""},"class_list":["post-2033","page","type-page","status-publish","hentry"],"yoast_head":"<!-- This site is optimized with the Yoast SEO plugin v27.3 - https:\/\/yoast.com\/product\/yoast-seo-wordpress\/ -->\n<title>Blog - Monello baby&amp;more<\/title>\n<meta name=\"robots\" content=\"index, follow, max-snippet:-1, max-image-preview:large, max-video-preview:-1\" \/>\n<link rel=\"canonical\" href=\"https:\/\/www.monello.hu\/en\/blog\/\" \/>\n<meta property=\"og:locale\" content=\"en_GB\" \/>\n<meta property=\"og:type\" content=\"article\" \/>\n<meta property=\"og:title\" content=\"Blog - Monello baby&amp;more\" \/>\n<meta property=\"og:url\" content=\"https:\/\/www.monello.hu\/en\/blog\/\" \/>\n<meta property=\"og:site_name\" content=\"Monello baby&amp;more\" \/>\n<meta property=\"article:publisher\" content=\"https:\/\/www.facebook.com\/monellobabyandmore\/\" \/>\n<meta property=\"article:modified_time\" content=\"2018-08-27T21:50:29+00:00\" \/>\n<meta property=\"og:image\" content=\"https:\/\/www.monello.hu\/wp-content\/uploads\/2025\/11\/MONDELLO_LOGO_NEW_LOGO_HORIZONT_black.png\" \/>\n\t<meta property=\"og:image:width\" content=\"1722\" \/>\n\t<meta property=\"og:image:height\" content=\"600\" \/>\n\t<meta property=\"og:image:type\" content=\"image\/png\" \/>\n<meta name=\"twitter:card\" content=\"summary_large_image\" \/>\n<script type=\"application\/ld+json\" class=\"yoast-schema-graph\">{\"@context\":\"https:\\\/\\\/schema.org\",\"@graph\":[{\"@type\":\"WebPage\",\"@id\":\"https:\\\/\\\/www.monello.hu\\\/blog\\\/\",\"url\":\"https:\\\/\\\/www.monello.hu\\\/blog\\\/\",\"name\":\"Blog - Monello baby&amp;more\",\"isPartOf\":{\"@id\":\"https:\\\/\\\/www.monello.hu\\\/#website\"},\"datePublished\":\"2018-06-10T17:08:20+00:00\",\"dateModified\":\"2018-08-27T21:50:29+00:00\",\"breadcrumb\":{\"@id\":\"https:\\\/\\\/www.monello.hu\\\/blog\\\/#breadcrumb\"},\"inLanguage\":\"en-GB\",\"potentialAction\":[{\"@type\":\"ReadAction\",\"target\":[\"https:\\\/\\\/www.monello.hu\\\/blog\\\/\"]}]},{\"@type\":\"BreadcrumbList\",\"@id\":\"https:\\\/\\\/www.monello.hu\\\/blog\\\/#breadcrumb\",\"itemListElement\":[{\"@type\":\"ListItem\",\"position\":1,\"name\":\"Home\",\"item\":\"https:\\\/\\\/www.monello.hu\\\/\"},{\"@type\":\"ListItem\",\"position\":2,\"name\":\"Blog\"}]},{\"@type\":\"WebSite\",\"@id\":\"https:\\\/\\\/www.monello.hu\\\/#website\",\"url\":\"https:\\\/\\\/www.monello.hu\\\/\",\"name\":\"Monello baby&more\",\"description\":\"\",\"publisher\":{\"@id\":\"https:\\\/\\\/www.monello.hu\\\/#organization\"},\"potentialAction\":[{\"@type\":\"SearchAction\",\"target\":{\"@type\":\"EntryPoint\",\"urlTemplate\":\"https:\\\/\\\/www.monello.hu\\\/?s={search_term_string}\"},\"query-input\":{\"@type\":\"PropertyValueSpecification\",\"valueRequired\":true,\"valueName\":\"search_term_string\"}}],\"inLanguage\":\"en-GB\"},{\"@type\":\"Organization\",\"@id\":\"https:\\\/\\\/www.monello.hu\\\/#organization\",\"name\":\"Monello baby&more\",\"url\":\"https:\\\/\\\/www.monello.hu\\\/\",\"logo\":{\"@type\":\"ImageObject\",\"inLanguage\":\"en-GB\",\"@id\":\"https:\\\/\\\/www.monello.hu\\\/#\\\/schema\\\/logo\\\/image\\\/\",\"url\":\"https:\\\/\\\/www.monello.hu\\\/wp-content\\\/uploads\\\/2025\\\/11\\\/MONDELLO_LOGO_NEW_LOGO_HORIZONT_black.png\",\"contentUrl\":\"https:\\\/\\\/www.monello.hu\\\/wp-content\\\/uploads\\\/2025\\\/11\\\/MONDELLO_LOGO_NEW_LOGO_HORIZONT_black.png\",\"width\":1722,\"height\":600,\"caption\":\"Monello baby&more\"},\"image\":{\"@id\":\"https:\\\/\\\/www.monello.hu\\\/#\\\/schema\\\/logo\\\/image\\\/\"},\"sameAs\":[\"https:\\\/\\\/www.facebook.com\\\/monellobabyandmore\\\/\",\"https:\\\/\\\/www.instagram.com\\\/monello_moms\\\/\",\"https:\\\/\\\/www.tiktok.com\\\/@monellobabyandmore\"]}]}<\/script>\n<!-- \/ Yoast SEO plugin. -->","yoast_head_json":{"title":"Blog - Monello baby&amp;more","robots":{"index":"index","follow":"follow","max-snippet":"max-snippet:-1","max-image-preview":"max-image-preview:large","max-video-preview":"max-video-preview:-1"},"canonical":"https:\/\/www.monello.hu\/en\/blog\/","og_locale":"en_GB","og_type":"article","og_title":"Blog - Monello baby&amp;more","og_url":"https:\/\/www.monello.hu\/en\/blog\/","og_site_name":"Monello baby&amp;more","article_publisher":"https:\/\/www.facebook.com\/monellobabyandmore\/","article_modified_time":"2018-08-27T21:50:29+00:00","og_image":[{"width":1722,"height":600,"url":"https:\/\/www.monello.hu\/wp-content\/uploads\/2025\/11\/MONDELLO_LOGO_NEW_LOGO_HORIZONT_black.png","type":"image\/png"}],"twitter_card":"summary_large_image","schema":{"@context":"https:\/\/schema.org","@graph":[{"@type":"WebPage","@id":"https:\/\/www.monello.hu\/blog\/","url":"https:\/\/www.monello.hu\/blog\/","name":"Blog - Monello baby&amp;more","isPartOf":{"@id":"https:\/\/www.monello.hu\/#website"},"datePublished":"2018-06-10T17:08:20+00:00","dateModified":"2018-08-27T21:50:29+00:00","breadcrumb":{"@id":"https:\/\/www.monello.hu\/blog\/#breadcrumb"},"inLanguage":"en-GB","potentialAction":[{"@type":"ReadAction","target":["https:\/\/www.monello.hu\/blog\/"]}]},{"@type":"BreadcrumbList","@id":"https:\/\/www.monello.hu\/blog\/#breadcrumb","itemListElement":[{"@type":"ListItem","position":1,"name":"Home","item":"https:\/\/www.monello.hu\/"},{"@type":"ListItem","position":2,"name":"Blog"}]},{"@type":"WebSite","@id":"https:\/\/www.monello.hu\/#website","url":"https:\/\/www.monello.hu\/","name":"Monello baby&more","description":"","publisher":{"@id":"https:\/\/www.monello.hu\/#organization"},"potentialAction":[{"@type":"SearchAction","target":{"@type":"EntryPoint","urlTemplate":"https:\/\/www.monello.hu\/?s={search_term_string}"},"query-input":{"@type":"PropertyValueSpecification","valueRequired":true,"valueName":"search_term_string"}}],"inLanguage":"en-GB"},{"@type":"Organization","@id":"https:\/\/www.monello.hu\/#organization","name":"Monello baby&more","url":"https:\/\/www.monello.hu\/","logo":{"@type":"ImageObject","inLanguage":"en-GB","@id":"https:\/\/www.monello.hu\/#\/schema\/logo\/image\/","url":"https:\/\/www.monello.hu\/wp-content\/uploads\/2025\/11\/MONDELLO_LOGO_NEW_LOGO_HORIZONT_black.png","contentUrl":"https:\/\/www.monello.hu\/wp-content\/uploads\/2025\/11\/MONDELLO_LOGO_NEW_LOGO_HORIZONT_black.png","width":1722,"height":600,"caption":"Monello baby&more"},"image":{"@id":"https:\/\/www.monello.hu\/#\/schema\/logo\/image\/"},"sameAs":["https:\/\/www.facebook.com\/monellobabyandmore\/","https:\/\/www.instagram.com\/monello_moms\/","https:\/\/www.tiktok.com\/@monellobabyandmore"]}]}},"_links":{"self":[{"href":"https:\/\/www.monello.hu\/en\/wp-json\/wp\/v2\/pages\/2033","targetHints":{"allow":["GET"]}}],"collection":[{"href":"https:\/\/www.monello.hu\/en\/wp-json\/wp\/v2\/pages"}],"about":[{"href":"https:\/\/www.monello.hu\/en\/wp-json\/wp\/v2\/types\/page"}],"author":[{"embeddable":true,"href":"https:\/\/www.monello.hu\/en\/wp-json\/wp\/v2\/users\/33"}],"replies":[{"embeddable":true,"href":"https:\/\/www.monello.hu\/en\/wp-json\/wp\/v2\/comments?post=2033"}],"version-history":[{"count":7,"href":"https:\/\/www.monello.hu\/en\/wp-json\/wp\/v2\/pages\/2033\/revisions"}],"predecessor-version":[{"id":2224,"href":"https:\/\/www.monello.hu\/en\/wp-json\/wp\/v2\/pages\/2033\/revisions\/2224"}],"wp:attachment":[{"href":"https:\/\/www.monello.hu\/en\/wp-json\/wp\/v2\/media?parent=2033"}],"curies":[{"name":"wp","href":"https:\/\/api.w.org\/{rel}","templated":true}]}}