{"id":1395,"date":"2018-06-03T18:59:45","date_gmt":"2018-06-03T18:59:45","guid":{"rendered":"https:\/\/monello.hu\/?page_id=1395"},"modified":"2018-06-26T06:29:26","modified_gmt":"2018-06-26T06:29:26","slug":"kivansaglistam","status":"publish","type":"page","link":"https:\/\/www.monello.hu\/en\/kivansaglistam\/","title":{"rendered":"Wish list"},"content":{"rendered":"<div class=\"wpb-content-wrapper\"><div class=\"vc_row wpb_row vc_row-fluid\"><div class=\"wpb_column vc_column_container vc_col-sm-12\"><div class=\"vc_column-inner\"><div class=\"wpb_wrapper\">\n\t<div class=\"wpb_text_column wpb_content_element\" >\n\t\t<div class=\"wpb_wrapper\">\n\t\t\t<div class=\"tinv-wishlist woocommerce tinv-wishlist-clear\">\r\n\t<div class=\"tinv-header\">\r\n\t<h2>Az \u00c9N k\u00edv\u00e1ns\u00e1glist\u00e1m<\/h2>\r\n\t<\/div>\r\n\t\t<p class=\"cart-empty woocommerce-info\">\r\n\t\t\t\t\tYour Wishlist is currently empty.\t\t\t<\/p>\r\n\r\n\t\r\n\t<p class=\"return-to-shop\">\r\n\t\t<a class=\"button wc-backward\"\r\n\t\t   href=\"https:\/\/www.monello.hu\/en\/shop\/\">Return To Shop<\/a>\r\n\t<\/p>\r\n<\/div>\r\n\n\n\t\t<\/div>\n\t<\/div>\n<\/div><\/div><\/div><\/div>\n<\/div>","protected":false},"excerpt":{"rendered":"Az \u00c9N k\u00edv\u00e1ns\u00e1glist\u00e1m Your Wishlist is currently empty. Return To Shop","protected":false},"author":33,"featured_media":0,"parent":0,"menu_order":0,"comment_status":"closed","ping_status":"closed","template":"page-boxed.php","meta":{"footnotes":""},"class_list":["post-1395","page","type-page","status-publish","hentry"],"yoast_head":"<!-- This site is optimized with the Yoast SEO plugin v27.3 - https:\/\/yoast.com\/product\/yoast-seo-wordpress\/ -->\n<title>K\u00edv\u00e1ns\u00e1glist\u00e1m - Monello baby&amp;more<\/title>\n<meta name=\"robots\" content=\"index, follow, max-snippet:-1, max-image-preview:large, max-video-preview:-1\" \/>\n<link rel=\"canonical\" href=\"https:\/\/www.monello.hu\/en\/kivansaglistam\/\" \/>\n<meta property=\"og:locale\" content=\"en_GB\" \/>\n<meta property=\"og:type\" content=\"article\" \/>\n<meta property=\"og:title\" content=\"K\u00edv\u00e1ns\u00e1glist\u00e1m - Monello baby&amp;more\" \/>\n<meta property=\"og:url\" content=\"https:\/\/www.monello.hu\/en\/kivansaglistam\/\" \/>\n<meta property=\"og:site_name\" content=\"Monello baby&amp;more\" \/>\n<meta property=\"article:publisher\" content=\"https:\/\/www.facebook.com\/monellobabyandmore\/\" \/>\n<meta property=\"article:modified_time\" content=\"2018-06-26T06:29:26+00:00\" \/>\n<meta property=\"og:image\" content=\"https:\/\/www.monello.hu\/wp-content\/uploads\/2025\/11\/MONDELLO_LOGO_NEW_LOGO_HORIZONT_black.png\" \/>\n\t<meta property=\"og:image:width\" content=\"1722\" \/>\n\t<meta property=\"og:image:height\" content=\"600\" \/>\n\t<meta property=\"og:image:type\" content=\"image\/png\" \/>\n<meta name=\"twitter:card\" content=\"summary_large_image\" \/>\n<script type=\"application\/ld+json\" class=\"yoast-schema-graph\">{\"@context\":\"https:\\\/\\\/schema.org\",\"@graph\":[{\"@type\":\"WebPage\",\"@id\":\"https:\\\/\\\/www.monello.hu\\\/kivansaglistam\\\/\",\"url\":\"https:\\\/\\\/www.monello.hu\\\/kivansaglistam\\\/\",\"name\":\"K\u00edv\u00e1ns\u00e1glist\u00e1m - Monello baby&amp;more\",\"isPartOf\":{\"@id\":\"https:\\\/\\\/www.monello.hu\\\/#website\"},\"datePublished\":\"2018-06-03T18:59:45+00:00\",\"dateModified\":\"2018-06-26T06:29:26+00:00\",\"breadcrumb\":{\"@id\":\"https:\\\/\\\/www.monello.hu\\\/kivansaglistam\\\/#breadcrumb\"},\"inLanguage\":\"en-GB\",\"potentialAction\":[{\"@type\":\"ReadAction\",\"target\":[\"https:\\\/\\\/www.monello.hu\\\/kivansaglistam\\\/\"]}]},{\"@type\":\"BreadcrumbList\",\"@id\":\"https:\\\/\\\/www.monello.hu\\\/kivansaglistam\\\/#breadcrumb\",\"itemListElement\":[{\"@type\":\"ListItem\",\"position\":1,\"name\":\"Home\",\"item\":\"https:\\\/\\\/www.monello.hu\\\/\"},{\"@type\":\"ListItem\",\"position\":2,\"name\":\"K\u00edv\u00e1ns\u00e1glist\u00e1m\"}]},{\"@type\":\"WebSite\",\"@id\":\"https:\\\/\\\/www.monello.hu\\\/#website\",\"url\":\"https:\\\/\\\/www.monello.hu\\\/\",\"name\":\"Monello baby&more\",\"description\":\"\",\"publisher\":{\"@id\":\"https:\\\/\\\/www.monello.hu\\\/#organization\"},\"potentialAction\":[{\"@type\":\"SearchAction\",\"target\":{\"@type\":\"EntryPoint\",\"urlTemplate\":\"https:\\\/\\\/www.monello.hu\\\/?s={search_term_string}\"},\"query-input\":{\"@type\":\"PropertyValueSpecification\",\"valueRequired\":true,\"valueName\":\"search_term_string\"}}],\"inLanguage\":\"en-GB\"},{\"@type\":\"Organization\",\"@id\":\"https:\\\/\\\/www.monello.hu\\\/#organization\",\"name\":\"Monello baby&more\",\"url\":\"https:\\\/\\\/www.monello.hu\\\/\",\"logo\":{\"@type\":\"ImageObject\",\"inLanguage\":\"en-GB\",\"@id\":\"https:\\\/\\\/www.monello.hu\\\/#\\\/schema\\\/logo\\\/image\\\/\",\"url\":\"https:\\\/\\\/www.monello.hu\\\/wp-content\\\/uploads\\\/2025\\\/11\\\/MONDELLO_LOGO_NEW_LOGO_HORIZONT_black.png\",\"contentUrl\":\"https:\\\/\\\/www.monello.hu\\\/wp-content\\\/uploads\\\/2025\\\/11\\\/MONDELLO_LOGO_NEW_LOGO_HORIZONT_black.png\",\"width\":1722,\"height\":600,\"caption\":\"Monello baby&more\"},\"image\":{\"@id\":\"https:\\\/\\\/www.monello.hu\\\/#\\\/schema\\\/logo\\\/image\\\/\"},\"sameAs\":[\"https:\\\/\\\/www.facebook.com\\\/monellobabyandmore\\\/\",\"https:\\\/\\\/www.instagram.com\\\/monello_moms\\\/\",\"https:\\\/\\\/www.tiktok.com\\\/@monellobabyandmore\"]}]}<\/script>\n<!-- \/ Yoast SEO plugin. -->","yoast_head_json":{"title":"K\u00edv\u00e1ns\u00e1glist\u00e1m - Monello baby&amp;more","robots":{"index":"index","follow":"follow","max-snippet":"max-snippet:-1","max-image-preview":"max-image-preview:large","max-video-preview":"max-video-preview:-1"},"canonical":"https:\/\/www.monello.hu\/en\/kivansaglistam\/","og_locale":"en_GB","og_type":"article","og_title":"K\u00edv\u00e1ns\u00e1glist\u00e1m - Monello baby&amp;more","og_url":"https:\/\/www.monello.hu\/en\/kivansaglistam\/","og_site_name":"Monello baby&amp;more","article_publisher":"https:\/\/www.facebook.com\/monellobabyandmore\/","article_modified_time":"2018-06-26T06:29:26+00:00","og_image":[{"width":1722,"height":600,"url":"https:\/\/www.monello.hu\/wp-content\/uploads\/2025\/11\/MONDELLO_LOGO_NEW_LOGO_HORIZONT_black.png","type":"image\/png"}],"twitter_card":"summary_large_image","schema":{"@context":"https:\/\/schema.org","@graph":[{"@type":"WebPage","@id":"https:\/\/www.monello.hu\/kivansaglistam\/","url":"https:\/\/www.monello.hu\/kivansaglistam\/","name":"K\u00edv\u00e1ns\u00e1glist\u00e1m - Monello baby&amp;more","isPartOf":{"@id":"https:\/\/www.monello.hu\/#website"},"datePublished":"2018-06-03T18:59:45+00:00","dateModified":"2018-06-26T06:29:26+00:00","breadcrumb":{"@id":"https:\/\/www.monello.hu\/kivansaglistam\/#breadcrumb"},"inLanguage":"en-GB","potentialAction":[{"@type":"ReadAction","target":["https:\/\/www.monello.hu\/kivansaglistam\/"]}]},{"@type":"BreadcrumbList","@id":"https:\/\/www.monello.hu\/kivansaglistam\/#breadcrumb","itemListElement":[{"@type":"ListItem","position":1,"name":"Home","item":"https:\/\/www.monello.hu\/"},{"@type":"ListItem","position":2,"name":"K\u00edv\u00e1ns\u00e1glist\u00e1m"}]},{"@type":"WebSite","@id":"https:\/\/www.monello.hu\/#website","url":"https:\/\/www.monello.hu\/","name":"Monello baby&more","description":"","publisher":{"@id":"https:\/\/www.monello.hu\/#organization"},"potentialAction":[{"@type":"SearchAction","target":{"@type":"EntryPoint","urlTemplate":"https:\/\/www.monello.hu\/?s={search_term_string}"},"query-input":{"@type":"PropertyValueSpecification","valueRequired":true,"valueName":"search_term_string"}}],"inLanguage":"en-GB"},{"@type":"Organization","@id":"https:\/\/www.monello.hu\/#organization","name":"Monello baby&more","url":"https:\/\/www.monello.hu\/","logo":{"@type":"ImageObject","inLanguage":"en-GB","@id":"https:\/\/www.monello.hu\/#\/schema\/logo\/image\/","url":"https:\/\/www.monello.hu\/wp-content\/uploads\/2025\/11\/MONDELLO_LOGO_NEW_LOGO_HORIZONT_black.png","contentUrl":"https:\/\/www.monello.hu\/wp-content\/uploads\/2025\/11\/MONDELLO_LOGO_NEW_LOGO_HORIZONT_black.png","width":1722,"height":600,"caption":"Monello baby&more"},"image":{"@id":"https:\/\/www.monello.hu\/#\/schema\/logo\/image\/"},"sameAs":["https:\/\/www.facebook.com\/monellobabyandmore\/","https:\/\/www.instagram.com\/monello_moms\/","https:\/\/www.tiktok.com\/@monellobabyandmore"]}]}},"_links":{"self":[{"href":"https:\/\/www.monello.hu\/en\/wp-json\/wp\/v2\/pages\/1395","targetHints":{"allow":["GET"]}}],"collection":[{"href":"https:\/\/www.monello.hu\/en\/wp-json\/wp\/v2\/pages"}],"about":[{"href":"https:\/\/www.monello.hu\/en\/wp-json\/wp\/v2\/types\/page"}],"author":[{"embeddable":true,"href":"https:\/\/www.monello.hu\/en\/wp-json\/wp\/v2\/users\/33"}],"replies":[{"embeddable":true,"href":"https:\/\/www.monello.hu\/en\/wp-json\/wp\/v2\/comments?post=1395"}],"version-history":[{"count":9,"href":"https:\/\/www.monello.hu\/en\/wp-json\/wp\/v2\/pages\/1395\/revisions"}],"predecessor-version":[{"id":2344,"href":"https:\/\/www.monello.hu\/en\/wp-json\/wp\/v2\/pages\/1395\/revisions\/2344"}],"wp:attachment":[{"href":"https:\/\/www.monello.hu\/en\/wp-json\/wp\/v2\/media?parent=1395"}],"curies":[{"name":"wp","href":"https:\/\/api.w.org\/{rel}","templated":true}]}}